{"id":8700,"date":"2024-08-04T09:08:46","date_gmt":"2024-08-04T07:08:46","guid":{"rendered":"https:\/\/antykilion.pl\/?post_type=product&#038;p=8700"},"modified":"2026-03-14T13:14:30","modified_gmt":"2026-03-14T12:14:30","slug":"serwantka-w-stylu-biedermeier-okolo-1810-30r-bardzo-wysokiej-klasy-obledna-2","status":"publish","type":"product","link":"https:\/\/antykilion.pl\/de\/product\/serwantka-w-stylu-biedermeier-okolo-1810-30r-bardzo-wysokiej-klasy-obledna-2\/","title":{"rendered":"Serwantka w stylu Biedermeier oko\u0142o 1810\/30r, bardzo wysokiej klasy ob\u0142\u0119dna !!!"},"content":{"rendered":"","protected":false},"excerpt":{"rendered":"<p>Szeroki wyb\u00f3r ekskluzywnych mebli i przedmiot\u00f3w w bardzo atrakcyjnych cenach<\/p>\n<p>Serwantka w stylu Biedermeier oko\u0142o 1810\/30r, bardzo wysokiej klasy ob\u0142\u0119dna !!!<\/p>\n<p>o prostych bokach i froncie, przeszklona, jednoskrzyd\u0142owa, z szuflad\u0105 u do\u0142u oraz niewielk\u0105 szufladk\u0105 w daszku. Front zwie\u0144czony tr\u00f3jk\u0105tnym tympanonem, uj\u0119ty na bokach toczonymi kolumnami zako\u0144czonymi kapitelami korynckimi i wspartymi na graniastych wspornikach flankuj\u0105cych bogato profilowane lico dolnej szuflady. Daszek rozbudowany, z wkl\u0119s\u0142\u0105 schodkow\u0105 konch\u0105 po\u015brodku (lico szuflady), uj\u0119t\u0105 \u015bciankami i profilowanymi kasetonami na bokach. We wn\u0119trzu dwie p\u00f3\u0142ki;<\/p>\n<p>Masywna serwantka o bogatym i dekoracyjnym rozcz\u0142onkowaniu frontu, elegancka, na\u00a0 bardzo wysokim poziomie wykonawczym, muzealny eksponat.<\/p>\n<p>Stan: bardzo dobry, \u015blady u\u017cytkowania, drobne stare naprawy przy brzegach forniru, ale to normalne i co najwa\u017cniejsze stan orginalny !!!<\/p>\n<p>Materia\u0142: maho\u0144, intarsje drzewo owocowe<\/p>\n<p>Wymiary: wysoko\u015b\u0107 173 cm, d\u0142ugo\u015b\u0107 120 cm, szeroko\u015b\u0107 53 cm bardzo du\u017ca<\/p>","protected":false},"featured_media":8781,"comment_status":"closed","ping_status":"closed","template":"","meta":[],"product_cat":[17,37],"product_tag":[],"class_list":{"0":"post-8700","1":"product","2":"type-product","3":"status-publish","4":"has-post-thumbnail","6":"product_cat-meble","7":"product_cat-witryny-serwantki","9":"entry","10":"has-media","12":"first","13":"instock","14":"taxable","15":"shipping-taxable","16":"purchasable","17":"product-type-simple","18":"has-product-nav","19":"col","20":"span_1_of_3","21":"owp-content-center","22":"owp-thumbs-layout-horizontal","23":"owp-btn-normal","24":"owp-tabs-layout-horizontal"},"aioseo_notices":[],"_links":{"self":[{"href":"https:\/\/antykilion.pl\/de\/wp-json\/wp\/v2\/product\/8700","targetHints":{"allow":["GET"]}}],"collection":[{"href":"https:\/\/antykilion.pl\/de\/wp-json\/wp\/v2\/product"}],"about":[{"href":"https:\/\/antykilion.pl\/de\/wp-json\/wp\/v2\/types\/product"}],"replies":[{"embeddable":true,"href":"https:\/\/antykilion.pl\/de\/wp-json\/wp\/v2\/comments?post=8700"}],"wp:featuredmedia":[{"embeddable":true,"href":"https:\/\/antykilion.pl\/de\/wp-json\/wp\/v2\/media\/8781"}],"wp:attachment":[{"href":"https:\/\/antykilion.pl\/de\/wp-json\/wp\/v2\/media?parent=8700"}],"wp:term":[{"taxonomy":"product_cat","embeddable":true,"href":"https:\/\/antykilion.pl\/de\/wp-json\/wp\/v2\/product_cat?post=8700"},{"taxonomy":"product_tag","embeddable":true,"href":"https:\/\/antykilion.pl\/de\/wp-json\/wp\/v2\/product_tag?post=8700"}],"curies":[{"name":"wp","href":"https:\/\/api.w.org\/{rel}","templated":true}]}}