{"id":8730,"date":"2024-08-04T12:21:39","date_gmt":"2024-08-04T10:21:39","guid":{"rendered":"https:\/\/antykilion.pl\/?post_type=product&#038;p=8730"},"modified":"2026-03-14T13:11:40","modified_gmt":"2026-03-14T12:11:40","slug":"sekretera-biedermeier-na-kolumnach-xix-w-okolo-1830-r-obledna","status":"publish","type":"product","link":"https:\/\/antykilion.pl\/de\/product\/sekretera-biedermeier-na-kolumnach-xix-w-okolo-1830-r-obledna\/","title":{"rendered":"Sekretera Biedermeier na kolumnach XIX w oko\u0142o 1830 r ob\u0142\u0119dna !"},"content":{"rendered":"","protected":false},"excerpt":{"rendered":"<p>Sekretera Biedermeier na kolumnach XIX w oko\u0142o 1830 r ob\u0142\u0119dna !<\/p>\n<p>sekretera o prostych bokach i froncie, z odk\u0142adan\u0105 klap\u0105, szuflad\u0105 nad ni\u0105, u do\u0142u trzema szufladami, uj\u0119ta na bokach toczonymi kolumnami, zwie\u0144czona schodkowym gzymsem z tympanonem, wsparta na graniastych nogach. Wn\u0119trze z wieloma szufladkami (u g\u00f3ry i u do\u0142u wyd\u0142u\u017cone, u\u0142o\u017conymi wok\u00f3\u0142 szafki zamykanej jednoskrzyd\u0142owo. Fornirowana oklein\u0105 z mahoniu, a we wn\u0119trzu z czeczoty brzozowej, z polami geometrycznymi uj\u0119tymi bogat\u0105 intarsj\u0105 w formie kokard.<\/p>\n<p>Stan: bardzo dobry wr\u0119cz idealny na stan orginalny !!! oczywi\u015bcie widoczne \u015blady u\u017cytkowania co jest normalne gdzie nie gdzie na kraw\u0119dziach wida\u0107 stare poprawki. Pi\u0119kny rasowy mebel !!!<\/p>\n<p>Herkunft: Polen<\/p>\n<p>Materia\u0142: maho\u0144 intarsje cytryn, tulipanowiec, bukszpan<\/p>\n<p>Wymiary: d\u0142ugo\u015b\u0107 107 cm, g\u0142\u0119boko\u015b\u0107 58 cm, wysoko\u015b\u0107 166 cm<\/p>\n<p>Polecam bardzo atrakcyjna cena mebla, warto zainwestowa\u0107, mebel klasy muzealnej !!!<\/p>","protected":false},"featured_media":8732,"comment_status":"closed","ping_status":"closed","template":"","meta":[],"product_cat":[17,31],"product_tag":[],"class_list":{"0":"post-8730","1":"product","2":"type-product","3":"status-publish","4":"has-post-thumbnail","6":"product_cat-meble","7":"product_cat-sekretery-sekretarzyki-biurka","9":"entry","10":"has-media","12":"first","13":"instock","14":"taxable","15":"shipping-taxable","16":"purchasable","17":"product-type-simple","18":"has-product-nav","19":"col","20":"span_1_of_3","21":"owp-content-center","22":"owp-thumbs-layout-horizontal","23":"owp-btn-normal","24":"owp-tabs-layout-horizontal"},"aioseo_notices":[],"_links":{"self":[{"href":"https:\/\/antykilion.pl\/de\/wp-json\/wp\/v2\/product\/8730","targetHints":{"allow":["GET"]}}],"collection":[{"href":"https:\/\/antykilion.pl\/de\/wp-json\/wp\/v2\/product"}],"about":[{"href":"https:\/\/antykilion.pl\/de\/wp-json\/wp\/v2\/types\/product"}],"replies":[{"embeddable":true,"href":"https:\/\/antykilion.pl\/de\/wp-json\/wp\/v2\/comments?post=8730"}],"wp:featuredmedia":[{"embeddable":true,"href":"https:\/\/antykilion.pl\/de\/wp-json\/wp\/v2\/media\/8732"}],"wp:attachment":[{"href":"https:\/\/antykilion.pl\/de\/wp-json\/wp\/v2\/media?parent=8730"}],"wp:term":[{"taxonomy":"product_cat","embeddable":true,"href":"https:\/\/antykilion.pl\/de\/wp-json\/wp\/v2\/product_cat?post=8730"},{"taxonomy":"product_tag","embeddable":true,"href":"https:\/\/antykilion.pl\/de\/wp-json\/wp\/v2\/product_tag?post=8730"}],"curies":[{"name":"wp","href":"https:\/\/api.w.org\/{rel}","templated":true}]}}