{"id":876,"date":"2020-02-02T15:36:26","date_gmt":"2020-02-02T14:36:26","guid":{"rendered":"https:\/\/antykilion.pl\/?post_type=product&#038;p=876"},"modified":"2021-09-03T14:16:38","modified_gmt":"2021-09-03T12:16:38","slug":"johan-jungbluth-zima","status":"publish","type":"product","link":"https:\/\/antykilion.pl\/de\/product\/johan-jungbluth-zima\/","title":{"rendered":"Johan Jungbluth Winter"},"content":{"rendered":"<p>Jungblut arbeitete zun\u00e4chst als Handwerker bei Villeroy &amp; Boch in Mettlach. Als Autodidakt besch\u00e4ftigte er sich mit k\u00fcnstlerischer Malerei. 1885 zog er nach D\u00fcsseldorf, wo er wahrscheinlich Einzelg\u00e4nger war, und 1889 lebte er im Bezirk Pempelfort. Sein Sohn, sp\u00e4ter Bildhauer Emil Jungblut, wurde 1888 in D\u00fcsseldorf geboren. Die Maler Walter (1892-1941) und Hans Jungblut waren seine S\u00f6hne.<\/p>\n<p>Jungbluts Gem\u00e4lde basierte stark auf altniederl\u00e4ndischen Vorbildern. Seine Spezialit\u00e4t waren impressionistisch gemalte, neblige Winterlandschaften auf niederl\u00e4ndischen Gew\u00e4ssern in der tiefen Sonne. Norwegische Fjorde und andere Motive, die er oft so malte. Einige seiner Fotos wurden unter dem Pseudonym J. Sander gezeichnet. Es wird angenommen, dass er auch unter dem Pseudonym J. Metzler, Ev Wendlinger, stehen k\u00f6nnte<\/p>","protected":false},"excerpt":{"rendered":"<p>Johann Jungblut, auch Johann Jungbluth (* 16. April 1860 in Saarburg, 17. Dezember 1912 in D\u00fcsseldorf), war ein deutscher Landschaftsmaler der D\u00fcsseldorfer Schule.<br \/>\nWahrscheinlich unter dem Pseudonym Ev Wendlinger, Winter<br \/>\nAbmessungen: Mit dem Rahmen ist es 165 cm x 110 cm<br \/>\nTechnik: \u00d6l auf Leinwand<br \/>\nZustand: sehr gut, nur ein kleiner Kratzer auf dem Gem\u00e4lde an der Seite des Gem\u00e4ldes ist praktisch unsichtbar.<\/p>\n<p>Sch\u00f6ne, malerische Gem\u00e4lde dieses Malers finden Sie in zahlreichen Museen und Galerien auf der ganzen Welt.<br \/>\nZus\u00e4tzliche Informationen zum K\u00fcnstler unten.<\/p>","protected":false},"featured_media":877,"comment_status":"closed","ping_status":"closed","template":"","meta":[],"product_cat":[41,39,40],"product_tag":[],"class_list":{"0":"post-876","1":"product","2":"type-product","3":"status-publish","4":"has-post-thumbnail","6":"product_cat-malarstwo-dawne","7":"product_cat-dziela-sztuki","8":"product_cat-malarstwo","10":"entry","11":"has-media","13":"first","14":"instock","15":"taxable","16":"shipping-taxable","17":"purchasable","18":"product-type-simple","19":"has-product-nav","20":"col","21":"span_1_of_3","22":"owp-content-center","23":"owp-thumbs-layout-horizontal","24":"owp-btn-normal","25":"owp-tabs-layout-horizontal"},"aioseo_notices":[],"_links":{"self":[{"href":"https:\/\/antykilion.pl\/de\/wp-json\/wp\/v2\/product\/876","targetHints":{"allow":["GET"]}}],"collection":[{"href":"https:\/\/antykilion.pl\/de\/wp-json\/wp\/v2\/product"}],"about":[{"href":"https:\/\/antykilion.pl\/de\/wp-json\/wp\/v2\/types\/product"}],"replies":[{"embeddable":true,"href":"https:\/\/antykilion.pl\/de\/wp-json\/wp\/v2\/comments?post=876"}],"wp:featuredmedia":[{"embeddable":true,"href":"https:\/\/antykilion.pl\/de\/wp-json\/wp\/v2\/media\/877"}],"wp:attachment":[{"href":"https:\/\/antykilion.pl\/de\/wp-json\/wp\/v2\/media?parent=876"}],"wp:term":[{"taxonomy":"product_cat","embeddable":true,"href":"https:\/\/antykilion.pl\/de\/wp-json\/wp\/v2\/product_cat?post=876"},{"taxonomy":"product_tag","embeddable":true,"href":"https:\/\/antykilion.pl\/de\/wp-json\/wp\/v2\/product_tag?post=876"}],"curies":[{"name":"wp","href":"https:\/\/api.w.org\/{rel}","templated":true}]}}