{"id":8849,"date":"2024-09-29T16:46:51","date_gmt":"2024-09-29T14:46:51","guid":{"rendered":"https:\/\/antykilion.pl\/?post_type=product&#038;p=8849"},"modified":"2026-03-14T13:09:07","modified_gmt":"2026-03-14T12:09:07","slug":"szafa-barokowa-kredensowa-xvii-w-okolo-1650-r-ogromna-rzadkosc-obledna","status":"publish","type":"product","link":"https:\/\/antykilion.pl\/de\/product\/szafa-barokowa-kredensowa-xvii-w-okolo-1650-r-ogromna-rzadkosc-obledna\/","title":{"rendered":"Szafa Barokowa kredensowa XVII w oko\u0142o 1650 r ogromna rzadko\u015b\u0107, ob\u0142\u0119dna !"},"content":{"rendered":"","protected":false},"excerpt":{"rendered":"<p>Szafa Barokowa kredensowa XVII w oko\u0142o 1650 r ogromna rzadko\u015b\u0107, ob\u0142\u0119dna !<\/p>\n<p>o konstrukcji wie\u0144cowej, trzycz\u0119\u015bciowa, z\u0142o\u017cona z dw\u00f3ch dwuskrzyd\u0142owych szafek r\u00f3\u017cnej wysoko\u015bci z szufladami po \u015brodku, zwie\u0144czona profilowanym gzymsem g\u00f3rnym i wsparta na czterech n\u00f3\u017ckach o p\u00f3\u0142kolistym kszta\u0142cie z przodu. Boki, skrzyd\u0142a drzwi i lico szuflady podstawy dekorowane poduchami o prostok\u0105tnym kszta\u0142cie, profilowane na obrze\u017cach, natomiast fasada po bokach i \u015brodku z rze\u017abionego drewna przerywana skr\u0119conymi pilastrami oraz z rze\u017abami putta, ka\u017cdy z innym atrybutem, natomiast w zwie\u0144czeniu herb, korona na li\u015bciach klonu Zamki stalowe, wpuszczano-przyk\u0142adane, jednoryglowe;<\/p>\n<p>Barokowe szafy dwukorpusowe, wykonywano zar\u00f3wno w Holandii, jak i Gda\u0144sku w okresie mi\u0119dzy 1650, a 1670 rokiem. Wykorzystywano je do przechowywania r\u00f3\u017cnorakich przedmiot\u00f3w. Szafy tego typu by\u0142y meblami luksusowymi, kosztownymi, wskazuj\u0105cymi na zamo\u017cno\u015b\u0107 domu. Omawiany mebel charakteryzuje si\u0119 archaiczn\u0105 dwukorpusow\u0105 budow\u0105, rozpowszechnion\u0105 w czasach renesansu, kt\u00f3r\u0105 powoli w baroku zast\u0119powa\u0142a jednokorpusowa. Szafa posiada jednak\u017ce typowe ju\u017c dla stylu barokowego dekoracje z profilowanych gzyms\u00f3w, poduch. Ozdobiono j\u0105 typow\u0105 dla mebli wykonanych w tym rejonie Europy, kosztown\u0105 oklein\u0105 hebanow\u0105 orzechow\u0105 palisandrow\u0105. Boki szafy proste w d\u0119bie. Architektoniczny podzia\u0142 frontu ukazuje jej doskona\u0142e proporcje.<\/p>\n<p>Lit.: Reinier Baarsen, Wonen In de Gouden Eeuw. 17 de-eeuwse Nederlandse meublen, Amsterdam 2007; Czes\u0142awa Betlejewska, Meble gda\u0144skie od XVI do XIX wieku, Warszawa &#8211; Gda\u0144sk 2001.<\/p>\n<p>Stan: bardzo dobry na stan orginalny !!! oczywi\u015bcie widoczne \u015blady u\u017cytkowania co jest normalne dolna listwa by\u0142a naprawiana gdzie nie gdzie na orzechu wida\u0107 \u015blady po ko\u0142atku nie aktywny od lat. Pi\u0119kny rasowy mebel !!!<\/p>\n<p>Pochodzenie: Holandia lub Polska Gda\u0144sk<\/p>\n<p>Materia\u0142: d\u0105b podk\u0142ad oraz boki front wyko\u0144czony w orzechu palisandrze i hebanie.<\/p>\n<p>Wymiary: d\u0142ugo\u015b\u0107 180 cm, g\u0142\u0119boko\u015b\u0107 67 cm, wysoko\u015b\u0107 195 cm<\/p>\n<p>Polecam bardzo atrakcyjna cena mebla, warto zainwestowa\u0107, mebel klasy muzealnej !!!<\/p>","protected":false},"featured_media":8850,"comment_status":"closed","ping_status":"closed","template":"","meta":[],"product_cat":[17,34],"product_tag":[],"class_list":{"0":"post-8849","1":"product","2":"type-product","3":"status-publish","4":"has-post-thumbnail","6":"product_cat-meble","7":"product_cat-szafy","9":"entry","10":"has-media","12":"first","13":"instock","14":"taxable","15":"shipping-taxable","16":"purchasable","17":"product-type-simple","18":"has-product-nav","19":"col","20":"span_1_of_3","21":"owp-content-center","22":"owp-thumbs-layout-horizontal","23":"owp-btn-normal","24":"owp-tabs-layout-horizontal"},"aioseo_notices":[],"_links":{"self":[{"href":"https:\/\/antykilion.pl\/de\/wp-json\/wp\/v2\/product\/8849","targetHints":{"allow":["GET"]}}],"collection":[{"href":"https:\/\/antykilion.pl\/de\/wp-json\/wp\/v2\/product"}],"about":[{"href":"https:\/\/antykilion.pl\/de\/wp-json\/wp\/v2\/types\/product"}],"replies":[{"embeddable":true,"href":"https:\/\/antykilion.pl\/de\/wp-json\/wp\/v2\/comments?post=8849"}],"wp:featuredmedia":[{"embeddable":true,"href":"https:\/\/antykilion.pl\/de\/wp-json\/wp\/v2\/media\/8850"}],"wp:attachment":[{"href":"https:\/\/antykilion.pl\/de\/wp-json\/wp\/v2\/media?parent=8849"}],"wp:term":[{"taxonomy":"product_cat","embeddable":true,"href":"https:\/\/antykilion.pl\/de\/wp-json\/wp\/v2\/product_cat?post=8849"},{"taxonomy":"product_tag","embeddable":true,"href":"https:\/\/antykilion.pl\/de\/wp-json\/wp\/v2\/product_tag?post=8849"}],"curies":[{"name":"wp","href":"https:\/\/api.w.org\/{rel}","templated":true}]}}