{"id":8888,"date":"2024-09-30T11:58:05","date_gmt":"2024-09-30T09:58:05","guid":{"rendered":"https:\/\/antykilion.pl\/?post_type=product&#038;p=8888"},"modified":"2024-09-30T11:58:06","modified_gmt":"2024-09-30T09:58:06","slug":"fotel-w-stylu-biedermeier-xix-w-okolo-1830-rzadkosc","status":"publish","type":"product","link":"https:\/\/antykilion.pl\/de\/product\/fotel-w-stylu-biedermeier-xix-w-okolo-1830-rzadkosc\/","title":{"rendered":"Fotel w stylu biedermeier XIX w oko\u0142o 1830, rzadko\u015b\u0107!!!"},"content":{"rendered":"","protected":false},"excerpt":{"rendered":"<p>Fotel w stylu biedermeier XIX w oko\u0142o 1830, rzadko\u015b\u0107!!!<\/p>\n<p>Fotel z szerokim, deskowym u g\u00f3rny, poni\u017cej wy\u015bcie\u0142anym ramiakiem oparcia, z trapezoidalnymi siedzeniem, wy\u015bcie\u0142an\u0105 podusz\u0105, z wolutowo zako\u0144czonymi por\u0119czami, wsparty na czterech graniastych, zbie\u017cnych nogach, przednich prostych, tylnych lekko wygi\u0119tych do ty\u0142u.<\/p>\n<p>Forma fotela typowo biedermeierowska, w\u0142a\u015bciwa wyrobom z teren\u00f3w Polski \u015brodkowo-wschodniej.<\/p>\n<p>Konstrukcja Maho\u0144 ?<\/p>\n<p>Powstanie: Polska<\/p>\n<p>Stan: bardzo dobry widoczne \u015blady u\u017cytkowania<\/p>\n<p>Wymiary: wysoko\u015b\u0107 siedziska oko\u0142o 48 cm, wysoko\u015b\u0107 oparcia oko\u0142o 107 cm. szeroko\u015b\u0107 oko\u0142o 66 cm<\/p>\n<p>Mocny w budowie i wygl\u0105dzie!<\/p>","protected":false},"featured_media":8889,"comment_status":"closed","ping_status":"closed","template":"","meta":[],"product_cat":[24,17],"product_tag":[],"class_list":{"0":"post-8888","1":"product","2":"type-product","3":"status-publish","4":"has-post-thumbnail","6":"product_cat-fotele","7":"product_cat-meble","9":"entry","10":"has-media","12":"first","13":"instock","14":"taxable","15":"shipping-taxable","16":"purchasable","17":"product-type-simple","18":"has-product-nav","19":"col","20":"span_1_of_3","21":"owp-content-center","22":"owp-thumbs-layout-horizontal","23":"owp-btn-normal","24":"owp-tabs-layout-horizontal"},"aioseo_notices":[],"_links":{"self":[{"href":"https:\/\/antykilion.pl\/de\/wp-json\/wp\/v2\/product\/8888","targetHints":{"allow":["GET"]}}],"collection":[{"href":"https:\/\/antykilion.pl\/de\/wp-json\/wp\/v2\/product"}],"about":[{"href":"https:\/\/antykilion.pl\/de\/wp-json\/wp\/v2\/types\/product"}],"replies":[{"embeddable":true,"href":"https:\/\/antykilion.pl\/de\/wp-json\/wp\/v2\/comments?post=8888"}],"wp:featuredmedia":[{"embeddable":true,"href":"https:\/\/antykilion.pl\/de\/wp-json\/wp\/v2\/media\/8889"}],"wp:attachment":[{"href":"https:\/\/antykilion.pl\/de\/wp-json\/wp\/v2\/media?parent=8888"}],"wp:term":[{"taxonomy":"product_cat","embeddable":true,"href":"https:\/\/antykilion.pl\/de\/wp-json\/wp\/v2\/product_cat?post=8888"},{"taxonomy":"product_tag","embeddable":true,"href":"https:\/\/antykilion.pl\/de\/wp-json\/wp\/v2\/product_tag?post=8888"}],"curies":[{"name":"wp","href":"https:\/\/api.w.org\/{rel}","templated":true}]}}