{"id":8921,"date":"2024-11-17T11:09:54","date_gmt":"2024-11-17T10:09:54","guid":{"rendered":"https:\/\/antykilion.pl\/?post_type=product&#038;p=8921"},"modified":"2025-01-02T11:56:54","modified_gmt":"2025-01-02T10:56:54","slug":"fotele-rokokowe-typu-cabriolet-xviii-w-1760-r-obledne-ogromna-rzadkosc","status":"publish","type":"product","link":"https:\/\/antykilion.pl\/de\/product\/fotele-rokokowe-typu-cabriolet-xviii-w-1760-r-obledne-ogromna-rzadkosc\/","title":{"rendered":"Fotele rokokowe typu cabriolet XVIII w 1760 r ob\u0142\u0119dne, ogromna rzadko\u015b\u0107"},"content":{"rendered":"","protected":false},"excerpt":{"rendered":"<p>Fotele rokokowe typu cabriolet XVIII w 1760 r ob\u0142\u0119dne, ogromna rzadko\u015b\u0107<\/p>\n<p>o falistych i profilowanych elementach szkieletu, oparcia, siedzenia i por\u0119cze mi\u0119kko wy\u015bcie\u0142ane materia\u0142em, wsparte na czterech cabriolowych nogach, rze\u017abione. Oparcia lekko wkl\u0119s\u0142e, zwie\u0144czone \u0142ukowato z rze\u017abionymi kwiatami po\u015brodku, rozszerzane ku g\u00f3rze i wkl\u0119s\u0142e na bokach. Siedzenia z ty\u0142u zaokr\u0105glone, od frontu faliste ozdobione kwiatami, analogicznym jak w zwie\u0144czeniu fotela. Nogi rozszerzone u g\u00f3ry, zako\u0144czone stopk\u0105 u do\u0142u. Konstrukcja ko\u0142kowana.<\/p>\n<p>Stan: bardzo dobry orginalny &#8211; widoczne \u015blady u\u017cytkowania tapicerka wt\u00f3rna lekkie przetarcia na pod\u0142okietnikach, ka\u017cdy fotel delikatnie inny materia\u0142 obiciowy nowy<\/p>\n<p>Pochodzenie; Francja XVIII w oko\u0142o 1760 r<\/p>\n<p>Material: Walnuss<\/p>\n<p>Wymiary:\u00a0 wysoko\u015b\u0107 100 cm D\u0142ugo\u015b\u0107 60 cm, g\u0142\u0119boko\u015b\u0107 50 cm, wysoko\u015b\u0107 siedziska oko\u0142o 40 cm<\/p>\n<p>cena dotyczy 1 szt.<\/p>","protected":false},"featured_media":8922,"comment_status":"closed","ping_status":"closed","template":"","meta":[],"product_cat":[24,17],"product_tag":[],"class_list":{"0":"post-8921","1":"product","2":"type-product","3":"status-publish","4":"has-post-thumbnail","6":"product_cat-fotele","7":"product_cat-meble","9":"entry","10":"has-media","12":"first","13":"instock","14":"taxable","15":"shipping-taxable","16":"purchasable","17":"product-type-simple","18":"has-product-nav","19":"col","20":"span_1_of_3","21":"owp-content-center","22":"owp-thumbs-layout-horizontal","23":"owp-btn-normal","24":"owp-tabs-layout-horizontal"},"aioseo_notices":[],"_links":{"self":[{"href":"https:\/\/antykilion.pl\/de\/wp-json\/wp\/v2\/product\/8921","targetHints":{"allow":["GET"]}}],"collection":[{"href":"https:\/\/antykilion.pl\/de\/wp-json\/wp\/v2\/product"}],"about":[{"href":"https:\/\/antykilion.pl\/de\/wp-json\/wp\/v2\/types\/product"}],"replies":[{"embeddable":true,"href":"https:\/\/antykilion.pl\/de\/wp-json\/wp\/v2\/comments?post=8921"}],"wp:featuredmedia":[{"embeddable":true,"href":"https:\/\/antykilion.pl\/de\/wp-json\/wp\/v2\/media\/8922"}],"wp:attachment":[{"href":"https:\/\/antykilion.pl\/de\/wp-json\/wp\/v2\/media?parent=8921"}],"wp:term":[{"taxonomy":"product_cat","embeddable":true,"href":"https:\/\/antykilion.pl\/de\/wp-json\/wp\/v2\/product_cat?post=8921"},{"taxonomy":"product_tag","embeddable":true,"href":"https:\/\/antykilion.pl\/de\/wp-json\/wp\/v2\/product_tag?post=8921"}],"curies":[{"name":"wp","href":"https:\/\/api.w.org\/{rel}","templated":true}]}}