{"id":8957,"date":"2024-11-20T16:27:16","date_gmt":"2024-11-20T15:27:16","guid":{"rendered":"https:\/\/antykilion.pl\/?post_type=product&#038;p=8957"},"modified":"2025-11-25T20:07:50","modified_gmt":"2025-11-25T19:07:50","slug":"sekretarzyk-rokokowy-xix-w-okolo-1870-obledne-okucia-i-ksztalt","status":"publish","type":"product","link":"https:\/\/antykilion.pl\/de\/product\/sekretarzyk-rokokowy-xix-w-okolo-1870-obledne-okucia-i-ksztalt\/","title":{"rendered":"Sekretarzyk rokokowy XIX w oko\u0142o 1870 ob\u0142\u0119dne okucia i kszta\u0142t !"},"content":{"rendered":"","protected":false},"excerpt":{"rendered":"<p>Sekretarzyk rokokowy XIX w oko\u0142o 1870 ob\u0142\u0119dne okucia i kszta\u0142t !<\/p>\n<p>o falistej formie szkielecie, z uko\u015bnie u\u0142o\u017con\u0105, odk\u0142adan\u0105 klap\u0105, wsparty na czterech esowatych wysmuk\u0142ych n\u00f3\u017ckach, fornirowany, intarsjowany<\/p>\n<p>wst\u0119gami tworz\u0105cymi romboidaln\u0105 sie\u0107 na korpusie. We wn\u0119trzu trzy szufladki i wn\u0119ka z p\u00f3\u0142k\u0105 oraz schowek na dole. Ob\u0142\u0119dne bardzo <\/p>\n<p>precyzyjne okucia \u015bwiadcz\u0105ce o bardzo dobrym i na bardzo wysokim poziomie warsztacie.<\/p>\n<p>Sekretarzyk nawi\u0105zuj\u0105cy do rokokowych mebli francuskich z po\u0142owy XVIII wieku, modnych ponownie w XIX.<\/p>\n<p>Stan: bardzo dobry na stan orginalny !!! aksamit ma przetarcia ale mo\u017cna go sobie zmieni\u0107 lub zostawi\u0107 nadaje tylko patyny a po za tym orginalno\u015b\u0107<\/p>\n<p>Herkunft: Frankreich<\/p>\n<p>Materia\u0142: r\u00f3\u017ca<\/p>\n<p>Wymiary: d\u0142ugo\u015b\u0107 68 cm, g\u0142\u0119boko\u015b\u0107 42 cm, wysoko\u015b\u0107 94 cm<\/p>\n<p>Polecam bardzo atrakcyjna cena mebla, pi\u0119kny!<\/p>","protected":false},"featured_media":8958,"comment_status":"closed","ping_status":"closed","template":"","meta":[],"product_cat":[17,31],"product_tag":[],"class_list":{"0":"post-8957","1":"product","2":"type-product","3":"status-publish","4":"has-post-thumbnail","6":"product_cat-meble","7":"product_cat-sekretery-sekretarzyki-biurka","9":"entry","10":"has-media","12":"first","13":"instock","14":"taxable","15":"shipping-taxable","16":"purchasable","17":"product-type-simple","18":"has-product-nav","19":"col","20":"span_1_of_3","21":"owp-content-center","22":"owp-thumbs-layout-horizontal","23":"owp-btn-normal","24":"owp-tabs-layout-horizontal"},"aioseo_notices":[],"_links":{"self":[{"href":"https:\/\/antykilion.pl\/de\/wp-json\/wp\/v2\/product\/8957","targetHints":{"allow":["GET"]}}],"collection":[{"href":"https:\/\/antykilion.pl\/de\/wp-json\/wp\/v2\/product"}],"about":[{"href":"https:\/\/antykilion.pl\/de\/wp-json\/wp\/v2\/types\/product"}],"replies":[{"embeddable":true,"href":"https:\/\/antykilion.pl\/de\/wp-json\/wp\/v2\/comments?post=8957"}],"wp:featuredmedia":[{"embeddable":true,"href":"https:\/\/antykilion.pl\/de\/wp-json\/wp\/v2\/media\/8958"}],"wp:attachment":[{"href":"https:\/\/antykilion.pl\/de\/wp-json\/wp\/v2\/media?parent=8957"}],"wp:term":[{"taxonomy":"product_cat","embeddable":true,"href":"https:\/\/antykilion.pl\/de\/wp-json\/wp\/v2\/product_cat?post=8957"},{"taxonomy":"product_tag","embeddable":true,"href":"https:\/\/antykilion.pl\/de\/wp-json\/wp\/v2\/product_tag?post=8957"}],"curies":[{"name":"wp","href":"https:\/\/api.w.org\/{rel}","templated":true}]}}