{"id":8975,"date":"2024-11-23T11:32:51","date_gmt":"2024-11-23T10:32:51","guid":{"rendered":"https:\/\/antykilion.pl\/?post_type=product&#038;p=8975"},"modified":"2024-11-23T11:32:51","modified_gmt":"2024-11-23T10:32:51","slug":"palacowa-komoda-biedermeier-okolo-182-30-r-obledna","status":"publish","type":"product","link":"https:\/\/antykilion.pl\/de\/product\/palacowa-komoda-biedermeier-okolo-182-30-r-obledna\/","title":{"rendered":"Pa\u0142acowa komoda biedermeier oko\u0142o 182\/30 r ob\u0142\u0119dna"},"content":{"rendered":"","protected":false},"excerpt":{"rendered":"<p>KOMODA BIEDERMEIERSKA Z NIEKONWENCJONALNYMI SZUFLADAMI, 1820-1830, korpus trzyprz\u0119s\u0142owy na sto\u017ckowych nogach w kszta\u0142cie kwadratu, zakrzywione fronty szuflad, hebanowe pilastry osadzone po bokach szuflad, okucia prasowane, wys. x szer. x g\u0142.: 90\/122\/65 cm. \u015alady wieku i u\u017cytkowania.<\/p>\n<p>Pa\u0142acowa ogromna i bardzo bogata komoda. Mebel pierwszej klasy!!!<\/p>\n<p>Pochodzenie; Europa Niemcy lub Polska<\/p>\n<p>Stan: bardzo dobry konstrukcyjnie brak ubytk\u00f3w forniru jedyne \u015blady widoczne z wieku i u\u017cytkowania to politura na blacie.<\/p>\n<p>Wymiary: D\u0142ugo\u015b\u0107 122 cm, g\u0142\u0119boko\u015b\u0107 65 cm, wysoko\u015b\u0107 90 cm<\/p>\n<p>Materia\u0142: fornir z drewna czere\u015bniowego, cz\u0119\u015bciowo czerniony<\/p>\n<p>Ob\u0142\u0119dna niespotykana forma<\/p>","protected":false},"featured_media":8976,"comment_status":"closed","ping_status":"closed","template":"","meta":[],"product_cat":[26,17],"product_tag":[],"class_list":{"0":"post-8975","1":"product","2":"type-product","3":"status-publish","4":"has-post-thumbnail","6":"product_cat-komody","7":"product_cat-meble","9":"entry","10":"has-media","12":"first","13":"instock","14":"taxable","15":"shipping-taxable","16":"purchasable","17":"product-type-simple","18":"has-product-nav","19":"col","20":"span_1_of_3","21":"owp-content-center","22":"owp-thumbs-layout-horizontal","23":"owp-btn-normal","24":"owp-tabs-layout-horizontal"},"aioseo_notices":[],"_links":{"self":[{"href":"https:\/\/antykilion.pl\/de\/wp-json\/wp\/v2\/product\/8975","targetHints":{"allow":["GET"]}}],"collection":[{"href":"https:\/\/antykilion.pl\/de\/wp-json\/wp\/v2\/product"}],"about":[{"href":"https:\/\/antykilion.pl\/de\/wp-json\/wp\/v2\/types\/product"}],"replies":[{"embeddable":true,"href":"https:\/\/antykilion.pl\/de\/wp-json\/wp\/v2\/comments?post=8975"}],"wp:featuredmedia":[{"embeddable":true,"href":"https:\/\/antykilion.pl\/de\/wp-json\/wp\/v2\/media\/8976"}],"wp:attachment":[{"href":"https:\/\/antykilion.pl\/de\/wp-json\/wp\/v2\/media?parent=8975"}],"wp:term":[{"taxonomy":"product_cat","embeddable":true,"href":"https:\/\/antykilion.pl\/de\/wp-json\/wp\/v2\/product_cat?post=8975"},{"taxonomy":"product_tag","embeddable":true,"href":"https:\/\/antykilion.pl\/de\/wp-json\/wp\/v2\/product_tag?post=8975"}],"curies":[{"name":"wp","href":"https:\/\/api.w.org\/{rel}","templated":true}]}}