{"id":8986,"date":"2024-11-24T08:48:08","date_gmt":"2024-11-24T07:48:08","guid":{"rendered":"https:\/\/antykilion.pl\/?post_type=product&#038;p=8986"},"modified":"2024-11-24T08:48:08","modified_gmt":"2024-11-24T07:48:08","slug":"komoda-rokokowa-z-trzema-szufladami-xvii-w-okolo-1750-r","status":"publish","type":"product","link":"https:\/\/antykilion.pl\/de\/product\/komoda-rokokowa-z-trzema-szufladami-xvii-w-okolo-1750-r\/","title":{"rendered":"KOMODA rokokowa z trzema szufladami, XVII w oko\u0142o 1750 r"},"content":{"rendered":"","protected":false},"excerpt":{"rendered":"<p>KOMODA rokokowa z trzema szufladami, XVII w oko\u0142o 1750 r<\/p>\n<p>Komoda o froncie wkl\u0119s\u0142o-wybrzuszonym i bokach w przekroju pionowym falistych, wsparta na niskich, konsolowych nogach, fornirowana, zdobiona odlewanymi i z\u0142oconymi okuciami z br\u0105zu, nakryta marmurowym blatem<\/p>\n<p>Pa\u0142acowa ogromna i bardzo bogata komoda. Mebel pierwszej klasy!!!<\/p>\n<p>Pochodzenie; Europa wschodnia Polska ?<\/p>\n<p>Stan: orginalny widoczne \u015blady u\u017cytkowania i wieku, konstrukcja zdrowa brak ubytk\u00f3w drobne podklejenia blat orginalny klejony<\/p>\n<p>Wymiary: D\u0142ugo\u015b\u0107 120cm, g\u0142\u0119boko\u015b\u0107 65 cm, wysoko\u015b\u0107 84 cm<\/p>\n<p>Materia\u0142: fornir orzechy i Palisander?<\/p>\n<p>Bardzo rzadki z tych teren\u00f3w mebel !!!!<\/p>\n<p>Okazja !!!<\/p>","protected":false},"featured_media":8987,"comment_status":"closed","ping_status":"closed","template":"","meta":[],"product_cat":[26,17],"product_tag":[],"class_list":{"0":"post-8986","1":"product","2":"type-product","3":"status-publish","4":"has-post-thumbnail","6":"product_cat-komody","7":"product_cat-meble","9":"entry","10":"has-media","12":"first","13":"instock","14":"taxable","15":"shipping-taxable","16":"purchasable","17":"product-type-simple","18":"has-product-nav","19":"col","20":"span_1_of_3","21":"owp-content-center","22":"owp-thumbs-layout-horizontal","23":"owp-btn-normal","24":"owp-tabs-layout-horizontal"},"aioseo_notices":[],"_links":{"self":[{"href":"https:\/\/antykilion.pl\/de\/wp-json\/wp\/v2\/product\/8986","targetHints":{"allow":["GET"]}}],"collection":[{"href":"https:\/\/antykilion.pl\/de\/wp-json\/wp\/v2\/product"}],"about":[{"href":"https:\/\/antykilion.pl\/de\/wp-json\/wp\/v2\/types\/product"}],"replies":[{"embeddable":true,"href":"https:\/\/antykilion.pl\/de\/wp-json\/wp\/v2\/comments?post=8986"}],"wp:featuredmedia":[{"embeddable":true,"href":"https:\/\/antykilion.pl\/de\/wp-json\/wp\/v2\/media\/8987"}],"wp:attachment":[{"href":"https:\/\/antykilion.pl\/de\/wp-json\/wp\/v2\/media?parent=8986"}],"wp:term":[{"taxonomy":"product_cat","embeddable":true,"href":"https:\/\/antykilion.pl\/de\/wp-json\/wp\/v2\/product_cat?post=8986"},{"taxonomy":"product_tag","embeddable":true,"href":"https:\/\/antykilion.pl\/de\/wp-json\/wp\/v2\/product_tag?post=8986"}],"curies":[{"name":"wp","href":"https:\/\/api.w.org\/{rel}","templated":true}]}}