{"id":8998,"date":"2024-11-24T11:09:55","date_gmt":"2024-11-24T10:09:55","guid":{"rendered":"https:\/\/antykilion.pl\/?post_type=product&#038;p=8998"},"modified":"2024-11-24T11:09:55","modified_gmt":"2024-11-24T10:09:55","slug":"konstanty-szewczenko-1910-warszawa-1991-warszawa-objecia","status":"publish","type":"product","link":"https:\/\/antykilion.pl\/de\/product\/konstanty-szewczenko-1910-warszawa-1991-warszawa-objecia\/","title":{"rendered":"Konstanty Szewczenko (1910 Warszawa &#8211; 1991 Warszawa), Obj\u0119cia"},"content":{"rendered":"","protected":false},"excerpt":{"rendered":"<p>Konstanty Szewczenko (1910 Warszawa &#8211; 1991 Warszawa), Obj\u0119cia<\/p>\n<p>Technik: \u00d6l auf Leinwand<\/p>\n<p>Zustand: sehr gut<\/p>\n<p>Unterschrift: auf dem Foto sichtbar<\/p>\n<p>Wymiary: p\u0142\u00f3tna 56 x 47 cm + rama 64 cm na 55 cm<\/p>\n<p>Unten finden Sie Informationen zum K\u00fcnstler.<\/p>\n<p>(1910 Warszawa &#8211; 1991 Warszawa)<\/p>\n<p>Edukacj\u0119 artystyczn\u0105 rozpocz\u0105\u0142 w Instytucie Sztuk Plastycznych w Warszawie (1927-1928). Nast\u0119pnie studiowa\u0142 w warszawskiej ASP pod kierunkiem Felicjana Kowarskiego i Tadeusza Pruszkowskiego (1928-1932). Malowa\u0142 g\u0142\u00f3wnie obrazy sztalugowe &#8211; orientalne sceny rodzajowe, portrety i wizerunki rybak\u00f3w. Zajmowa\u0142 si\u0119 r\u00f3wnie\u017c scenografi\u0105: w latach 1934-1935 wsp\u00f3\u0142pracowa\u0142 z Teatrem Rozmaito\u015bci. Pracowa\u0142 dla wydawnictwa &#8220;Atlas&#8221; we Lwowie, a tak\u017ce zamieszcza\u0142 ilustracje w &#8220;Kurierze Porannym&#8221;. Jest autorem portret\u00f3w Ignacego Mo\u015bcickiego czy Edwarda Rydza-\u015amig\u0142ego. Wystawia\u0142 w kraju (1938, Polskie Typy Regionalne, Salon Sztuki, Warszawa; 1947, Wystawa Grupy Artyst\u00f3w Niezale\u017cnych) i za granic\u0105 (wystawa indywidualna w Galerii G. Tomalskiego w Nowym Jorku, 1964). Jego prace znajduj\u0105 si\u0119 m. in. w kolekcji Muzeum Wojska Polskiego.<\/p>\n<p>Do ka\u017cdego przedmiotu Galeria wystawia certyfikat.<\/p>","protected":false},"featured_media":8999,"comment_status":"closed","ping_status":"closed","template":"","meta":[],"product_cat":[41,39,40],"product_tag":[],"class_list":{"0":"post-8998","1":"product","2":"type-product","3":"status-publish","4":"has-post-thumbnail","6":"product_cat-malarstwo-dawne","7":"product_cat-dziela-sztuki","8":"product_cat-malarstwo","10":"entry","11":"has-media","13":"first","14":"instock","15":"taxable","16":"shipping-taxable","17":"purchasable","18":"product-type-simple","19":"has-product-nav","20":"col","21":"span_1_of_3","22":"owp-content-center","23":"owp-thumbs-layout-horizontal","24":"owp-btn-normal","25":"owp-tabs-layout-horizontal"},"aioseo_notices":[],"_links":{"self":[{"href":"https:\/\/antykilion.pl\/de\/wp-json\/wp\/v2\/product\/8998","targetHints":{"allow":["GET"]}}],"collection":[{"href":"https:\/\/antykilion.pl\/de\/wp-json\/wp\/v2\/product"}],"about":[{"href":"https:\/\/antykilion.pl\/de\/wp-json\/wp\/v2\/types\/product"}],"replies":[{"embeddable":true,"href":"https:\/\/antykilion.pl\/de\/wp-json\/wp\/v2\/comments?post=8998"}],"wp:featuredmedia":[{"embeddable":true,"href":"https:\/\/antykilion.pl\/de\/wp-json\/wp\/v2\/media\/8999"}],"wp:attachment":[{"href":"https:\/\/antykilion.pl\/de\/wp-json\/wp\/v2\/media?parent=8998"}],"wp:term":[{"taxonomy":"product_cat","embeddable":true,"href":"https:\/\/antykilion.pl\/de\/wp-json\/wp\/v2\/product_cat?post=8998"},{"taxonomy":"product_tag","embeddable":true,"href":"https:\/\/antykilion.pl\/de\/wp-json\/wp\/v2\/product_tag?post=8998"}],"curies":[{"name":"wp","href":"https:\/\/api.w.org\/{rel}","templated":true}]}}