{"id":9002,"date":"2024-11-24T11:40:31","date_gmt":"2024-11-24T10:40:31","guid":{"rendered":"https:\/\/antykilion.pl\/?post_type=product&#038;p=9002"},"modified":"2026-03-14T13:07:51","modified_gmt":"2026-03-14T12:07:51","slug":"szafa-neorokokowa-z-lustrem-xix-w-okolo-1870-r","status":"publish","type":"product","link":"https:\/\/antykilion.pl\/de\/product\/szafa-neorokokowa-z-lustrem-xix-w-okolo-1870-r\/","title":{"rendered":"Szafa neorokokowa z lustrem XIX w oko\u0142o 1870 r"},"content":{"rendered":"","protected":false},"excerpt":{"rendered":"<p>Szafa neorokokowa z lustrem XIX w oko\u0142o 1870 r<\/p>\n<p>Meble w stylu neorokokowym popularne sta\u0142y si\u0119 ponownie oko\u0142o po\u0142owy XIX wieku, a ich popularno\u015b\u0107 trwa\u0142a do 2 \u0107wierci XX w. Toaletka o formie typowej<\/p>\n<p>Stan: bardzo dobry jedynie czubek korony by\u0142 klejony- zdarza si\u0119<\/p>\n<p>Herkunft: Frankreich<\/p>\n<p>Materia\u0142: Orzech, palisander<\/p>\n<p>Wymiary: d\u0142ugo\u015b\u0107 108 cm, g\u0142\u0119boko\u015b\u0107 51 cm, wysoko\u015b\u0107 239 cm<\/p>\n<p>Polecam bardzo atrakcyjna cena mebla,!<\/p>","protected":false},"featured_media":9003,"comment_status":"closed","ping_status":"closed","template":"","meta":[],"product_cat":[17,34],"product_tag":[],"class_list":{"0":"post-9002","1":"product","2":"type-product","3":"status-publish","4":"has-post-thumbnail","6":"product_cat-meble","7":"product_cat-szafy","9":"entry","10":"has-media","12":"first","13":"instock","14":"taxable","15":"shipping-taxable","16":"purchasable","17":"product-type-simple","18":"has-product-nav","19":"col","20":"span_1_of_3","21":"owp-content-center","22":"owp-thumbs-layout-horizontal","23":"owp-btn-normal","24":"owp-tabs-layout-horizontal"},"aioseo_notices":[],"_links":{"self":[{"href":"https:\/\/antykilion.pl\/de\/wp-json\/wp\/v2\/product\/9002","targetHints":{"allow":["GET"]}}],"collection":[{"href":"https:\/\/antykilion.pl\/de\/wp-json\/wp\/v2\/product"}],"about":[{"href":"https:\/\/antykilion.pl\/de\/wp-json\/wp\/v2\/types\/product"}],"replies":[{"embeddable":true,"href":"https:\/\/antykilion.pl\/de\/wp-json\/wp\/v2\/comments?post=9002"}],"wp:featuredmedia":[{"embeddable":true,"href":"https:\/\/antykilion.pl\/de\/wp-json\/wp\/v2\/media\/9003"}],"wp:attachment":[{"href":"https:\/\/antykilion.pl\/de\/wp-json\/wp\/v2\/media?parent=9002"}],"wp:term":[{"taxonomy":"product_cat","embeddable":true,"href":"https:\/\/antykilion.pl\/de\/wp-json\/wp\/v2\/product_cat?post=9002"},{"taxonomy":"product_tag","embeddable":true,"href":"https:\/\/antykilion.pl\/de\/wp-json\/wp\/v2\/product_tag?post=9002"}],"curies":[{"name":"wp","href":"https:\/\/api.w.org\/{rel}","templated":true}]}}