{"id":9034,"date":"2024-11-26T14:15:06","date_gmt":"2024-11-26T13:15:06","guid":{"rendered":"https:\/\/antykilion.pl\/?post_type=product&#038;p=9034"},"modified":"2025-05-18T10:21:42","modified_gmt":"2025-05-18T08:21:42","slug":"filizanki-kolekcjonerskie-rosenthal-claire-mokka-secesja-w-konwalie-1890","status":"publish","type":"product","link":"https:\/\/antykilion.pl\/de\/product\/filizanki-kolekcjonerskie-rosenthal-claire-mokka-secesja-w-konwalie-1890\/","title":{"rendered":"Fili\u017canki kolekcjonerskie Rosenthal Claire mokka secesja w konwalie 1890"},"content":{"rendered":"","protected":false},"excerpt":{"rendered":"<p>Fili\u017canki kolekcjonerskie Rosenthal Claire mokka secesja w konwalie 1890<\/p>\n<p>Spodek 11 cm<\/p>\n<p>Fili\u017canka wysoko\u015b\u0107 oko\u0142o\u00a0 5,5 cm \u015brednica 5,5 cm + ucho<\/p>\n<p>Sygnatura z okresu secesji lata 1890\/1900<\/p>\n<p>Zustand: sehr gut<\/p>\n<p>Okazjonalna cena !!!<\/p>\n<p>Cena dotyczy 1 szt<\/p>\n<p>Mamy na dzie\u0144 dzisiejszy 4 szt<\/p>","protected":false},"featured_media":9035,"comment_status":"closed","ping_status":"closed","template":"","meta":[],"product_cat":[50],"product_tag":[],"class_list":{"0":"post-9034","1":"product","2":"type-product","3":"status-publish","4":"has-post-thumbnail","6":"product_cat-porcelana-i-fajans","8":"entry","9":"has-media","11":"first","12":"instock","13":"taxable","14":"shipping-taxable","15":"purchasable","16":"product-type-simple","17":"has-product-nav","18":"col","19":"span_1_of_3","20":"owp-content-center","21":"owp-thumbs-layout-horizontal","22":"owp-btn-normal","23":"owp-tabs-layout-horizontal"},"aioseo_notices":[],"_links":{"self":[{"href":"https:\/\/antykilion.pl\/de\/wp-json\/wp\/v2\/product\/9034","targetHints":{"allow":["GET"]}}],"collection":[{"href":"https:\/\/antykilion.pl\/de\/wp-json\/wp\/v2\/product"}],"about":[{"href":"https:\/\/antykilion.pl\/de\/wp-json\/wp\/v2\/types\/product"}],"replies":[{"embeddable":true,"href":"https:\/\/antykilion.pl\/de\/wp-json\/wp\/v2\/comments?post=9034"}],"wp:featuredmedia":[{"embeddable":true,"href":"https:\/\/antykilion.pl\/de\/wp-json\/wp\/v2\/media\/9035"}],"wp:attachment":[{"href":"https:\/\/antykilion.pl\/de\/wp-json\/wp\/v2\/media?parent=9034"}],"wp:term":[{"taxonomy":"product_cat","embeddable":true,"href":"https:\/\/antykilion.pl\/de\/wp-json\/wp\/v2\/product_cat?post=9034"},{"taxonomy":"product_tag","embeddable":true,"href":"https:\/\/antykilion.pl\/de\/wp-json\/wp\/v2\/product_tag?post=9034"}],"curies":[{"name":"wp","href":"https:\/\/api.w.org\/{rel}","templated":true}]}}