{"id":9066,"date":"2024-12-08T17:24:09","date_gmt":"2024-12-08T16:24:09","guid":{"rendered":"https:\/\/antykilion.pl\/?post_type=product&#038;p=9066"},"modified":"2024-12-10T12:25:41","modified_gmt":"2024-12-10T11:25:41","slug":"cukiernica-secesyjna-okolo-1920-40-r-krakow","status":"publish","type":"product","link":"https:\/\/antykilion.pl\/de\/product\/cukiernica-secesyjna-okolo-1920-40-r-krakow\/","title":{"rendered":"Cukiernica  Artis, lata 70-te XX"},"content":{"rendered":"","protected":false},"excerpt":{"rendered":"<p>Cukiernica Artis, lata 70-te XX<\/p>\n<p>Zdobiona najprawdopodobniej imitacj\u0105 bursztynu.<\/p>\n<p>Cukiernica z przykrywk\u0105.<\/p>\n<p>Wymiary: szeroko\u015b\u0107 z uchwytami oko\u0142o 15 cm, waga ok. 332 gram.<\/p>\n<p>Srebro pr\u00f3by 800<\/p>\n<p>Sch\u00f6n und einzigartig !!!<\/p>","protected":false},"featured_media":9067,"comment_status":"closed","ping_status":"closed","template":"","meta":[],"product_cat":[46],"product_tag":[],"class_list":{"0":"post-9066","1":"product","2":"type-product","3":"status-publish","4":"has-post-thumbnail","6":"product_cat-srebra-i-platery","8":"entry","9":"has-media","11":"first","12":"instock","13":"taxable","14":"shipping-taxable","15":"purchasable","16":"product-type-simple","17":"has-product-nav","18":"col","19":"span_1_of_3","20":"owp-content-center","21":"owp-thumbs-layout-horizontal","22":"owp-btn-normal","23":"owp-tabs-layout-horizontal"},"aioseo_notices":[],"_links":{"self":[{"href":"https:\/\/antykilion.pl\/de\/wp-json\/wp\/v2\/product\/9066","targetHints":{"allow":["GET"]}}],"collection":[{"href":"https:\/\/antykilion.pl\/de\/wp-json\/wp\/v2\/product"}],"about":[{"href":"https:\/\/antykilion.pl\/de\/wp-json\/wp\/v2\/types\/product"}],"replies":[{"embeddable":true,"href":"https:\/\/antykilion.pl\/de\/wp-json\/wp\/v2\/comments?post=9066"}],"wp:featuredmedia":[{"embeddable":true,"href":"https:\/\/antykilion.pl\/de\/wp-json\/wp\/v2\/media\/9067"}],"wp:attachment":[{"href":"https:\/\/antykilion.pl\/de\/wp-json\/wp\/v2\/media?parent=9066"}],"wp:term":[{"taxonomy":"product_cat","embeddable":true,"href":"https:\/\/antykilion.pl\/de\/wp-json\/wp\/v2\/product_cat?post=9066"},{"taxonomy":"product_tag","embeddable":true,"href":"https:\/\/antykilion.pl\/de\/wp-json\/wp\/v2\/product_tag?post=9066"}],"curies":[{"name":"wp","href":"https:\/\/api.w.org\/{rel}","templated":true}]}}