{"id":9078,"date":"2024-12-14T11:34:14","date_gmt":"2024-12-14T10:34:14","guid":{"rendered":"https:\/\/antykilion.pl\/?post_type=product&#038;p=9078"},"modified":"2024-12-14T11:34:15","modified_gmt":"2024-12-14T10:34:15","slug":"serwis-rosenthal-obiadowo-kawowy-maria-w-rozyczki-syg-1930-40r-ogromny-na-11-osob","status":"publish","type":"product","link":"https:\/\/antykilion.pl\/de\/product\/serwis-rosenthal-obiadowo-kawowy-maria-w-rozyczki-syg-1930-40r-ogromny-na-11-osob\/","title":{"rendered":"Serwis Rosenthal obiadowo kawowy Maria w r\u00f3\u017cyczki syg 1930\/40r ogromny na 11 os\u00f3b"},"content":{"rendered":"","protected":false},"excerpt":{"rendered":"<p>Serwis Rosenthal obiadowo kawowy Maria w r\u00f3\u017cyczki syg 1930\/40r ogromny na 11 os\u00f3b<\/p>\n<p>Okazja !!!<\/p>\n<p>Die Website besteht aus:<\/p>\n<p>11 talerzy p\u0142ytkich o \u015brednicy ok. 24,5 cm<\/p>\n<p>11 g\u0142\u0119bokich talerzy, \u015brednica ok. 24,5 cm<\/p>\n<p>11 p\u0142ytek wej\u015bciowych, \u015brednica ok. 22 cm<\/p>\n<p>11 talerzyk\u00f3w \u015bniadaniowych\u00a0 17,5 cm<\/p>\n<p>11 podstawek pod fili\u017canki oko\u0142o 13,5 cm<\/p>\n<p>11 fili\u017canek do kawy jedna ma malutki chip na rancie \u015brednica bez ucha oko\u0142o 8,5 cm wysoko\u015b\u0107 oko\u0142o 6,5 cm<\/p>\n<p>1 Kaffeekanne<\/p>\n<p>1 Zuckerdose<\/p>\n<p>1 Molkerei<\/p>\n<p>1 dzbanek mleka du\u017cy<\/p>\n<p>1 sosjerka du\u017ca, d\u0142ugo\u015b\u0107 23 cm<\/p>\n<p>1 miski do serwowania, \u015brednica ok. 24 cm<\/p>\n<p>5 p\u00f3\u0142misk\u00f3w do serwowania, d\u0142ugo\u015b\u0107 ok. 25 &#8211; 38 cm<\/p>\n<p>1 waza do zupy z pokrywk\u0105, d\u0142ugo\u015b\u0107 ok. 35cm.<\/p>\n<p>Stan bardzo dobry wr\u0119cz idealny<\/p>\n<p>Pi\u0119kny bardzo elegancki<\/p>","protected":false},"featured_media":9079,"comment_status":"closed","ping_status":"closed","template":"","meta":[],"product_cat":[50],"product_tag":[],"class_list":{"0":"post-9078","1":"product","2":"type-product","3":"status-publish","4":"has-post-thumbnail","6":"product_cat-porcelana-i-fajans","8":"entry","9":"has-media","11":"first","12":"instock","13":"taxable","14":"shipping-taxable","15":"purchasable","16":"product-type-simple","17":"has-product-nav","18":"col","19":"span_1_of_3","20":"owp-content-center","21":"owp-thumbs-layout-horizontal","22":"owp-btn-normal","23":"owp-tabs-layout-horizontal"},"aioseo_notices":[],"_links":{"self":[{"href":"https:\/\/antykilion.pl\/de\/wp-json\/wp\/v2\/product\/9078","targetHints":{"allow":["GET"]}}],"collection":[{"href":"https:\/\/antykilion.pl\/de\/wp-json\/wp\/v2\/product"}],"about":[{"href":"https:\/\/antykilion.pl\/de\/wp-json\/wp\/v2\/types\/product"}],"replies":[{"embeddable":true,"href":"https:\/\/antykilion.pl\/de\/wp-json\/wp\/v2\/comments?post=9078"}],"wp:featuredmedia":[{"embeddable":true,"href":"https:\/\/antykilion.pl\/de\/wp-json\/wp\/v2\/media\/9079"}],"wp:attachment":[{"href":"https:\/\/antykilion.pl\/de\/wp-json\/wp\/v2\/media?parent=9078"}],"wp:term":[{"taxonomy":"product_cat","embeddable":true,"href":"https:\/\/antykilion.pl\/de\/wp-json\/wp\/v2\/product_cat?post=9078"},{"taxonomy":"product_tag","embeddable":true,"href":"https:\/\/antykilion.pl\/de\/wp-json\/wp\/v2\/product_tag?post=9078"}],"curies":[{"name":"wp","href":"https:\/\/api.w.org\/{rel}","templated":true}]}}