{"id":9132,"date":"2024-12-15T16:49:44","date_gmt":"2024-12-15T15:49:44","guid":{"rendered":"https:\/\/antykilion.pl\/?post_type=product&#038;p=9132"},"modified":"2024-12-15T16:49:45","modified_gmt":"2024-12-15T15:49:45","slug":"johann-philipp-lembke-1631-1711-bitwa-konna","status":"publish","type":"product","link":"https:\/\/antykilion.pl\/de\/product\/johann-philipp-lembke-1631-1711-bitwa-konna\/","title":{"rendered":"Johann Philipp Lembke 1631-1711 Bitwa Konna"},"content":{"rendered":"","protected":false},"excerpt":{"rendered":"<p>Johann Philipp Lembke 1631-1711 Bitwa Konna<\/p>\n<p>Z podpisem na odwrocie: \u201eOryginalny obraz Johanna Philippa Lembke 1631-1711 po\u015bwiadczony przez Gustafa Jaenssona. F. g\u0142\u00f3wny konserwator Muzeum Narodowego jako kustosz wszystkich pa\u0144stwowych malowide\u0142 batalistycznych w Pa\u0142acu Drottningholm\u201d.<\/p>\n<p>Technik: \u00d6l auf Leinwand<\/p>\n<p>Stan: bardzo dobry,<\/p>\n<p>Sygnatura: p\u0142\u00f3tno dublowane<\/p>\n<p>Wymiary:\u00a0 p\u0142\u00f3tna 101 cm na 140 cm\u00a0 + rama\u00a0 105 cm na 144 cm<\/p>\n<p>Do ka\u017cdego przedmiotu Galeria wystawia certyfikat.<\/p>","protected":false},"featured_media":9133,"comment_status":"closed","ping_status":"closed","template":"","meta":[],"product_cat":[41,39,40],"product_tag":[],"class_list":{"0":"post-9132","1":"product","2":"type-product","3":"status-publish","4":"has-post-thumbnail","6":"product_cat-malarstwo-dawne","7":"product_cat-dziela-sztuki","8":"product_cat-malarstwo","10":"entry","11":"has-media","13":"first","14":"instock","15":"taxable","16":"shipping-taxable","17":"purchasable","18":"product-type-simple","19":"has-product-nav","20":"col","21":"span_1_of_3","22":"owp-content-center","23":"owp-thumbs-layout-horizontal","24":"owp-btn-normal","25":"owp-tabs-layout-horizontal"},"aioseo_notices":[],"_links":{"self":[{"href":"https:\/\/antykilion.pl\/de\/wp-json\/wp\/v2\/product\/9132","targetHints":{"allow":["GET"]}}],"collection":[{"href":"https:\/\/antykilion.pl\/de\/wp-json\/wp\/v2\/product"}],"about":[{"href":"https:\/\/antykilion.pl\/de\/wp-json\/wp\/v2\/types\/product"}],"replies":[{"embeddable":true,"href":"https:\/\/antykilion.pl\/de\/wp-json\/wp\/v2\/comments?post=9132"}],"wp:featuredmedia":[{"embeddable":true,"href":"https:\/\/antykilion.pl\/de\/wp-json\/wp\/v2\/media\/9133"}],"wp:attachment":[{"href":"https:\/\/antykilion.pl\/de\/wp-json\/wp\/v2\/media?parent=9132"}],"wp:term":[{"taxonomy":"product_cat","embeddable":true,"href":"https:\/\/antykilion.pl\/de\/wp-json\/wp\/v2\/product_cat?post=9132"},{"taxonomy":"product_tag","embeddable":true,"href":"https:\/\/antykilion.pl\/de\/wp-json\/wp\/v2\/product_tag?post=9132"}],"curies":[{"name":"wp","href":"https:\/\/api.w.org\/{rel}","templated":true}]}}