{"id":9168,"date":"2024-12-21T07:48:10","date_gmt":"2024-12-21T06:48:10","guid":{"rendered":"https:\/\/antykilion.pl\/?post_type=product&#038;p=9168"},"modified":"2024-12-29T10:03:38","modified_gmt":"2024-12-29T09:03:38","slug":"para-szafek-boulle-xix-w-okolo-1860-obledne-2","status":"publish","type":"product","link":"https:\/\/antykilion.pl\/de\/product\/para-szafek-boulle-xix-w-okolo-1860-obledne-2\/","title":{"rendered":"Para szafek Boulle XIX w oko\u0142o 1860 ob\u0142\u0119dne !!!"},"content":{"rendered":"","protected":false},"excerpt":{"rendered":"<p>Para szafek Boulle XIX w oko\u0142o 1860 ob\u0142\u0119dne !!!<\/p>\n<p>o falistych bokach i froncie i \u015bci\u0119tych frontowych naro\u017cach, zamykane jednoskrzyd\u0142owo, wsparte na konsolowych n\u00f3\u017ckach. Ca\u0142o\u015b\u0107 fornirowana, czarno bejcowana, politurowana na tzw. francuski mat, dekorowana inkrustacj\u0105 z mosi\u0119\u017cnej \u017cy\u0142ki tworz\u0105cej wzory floralne, na tle czerwonawej szylkretu, dodatkowo ozdobiona z\u0142oconymi br\u0105zami. Na skrzydle drzwi owalne medaliony uj\u0119ty profilowan\u0105 mosi\u0119\u017cn\u0105 listw\u0105, i uj\u0119ty tr\u00f3jk\u0105tnymi polami w naro\u017cach. Gzyms g\u00f3rny i cok\u00f3\u0142 uj\u0119te profilowan\u0105 listw\u0105. Frontowe naro\u017ca u g\u00f3ry i u do\u0142u dekorowane rozetami, a w g\u00f3rnej partii tak\u017ce kariatydami. Boki r\u00f3wnie\u017c bogato pokryte marketier\u0105 We wn\u0119trzu dwie p\u00f3\u0142ki;<\/p>\n<p>Mebel dekorowany \u201cmarketeri\u0105 bulowsk\u0105\u201d, technik\u0105 zdobnicz\u0105 rozpowszechnion\u0105 i udoskonalona przez kr\u00f3lewskiego projektanta mebli Charles`a Andre`a Boulle`a (1642 \u2013 1732).<\/p>\n<p>Pi\u0119kne egzemplarze<\/p>\n<p>Sygnatura: br\u0105zy sygnowane<br \/>\nRuchome br\u0105zy stanowi\u0105 o wyrafinowaniu i zainteresowaniu tego mebla, nosz\u0105 znak \u201ePS\u201d odlewni Roule, kt\u00f3ra dzia\u0142a\u0142a do 1856 roku, zanim zosta\u0142a zniszczona przez po\u017car.<\/p>\n<p>Stan: po profesjonalnej konserwacji do\u0142\u0105czone zdj\u0119cie przed<\/p>\n<p>Materia\u0142: grusza, maho\u0144 br\u0105zy z\u0142ocone<\/p>\n<p>Wymiary: wysoko\u015b\u0107 105 cm, d\u0142ugo\u015b\u0107 115 cm, szeroko\u015b\u0107 42 cm<\/p>\n<p>Ob\u0142\u0119dna !!!<\/p>\n<p>Jedno z zdj\u0119\u0107 przedstawia szafki przed konserwacj\u0105 <\/p>","protected":false},"featured_media":9218,"comment_status":"closed","ping_status":"closed","template":"","meta":[],"product_cat":[26,27,17],"product_tag":[],"class_list":{"0":"post-9168","1":"product","2":"type-product","3":"status-publish","4":"has-post-thumbnail","6":"product_cat-komody","7":"product_cat-kredensy-bufety","8":"product_cat-meble","10":"entry","11":"has-media","13":"first","14":"instock","15":"taxable","16":"shipping-taxable","17":"purchasable","18":"product-type-simple","19":"has-product-nav","20":"col","21":"span_1_of_3","22":"owp-content-center","23":"owp-thumbs-layout-horizontal","24":"owp-btn-normal","25":"owp-tabs-layout-horizontal"},"aioseo_notices":[],"_links":{"self":[{"href":"https:\/\/antykilion.pl\/de\/wp-json\/wp\/v2\/product\/9168","targetHints":{"allow":["GET"]}}],"collection":[{"href":"https:\/\/antykilion.pl\/de\/wp-json\/wp\/v2\/product"}],"about":[{"href":"https:\/\/antykilion.pl\/de\/wp-json\/wp\/v2\/types\/product"}],"replies":[{"embeddable":true,"href":"https:\/\/antykilion.pl\/de\/wp-json\/wp\/v2\/comments?post=9168"}],"wp:featuredmedia":[{"embeddable":true,"href":"https:\/\/antykilion.pl\/de\/wp-json\/wp\/v2\/media\/9218"}],"wp:attachment":[{"href":"https:\/\/antykilion.pl\/de\/wp-json\/wp\/v2\/media?parent=9168"}],"wp:term":[{"taxonomy":"product_cat","embeddable":true,"href":"https:\/\/antykilion.pl\/de\/wp-json\/wp\/v2\/product_cat?post=9168"},{"taxonomy":"product_tag","embeddable":true,"href":"https:\/\/antykilion.pl\/de\/wp-json\/wp\/v2\/product_tag?post=9168"}],"curies":[{"name":"wp","href":"https:\/\/api.w.org\/{rel}","templated":true}]}}