{"id":9197,"date":"2024-12-22T12:50:12","date_gmt":"2024-12-22T11:50:12","guid":{"rendered":"https:\/\/antykilion.pl\/?post_type=product&#038;p=9197"},"modified":"2024-12-24T15:27:16","modified_gmt":"2024-12-24T14:27:16","slug":"piekny-stary-gramofon-z-brazowa-tuba-okolo-1915-r","status":"publish","type":"product","link":"https:\/\/antykilion.pl\/de\/product\/piekny-stary-gramofon-z-brazowa-tuba-okolo-1915-r\/","title":{"rendered":"Pi\u0119kny stary gramofon, z br\u0105zow\u0105 tub\u0105 oko\u0142o 1915 r"},"content":{"rendered":"","protected":false},"excerpt":{"rendered":"<p>Pi\u0119kny stary gramofon, z br\u0105zow\u0105 tub\u0105 oko\u0142o 1915 r<\/p>\n<p>Das Ger\u00e4t verf\u00fcgt \u00fcber einen funktionierenden Originalmechanismus, ist vollst\u00e4ndig und kann wiedergegeben werden.<\/p>\n<p>Er ist gereinigt<\/p>\n<p>Eine Holzkiste von 31 x 31 cm<\/p>\n<p>Wysoko\u015b\u0107 z tub\u0105 62 cm, szeroko\u015b\u0107 80 cm<\/p>\n<p>Gramofon patefon, posiada regulator obrot\u00f3w (z boku), hamulec, korbk\u0119 i g\u0142owic\u0119.<\/p>\n<p>Materia\u0142: drewno i metal<\/p>\n<p>Stan bardzo dobry orginalny, przepi\u0119knie gra !!!<\/p>","protected":false},"featured_media":9198,"comment_status":"closed","ping_status":"closed","template":"","meta":[],"product_cat":[55],"product_tag":[],"class_list":{"0":"post-9197","1":"product","2":"type-product","3":"status-publish","4":"has-post-thumbnail","6":"product_cat-varia","8":"entry","9":"has-media","11":"first","12":"instock","13":"taxable","14":"shipping-taxable","15":"purchasable","16":"product-type-simple","17":"has-product-nav","18":"col","19":"span_1_of_3","20":"owp-content-center","21":"owp-thumbs-layout-horizontal","22":"owp-btn-normal","23":"owp-tabs-layout-horizontal"},"aioseo_notices":[],"_links":{"self":[{"href":"https:\/\/antykilion.pl\/de\/wp-json\/wp\/v2\/product\/9197","targetHints":{"allow":["GET"]}}],"collection":[{"href":"https:\/\/antykilion.pl\/de\/wp-json\/wp\/v2\/product"}],"about":[{"href":"https:\/\/antykilion.pl\/de\/wp-json\/wp\/v2\/types\/product"}],"replies":[{"embeddable":true,"href":"https:\/\/antykilion.pl\/de\/wp-json\/wp\/v2\/comments?post=9197"}],"wp:featuredmedia":[{"embeddable":true,"href":"https:\/\/antykilion.pl\/de\/wp-json\/wp\/v2\/media\/9198"}],"wp:attachment":[{"href":"https:\/\/antykilion.pl\/de\/wp-json\/wp\/v2\/media?parent=9197"}],"wp:term":[{"taxonomy":"product_cat","embeddable":true,"href":"https:\/\/antykilion.pl\/de\/wp-json\/wp\/v2\/product_cat?post=9197"},{"taxonomy":"product_tag","embeddable":true,"href":"https:\/\/antykilion.pl\/de\/wp-json\/wp\/v2\/product_tag?post=9197"}],"curies":[{"name":"wp","href":"https:\/\/api.w.org\/{rel}","templated":true}]}}