{"id":9215,"date":"2024-12-29T09:54:28","date_gmt":"2024-12-29T08:54:28","guid":{"rendered":"https:\/\/antykilion.pl\/?post_type=product&#038;p=9215"},"modified":"2024-12-29T09:57:42","modified_gmt":"2024-12-29T08:57:42","slug":"stol-empirowy-xix-w-okolo-1810-r-pochodzenie-zamek-kantonu-vaud","status":"publish","type":"product","link":"https:\/\/antykilion.pl\/de\/product\/stol-empirowy-xix-w-okolo-1810-r-pochodzenie-zamek-kantonu-vaud\/","title":{"rendered":"St\u00f3\u0142 Empirowy XIX w oko\u0142o 1810 r pochodzenie Zamek kantonu Vaud"},"content":{"rendered":"","protected":false},"excerpt":{"rendered":"<p>St\u00f3\u0142 Empirowy XIX w oko\u0142o 1810 r pochodzenie Zamek kantonu Vaud<br \/>\nSt\u00f3\u0142 na tr\u00f3jbocznej podstawie, Blat z Fioletowego marmuru. Nogi zako\u0144czone pazurami z br\u0105zu z\u0142oconego ,<br \/>\nMateria\u0142: Maho\u0144, marmur, br\u0105z z\u0142ocony<br \/>\nZustand: sehr gutes Original<br \/>\nWymiary: wysoko\u015b\u0107 78, \u015brednica blatu 100 cm.<br \/>\nHistoria: zamek w kantonie Vaud sprowadzony i pe\u0142ni\u0105cy dekoracj\u0119 w jednym z pomieszcze\u0144 przez znanego projektanta wn\u0119trz Fr\u00e9d\u00e9rica M\u00e9chiche.<\/p>","protected":false},"featured_media":9217,"comment_status":"closed","ping_status":"closed","template":"","meta":[],"product_cat":[17,33],"product_tag":[],"class_list":{"0":"post-9215","1":"product","2":"type-product","3":"status-publish","4":"has-post-thumbnail","6":"product_cat-meble","7":"product_cat-stoly-stoliki","9":"entry","10":"has-media","12":"first","13":"instock","14":"taxable","15":"shipping-taxable","16":"purchasable","17":"product-type-simple","18":"has-product-nav","19":"col","20":"span_1_of_3","21":"owp-content-center","22":"owp-thumbs-layout-horizontal","23":"owp-btn-normal","24":"owp-tabs-layout-horizontal","25":"has-no-thumbnails"},"aioseo_notices":[],"_links":{"self":[{"href":"https:\/\/antykilion.pl\/de\/wp-json\/wp\/v2\/product\/9215","targetHints":{"allow":["GET"]}}],"collection":[{"href":"https:\/\/antykilion.pl\/de\/wp-json\/wp\/v2\/product"}],"about":[{"href":"https:\/\/antykilion.pl\/de\/wp-json\/wp\/v2\/types\/product"}],"replies":[{"embeddable":true,"href":"https:\/\/antykilion.pl\/de\/wp-json\/wp\/v2\/comments?post=9215"}],"wp:featuredmedia":[{"embeddable":true,"href":"https:\/\/antykilion.pl\/de\/wp-json\/wp\/v2\/media\/9217"}],"wp:attachment":[{"href":"https:\/\/antykilion.pl\/de\/wp-json\/wp\/v2\/media?parent=9215"}],"wp:term":[{"taxonomy":"product_cat","embeddable":true,"href":"https:\/\/antykilion.pl\/de\/wp-json\/wp\/v2\/product_cat?post=9215"},{"taxonomy":"product_tag","embeddable":true,"href":"https:\/\/antykilion.pl\/de\/wp-json\/wp\/v2\/product_tag?post=9215"}],"curies":[{"name":"wp","href":"https:\/\/api.w.org\/{rel}","templated":true}]}}