{"id":9224,"date":"2025-02-14T12:31:06","date_gmt":"2025-02-14T11:31:06","guid":{"rendered":"https:\/\/antykilion.pl\/?post_type=product&#038;p=9224"},"modified":"2025-02-16T15:25:53","modified_gmt":"2025-02-16T14:25:53","slug":"muzealny-zegar-edmund-brookes-amsterdam-xvii-xviii-w-okolo-1790-1710-r","status":"publish","type":"product","link":"https:\/\/antykilion.pl\/de\/product\/muzealny-zegar-edmund-brookes-amsterdam-xvii-xviii-w-okolo-1790-1710-r\/","title":{"rendered":"Muzealny zegar Edmund Brookes Amsterdam, XVII\/ XVIII w oko\u0142o 1690\/1710 r"},"content":{"rendered":"","protected":false},"excerpt":{"rendered":"<p>Muzealny zegar Edmund Brookes Amsterdam, XVII\/ XVIII w oko\u0142o 1690\/1710 r<\/p>\n<p>Zegar pod\u0142ogowy- szafowy<\/p>\n<p>Szeroka szafka coko\u0142owa na konsolowych nogach. Kolumna zegara prostopad\u0142o\u015bcienna z drzwiczkami. Skrzynia drewniana jasna i ciemna z dekoracj\u0105 intarsjowan\u0105 z kwiat\u00f3w i li\u015bci, wazony na kwiaty i jode\u0142ki.<\/p>\n<p>Ed Brookes, ok. 1667- po 1713 Londyn\/Amsterdam. Urodzi\u0142 si\u0119 oko\u0142o 1667 roku w Londynie, a ostatnia wzmianka o nim pochodzi z 1692 roku. \u015alub odby\u0142 si\u0119 14 pa\u017adziernika 1696 r. w \u201eKo\u015bciele angielskim w Amsterdamie\u201d<\/p>\n<p>W tym roku jego warsztat mie\u015bci\u0142 si\u0119 przy Wolvenstraat, a p\u00f3\u017aniej przy Oude Turfmarkt. W roku 1704 jego nazwisko zosta\u0142o wymienione w rejestrze \u201eGoede Mannen\u201d. Jego nazwisko po raz ostatni odnotowano w 1713 roku.<\/p>\n<p>Materia\u0142: maho\u0144, r\u00f3\u017cnego rodzaju forniry<\/p>\n<p>Wymiary: wys. 245 cm, szer. 46 cm, g\u0142\u0119b. 27 cm.<\/p>\n<p>Pochodzenie: Edmund Brookes Amsterdam<\/p>\n<p>Niezwykle efektowny przyk\u0142ad najbardziej luksusowego zegara.<\/p>\n<p>Sch\u00f6n macht einen Eindruck !!!<\/p>","protected":false},"featured_media":9225,"comment_status":"closed","ping_status":"closed","template":"","meta":[],"product_cat":[52,51],"product_tag":[],"class_list":{"0":"post-9224","1":"product","2":"type-product","3":"status-publish","4":"has-post-thumbnail","6":"product_cat-zegary-stojace","7":"product_cat-zegary","9":"entry","10":"has-media","12":"first","13":"instock","14":"taxable","15":"shipping-taxable","16":"purchasable","17":"product-type-simple","18":"has-product-nav","19":"col","20":"span_1_of_3","21":"owp-content-center","22":"owp-thumbs-layout-horizontal","23":"owp-btn-normal","24":"owp-tabs-layout-horizontal"},"aioseo_notices":[],"_links":{"self":[{"href":"https:\/\/antykilion.pl\/de\/wp-json\/wp\/v2\/product\/9224","targetHints":{"allow":["GET"]}}],"collection":[{"href":"https:\/\/antykilion.pl\/de\/wp-json\/wp\/v2\/product"}],"about":[{"href":"https:\/\/antykilion.pl\/de\/wp-json\/wp\/v2\/types\/product"}],"replies":[{"embeddable":true,"href":"https:\/\/antykilion.pl\/de\/wp-json\/wp\/v2\/comments?post=9224"}],"wp:featuredmedia":[{"embeddable":true,"href":"https:\/\/antykilion.pl\/de\/wp-json\/wp\/v2\/media\/9225"}],"wp:attachment":[{"href":"https:\/\/antykilion.pl\/de\/wp-json\/wp\/v2\/media?parent=9224"}],"wp:term":[{"taxonomy":"product_cat","embeddable":true,"href":"https:\/\/antykilion.pl\/de\/wp-json\/wp\/v2\/product_cat?post=9224"},{"taxonomy":"product_tag","embeddable":true,"href":"https:\/\/antykilion.pl\/de\/wp-json\/wp\/v2\/product_tag?post=9224"}],"curies":[{"name":"wp","href":"https:\/\/api.w.org\/{rel}","templated":true}]}}