{"id":9282,"date":"2025-03-20T10:47:13","date_gmt":"2025-03-20T09:47:13","guid":{"rendered":"https:\/\/antykilion.pl\/?post_type=product&#038;p=9282"},"modified":"2025-03-20T10:47:45","modified_gmt":"2025-03-20T09:47:45","slug":"serwantka-przypisywana-francois-linke-xix-w-okolo-1870-r-obledna","status":"publish","type":"product","link":"https:\/\/antykilion.pl\/de\/product\/serwantka-przypisywana-francois-linke-xix-w-okolo-1870-r-obledna\/","title":{"rendered":"Serwantka przypisywana Francois Linke XIX w, oko\u0142o 1870 r ob\u0142\u0119dna !!!"},"content":{"rendered":"","protected":false},"excerpt":{"rendered":"<p>Serwantka przypisywana Francois Linke XIX w, oko\u0142o 1870 r ob\u0142\u0119dna !!!<\/p>\n<p>Zamek wybita piecz\u0119\u0107 Ch. Leidenroth Paris ALF. Schmidt Suc<\/p>\n<p>o prostych bokach i froncie, przeszklona, zamykana jednoskrzyd\u0142owo, wsparta na czterech zbie\u017cnych n\u00f3\u017ckach, fornirowana, intarsjowana romboidalnie, wyko\u0144czona br\u0105zami z\u0142oconymi. Blat z marmuru, plecy w lustrze.<\/p>\n<p>Z dwoma p\u00f3\u0142kami we wn\u0119trzu;<\/p>\n<p>Stan: Bardzo dobry orginalny, widoczne \u015blady u\u017cytkowania<\/p>\n<p>Materia\u0142: R\u00f3\u017ca<\/p>\n<p>Wymiary: wysoko\u015b\u0107 165 cm, d\u0142ugo\u015b\u0107 84 cm, szeroko\u015b\u0107 39 cm<\/p>\n<p>Bardzo wysokiej klasy mebel !!!<\/p>\n<p>Poni\u017cej link z meblem z tym samym stemplem\u00a0<\/p>\n<p>https:\/\/www.adrianalan.com\/es\/product\/a-louis-xv-style-gilt-bronze-mounted-mahogany-dressing-table\/<\/p>","protected":false},"featured_media":9283,"comment_status":"closed","ping_status":"closed","template":"","meta":[],"product_cat":[17,37],"product_tag":[],"class_list":{"0":"post-9282","1":"product","2":"type-product","3":"status-publish","4":"has-post-thumbnail","6":"product_cat-meble","7":"product_cat-witryny-serwantki","9":"entry","10":"has-media","12":"first","13":"instock","14":"taxable","15":"shipping-taxable","16":"purchasable","17":"product-type-simple","18":"has-product-nav","19":"col","20":"span_1_of_3","21":"owp-content-center","22":"owp-thumbs-layout-horizontal","23":"owp-btn-normal","24":"owp-tabs-layout-horizontal","25":"has-no-thumbnails"},"aioseo_notices":[],"_links":{"self":[{"href":"https:\/\/antykilion.pl\/de\/wp-json\/wp\/v2\/product\/9282","targetHints":{"allow":["GET"]}}],"collection":[{"href":"https:\/\/antykilion.pl\/de\/wp-json\/wp\/v2\/product"}],"about":[{"href":"https:\/\/antykilion.pl\/de\/wp-json\/wp\/v2\/types\/product"}],"replies":[{"embeddable":true,"href":"https:\/\/antykilion.pl\/de\/wp-json\/wp\/v2\/comments?post=9282"}],"wp:featuredmedia":[{"embeddable":true,"href":"https:\/\/antykilion.pl\/de\/wp-json\/wp\/v2\/media\/9283"}],"wp:attachment":[{"href":"https:\/\/antykilion.pl\/de\/wp-json\/wp\/v2\/media?parent=9282"}],"wp:term":[{"taxonomy":"product_cat","embeddable":true,"href":"https:\/\/antykilion.pl\/de\/wp-json\/wp\/v2\/product_cat?post=9282"},{"taxonomy":"product_tag","embeddable":true,"href":"https:\/\/antykilion.pl\/de\/wp-json\/wp\/v2\/product_tag?post=9282"}],"curies":[{"name":"wp","href":"https:\/\/api.w.org\/{rel}","templated":true}]}}