{"id":9292,"date":"2025-03-23T14:07:33","date_gmt":"2025-03-23T13:07:33","guid":{"rendered":"https:\/\/antykilion.pl\/?post_type=product&#038;p=9292"},"modified":"2025-06-17T12:55:14","modified_gmt":"2025-06-17T10:55:14","slug":"kufer-skrzynia-barokowa-klasycyzujaca-xviii-w-okolo-1790-1800-r-inkrustowana-i-intarsjowana","status":"publish","type":"product","link":"https:\/\/antykilion.pl\/de\/product\/kufer-skrzynia-barokowa-klasycyzujaca-xviii-w-okolo-1790-1800-r-inkrustowana-i-intarsjowana\/","title":{"rendered":"Kufer &#8211; skrzynia  barokowa klasycyzuj\u0105ca XVIII w oko\u0142o 1790\/1800 r inkrustowana i intarsjowana"},"content":{"rendered":"","protected":false},"excerpt":{"rendered":"<p>Kufer &#8211; skrzynia  barokowa klasycyzuj\u0105ca XVIII w oko\u0142o 1790\/1800 r inkrustowana i intarsjowana<\/p>\n<p>Kufer z lekko wypuk\u0142ym, odk\u0142adanym wiekiem, o prostych bokach, wsparty na, wysokim stela\u017cu, spi\u0119tym falistym krzy\u017cakiem.<\/p>\n<p>Pochodzenie: Polska lub Niemcy, Szwajcaria<\/p>\n<p>Materia\u0142: orzechy, maho\u0144 i kilka innych w intarsji, inkrustowany ko\u015b\u0107 lub masa per\u0142owa<\/p>\n<p>Wymiary: d\u0142ugo\u015b\u0107 70 cm, g\u0142\u0119boko\u015b\u0107 48 cm, wysoko\u015b\u0107 84 cm<\/p>\n<p>Polecam bardzo atrakcyjna cena mebla, warto zainwestowa\u0107 !!!<\/p>","protected":false},"featured_media":9293,"comment_status":"closed","ping_status":"closed","template":"","meta":[],"product_cat":[17,64],"product_tag":[],"class_list":{"0":"post-9292","1":"product","2":"type-product","3":"status-publish","4":"has-post-thumbnail","6":"product_cat-meble","7":"product_cat-skrzynie-meble","9":"entry","10":"has-media","12":"first","13":"instock","14":"taxable","15":"shipping-taxable","16":"purchasable","17":"product-type-simple","18":"has-product-nav","19":"col","20":"span_1_of_3","21":"owp-content-center","22":"owp-thumbs-layout-horizontal","23":"owp-btn-normal","24":"owp-tabs-layout-horizontal"},"aioseo_notices":[],"_links":{"self":[{"href":"https:\/\/antykilion.pl\/de\/wp-json\/wp\/v2\/product\/9292","targetHints":{"allow":["GET"]}}],"collection":[{"href":"https:\/\/antykilion.pl\/de\/wp-json\/wp\/v2\/product"}],"about":[{"href":"https:\/\/antykilion.pl\/de\/wp-json\/wp\/v2\/types\/product"}],"replies":[{"embeddable":true,"href":"https:\/\/antykilion.pl\/de\/wp-json\/wp\/v2\/comments?post=9292"}],"wp:featuredmedia":[{"embeddable":true,"href":"https:\/\/antykilion.pl\/de\/wp-json\/wp\/v2\/media\/9293"}],"wp:attachment":[{"href":"https:\/\/antykilion.pl\/de\/wp-json\/wp\/v2\/media?parent=9292"}],"wp:term":[{"taxonomy":"product_cat","embeddable":true,"href":"https:\/\/antykilion.pl\/de\/wp-json\/wp\/v2\/product_cat?post=9292"},{"taxonomy":"product_tag","embeddable":true,"href":"https:\/\/antykilion.pl\/de\/wp-json\/wp\/v2\/product_tag?post=9292"}],"curies":[{"name":"wp","href":"https:\/\/api.w.org\/{rel}","templated":true}]}}