{"id":9337,"date":"2025-03-23T17:44:32","date_gmt":"2025-03-23T16:44:32","guid":{"rendered":"https:\/\/antykilion.pl\/?post_type=product&#038;p=9337"},"modified":"2026-03-14T12:34:05","modified_gmt":"2026-03-14T11:34:05","slug":"cztery-fotele-z-labedziami-z-konca-xix-w-w-stylu-empirowym-1890-r-obledne","status":"publish","type":"product","link":"https:\/\/antykilion.pl\/de\/product\/cztery-fotele-z-labedziami-z-konca-xix-w-w-stylu-empirowym-1890-r-obledne\/","title":{"rendered":"Cztery fotele z \u0142ab\u0119dziami z ko\u0144ca XIX w, w stylu empirowym 1890 r, ob\u0142\u0119dne"},"content":{"rendered":"","protected":false},"excerpt":{"rendered":"<p>Cztery fotele z \u0142ab\u0119dziami z ko\u0144ca XIX w, w stylu empirowym 1890 r, ob\u0142\u0119dne<\/p>\n<p>Fotele dekorowane pe\u0142no plastycznymi rze\u017abami w formie \u0142ab\u0119dzi. Siedziska wsparte na czterech szablastych nogach, przednich wygi\u0119tych do przodu, tylnych szablastych wygi\u0119tych do ty\u0142u. Fotele o zaokr\u0105glonych oparciach wspartych po\u015brodku falist\u0105 desk\u0105. Siedzenia wy\u015bcie\u0142ane.<\/p>\n<p>Materia\u0142: Brzoza, rze\u017aby buczyna? politurowana na czarno<\/p>\n<p>Pochodzenie: Najprawdopodobniej Rosja<\/p>\n<p>Stan: orginalny, bardzo dobry, widoczne \u015blady u\u017cytkowania,<\/p>\n<p>Wymiary: wysoko\u015b\u0107 siedziska oko\u0142o 47 cm, wysoko\u015b\u0107 oparcia oko\u0142o 70 cm.<\/p>\n<p>Ogromna rzadko\u015b\u0107 !!!!<\/p>","protected":false},"featured_media":9338,"comment_status":"closed","ping_status":"closed","template":"","meta":[],"product_cat":[24,28,17],"product_tag":[],"class_list":{"0":"post-9337","1":"product","2":"type-product","3":"status-publish","4":"has-post-thumbnail","6":"product_cat-fotele","7":"product_cat-krzesla","8":"product_cat-meble","10":"entry","11":"has-media","13":"first","14":"instock","15":"taxable","16":"shipping-taxable","17":"purchasable","18":"product-type-simple","19":"has-product-nav","20":"col","21":"span_1_of_3","22":"owp-content-center","23":"owp-thumbs-layout-horizontal","24":"owp-btn-normal","25":"owp-tabs-layout-horizontal"},"aioseo_notices":[],"_links":{"self":[{"href":"https:\/\/antykilion.pl\/de\/wp-json\/wp\/v2\/product\/9337","targetHints":{"allow":["GET"]}}],"collection":[{"href":"https:\/\/antykilion.pl\/de\/wp-json\/wp\/v2\/product"}],"about":[{"href":"https:\/\/antykilion.pl\/de\/wp-json\/wp\/v2\/types\/product"}],"replies":[{"embeddable":true,"href":"https:\/\/antykilion.pl\/de\/wp-json\/wp\/v2\/comments?post=9337"}],"wp:featuredmedia":[{"embeddable":true,"href":"https:\/\/antykilion.pl\/de\/wp-json\/wp\/v2\/media\/9338"}],"wp:attachment":[{"href":"https:\/\/antykilion.pl\/de\/wp-json\/wp\/v2\/media?parent=9337"}],"wp:term":[{"taxonomy":"product_cat","embeddable":true,"href":"https:\/\/antykilion.pl\/de\/wp-json\/wp\/v2\/product_cat?post=9337"},{"taxonomy":"product_tag","embeddable":true,"href":"https:\/\/antykilion.pl\/de\/wp-json\/wp\/v2\/product_tag?post=9337"}],"curies":[{"name":"wp","href":"https:\/\/api.w.org\/{rel}","templated":true}]}}