{"id":9406,"date":"2025-04-06T17:35:36","date_gmt":"2025-04-06T15:35:36","guid":{"rendered":"https:\/\/antykilion.pl\/?post_type=product&#038;p=9406"},"modified":"2026-03-14T12:46:36","modified_gmt":"2026-03-14T11:46:36","slug":"stol-klasycystyczny-przelom-xviii-xix-w-okolo-1790-1810-r-bogato-intarsjowany-rzadkosc","status":"publish","type":"product","link":"https:\/\/antykilion.pl\/de\/product\/stol-klasycystyczny-przelom-xviii-xix-w-okolo-1790-1810-r-bogato-intarsjowany-rzadkosc\/","title":{"rendered":"St\u00f3\u0142 klasycystyczny prze\u0142om XVIII\/XIX w oko\u0142o 1790\/1810 r bogato intarsjowany rzadko\u015b\u0107 !!!"},"content":{"rendered":"","protected":false},"excerpt":{"rendered":"<p>St\u00f3\u0142 klasycystyczny prze\u0142om XVIII\/XIX w oko\u0142o 1790\/1810 r bogato intarsjowany rzadko\u015b\u0107 !!!<\/p>\n<p>z prostok\u0105tnym blatem i szufladk\u0105, wsparty na czterech zbie\u017cnych n\u00f3\u017ckach, fornirowany i bogato intarsjowany w kwiaty, papugi, motyle. Ob\u0142\u0119dny<\/p>\n<p>Materia\u0142: Palisander oraz w intarsji Jawor?<\/p>\n<p>Stan:\u00a0 dobry jak na stan orginalny widoczne \u015blady u\u017cytkowania, stare naprawione rozeschni\u0119cia co jest naturalne przy tak mocno intarsjowanych meblach, niestety kto\u015b przyci\u0105\u0142 nogi, ale to mu w niczym nie umniejsza<\/p>\n<p>Wymiary: wysoko\u015b\u0107 58 cm, d\u0142ugo\u015b\u0107 108 cm, szer. 82 cm<\/p>\n<p>Okazja !!!<\/p>","protected":false},"featured_media":9407,"comment_status":"closed","ping_status":"closed","template":"","meta":[],"product_cat":[17,33],"product_tag":[],"class_list":{"0":"post-9406","1":"product","2":"type-product","3":"status-publish","4":"has-post-thumbnail","6":"product_cat-meble","7":"product_cat-stoly-stoliki","9":"entry","10":"has-media","12":"first","13":"instock","14":"taxable","15":"shipping-taxable","16":"purchasable","17":"product-type-simple","18":"has-product-nav","19":"col","20":"span_1_of_3","21":"owp-content-center","22":"owp-thumbs-layout-horizontal","23":"owp-btn-normal","24":"owp-tabs-layout-horizontal"},"aioseo_notices":[],"_links":{"self":[{"href":"https:\/\/antykilion.pl\/de\/wp-json\/wp\/v2\/product\/9406","targetHints":{"allow":["GET"]}}],"collection":[{"href":"https:\/\/antykilion.pl\/de\/wp-json\/wp\/v2\/product"}],"about":[{"href":"https:\/\/antykilion.pl\/de\/wp-json\/wp\/v2\/types\/product"}],"replies":[{"embeddable":true,"href":"https:\/\/antykilion.pl\/de\/wp-json\/wp\/v2\/comments?post=9406"}],"wp:featuredmedia":[{"embeddable":true,"href":"https:\/\/antykilion.pl\/de\/wp-json\/wp\/v2\/media\/9407"}],"wp:attachment":[{"href":"https:\/\/antykilion.pl\/de\/wp-json\/wp\/v2\/media?parent=9406"}],"wp:term":[{"taxonomy":"product_cat","embeddable":true,"href":"https:\/\/antykilion.pl\/de\/wp-json\/wp\/v2\/product_cat?post=9406"},{"taxonomy":"product_tag","embeddable":true,"href":"https:\/\/antykilion.pl\/de\/wp-json\/wp\/v2\/product_tag?post=9406"}],"curies":[{"name":"wp","href":"https:\/\/api.w.org\/{rel}","templated":true}]}}