{"id":9443,"date":"2025-05-08T14:18:17","date_gmt":"2025-05-08T12:18:17","guid":{"rendered":"https:\/\/antykilion.pl\/?post_type=product&#038;p=9443"},"modified":"2026-03-12T09:45:31","modified_gmt":"2026-03-12T08:45:31","slug":"zegar-cartel-w-stylu-ludwika-xvi-okolo-1870-japy-freres","status":"publish","type":"product","link":"https:\/\/antykilion.pl\/de\/product\/zegar-cartel-w-stylu-ludwika-xvi-okolo-1870-japy-freres\/","title":{"rendered":"Zegar Cartel w stylu ludwika XVI oko\u0142o 1870 Japy Freres"},"content":{"rendered":"","protected":false},"excerpt":{"rendered":"<p>Zegar Cartel w stylu ludwika XVI oko\u0142o 1870 Japy Freres<\/p>\n<p>w obudowie z br\u0105zu z\u0142oconego, zdobionej motywami akantu, girland laurowych, kratki regencyjnej i plecionki; w zwie\u0144czeniu wst\u0119ga zwi\u0105zana w kokard\u0119, nad ni\u0105 amfora zako\u0144czona karczochem; mechanizm francuski, z naci\u0105giem spr\u0119\u017cynowym i wychwytem kotwicznym z regulatorem wahad\u0142owym; paryski system bicia godzin i p\u00f3\u0142godzin; tarcza oszklona, pokryta bia\u0142\u0105 emali\u0105, z rzymskim podzia\u0142em godzinowym i minutowym arabskim;<\/p>\n<p>PI\u0118KNY MODEL !!!<\/p>\n<p>Sygnatura: mechanizm sygnowany Francuski<\/p>\n<p>Japy Freres<br \/>\nWymiary:  wysoko\u015b\u0107 53 cm<\/p>\n<p>Materia\u0142: br\u0105z z\u0142ocony, emalia, szk\u0142o, mosi\u0105dz;<\/p>\n<p>Stan: bardzo dobry ma\u0142a ryska na tarczy, nie widoczna go\u0142ym okiem, mechanizm po przegl\u0105dzie zegarmistrzowskim<\/p>","protected":false},"featured_media":9444,"comment_status":"closed","ping_status":"closed","template":"","meta":[],"product_cat":[53,51],"product_tag":[],"class_list":{"0":"post-9443","1":"product","2":"type-product","3":"status-publish","4":"has-post-thumbnail","6":"product_cat-zegary-wiszace","7":"product_cat-zegary","9":"entry","10":"has-media","12":"first","13":"instock","14":"taxable","15":"shipping-taxable","16":"purchasable","17":"product-type-simple","18":"has-product-nav","19":"col","20":"span_1_of_3","21":"owp-content-center","22":"owp-thumbs-layout-horizontal","23":"owp-btn-normal","24":"owp-tabs-layout-horizontal"},"aioseo_notices":[],"_links":{"self":[{"href":"https:\/\/antykilion.pl\/de\/wp-json\/wp\/v2\/product\/9443","targetHints":{"allow":["GET"]}}],"collection":[{"href":"https:\/\/antykilion.pl\/de\/wp-json\/wp\/v2\/product"}],"about":[{"href":"https:\/\/antykilion.pl\/de\/wp-json\/wp\/v2\/types\/product"}],"replies":[{"embeddable":true,"href":"https:\/\/antykilion.pl\/de\/wp-json\/wp\/v2\/comments?post=9443"}],"wp:featuredmedia":[{"embeddable":true,"href":"https:\/\/antykilion.pl\/de\/wp-json\/wp\/v2\/media\/9444"}],"wp:attachment":[{"href":"https:\/\/antykilion.pl\/de\/wp-json\/wp\/v2\/media?parent=9443"}],"wp:term":[{"taxonomy":"product_cat","embeddable":true,"href":"https:\/\/antykilion.pl\/de\/wp-json\/wp\/v2\/product_cat?post=9443"},{"taxonomy":"product_tag","embeddable":true,"href":"https:\/\/antykilion.pl\/de\/wp-json\/wp\/v2\/product_tag?post=9443"}],"curies":[{"name":"wp","href":"https:\/\/api.w.org\/{rel}","templated":true}]}}