{"id":9446,"date":"2025-05-08T14:45:13","date_gmt":"2025-05-08T12:45:13","guid":{"rendered":"https:\/\/antykilion.pl\/?post_type=product&#038;p=9446"},"modified":"2025-05-08T14:45:14","modified_gmt":"2025-05-08T12:45:14","slug":"para-5-swiecowych-kandelabrow-w-manierze-ludwika-xvi-xix-w-1870-r-sliczne","status":"publish","type":"product","link":"https:\/\/antykilion.pl\/de\/product\/para-5-swiecowych-kandelabrow-w-manierze-ludwika-xvi-xix-w-1870-r-sliczne\/","title":{"rendered":"Para 5 \u015bwiecowych, kandelabr\u00f3w w manierze Ludwika XVI XIX w 1870 r, \u015bliczne"},"content":{"rendered":"","protected":false},"excerpt":{"rendered":"<p>Para 5 \u015bwiecowych, kandelabr\u00f3w w manierze Ludwika XVI XIX w 1870 r, \u015bliczne<\/p>\n<p>Para kandelabr\u00f3w, XIX w z\u0142oconych. Polichromowany wystr\u00f3j malarski przedstawiaj\u0105cy putta. Po pi\u0119\u0107 \u015bwiec ka\u017cda. Odpinane lekkie mankiety.<\/p>\n<p>Materia\u0142: Br\u0105z z\u0142ocony i porcelana<\/p>\n<p>Wymiary: Wysoko\u015b\u0107 41 cm. szeroko\u015b\u0107\u00a0 oko\u0142o 30 cm<\/p>\n<p>Stan: bardzo dobry. Pi\u0119kne !!!<\/p>","protected":false},"featured_media":9447,"comment_status":"closed","ping_status":"closed","template":"","meta":[],"product_cat":[47,55],"product_tag":[],"class_list":{"0":"post-9446","1":"product","2":"type-product","3":"status-publish","4":"has-post-thumbnail","6":"product_cat-oswietlenie","7":"product_cat-varia","9":"entry","10":"has-media","12":"first","13":"instock","14":"taxable","15":"shipping-taxable","16":"purchasable","17":"product-type-simple","18":"has-product-nav","19":"col","20":"span_1_of_3","21":"owp-content-center","22":"owp-thumbs-layout-horizontal","23":"owp-btn-normal","24":"owp-tabs-layout-horizontal"},"aioseo_notices":[],"_links":{"self":[{"href":"https:\/\/antykilion.pl\/de\/wp-json\/wp\/v2\/product\/9446","targetHints":{"allow":["GET"]}}],"collection":[{"href":"https:\/\/antykilion.pl\/de\/wp-json\/wp\/v2\/product"}],"about":[{"href":"https:\/\/antykilion.pl\/de\/wp-json\/wp\/v2\/types\/product"}],"replies":[{"embeddable":true,"href":"https:\/\/antykilion.pl\/de\/wp-json\/wp\/v2\/comments?post=9446"}],"wp:featuredmedia":[{"embeddable":true,"href":"https:\/\/antykilion.pl\/de\/wp-json\/wp\/v2\/media\/9447"}],"wp:attachment":[{"href":"https:\/\/antykilion.pl\/de\/wp-json\/wp\/v2\/media?parent=9446"}],"wp:term":[{"taxonomy":"product_cat","embeddable":true,"href":"https:\/\/antykilion.pl\/de\/wp-json\/wp\/v2\/product_cat?post=9446"},{"taxonomy":"product_tag","embeddable":true,"href":"https:\/\/antykilion.pl\/de\/wp-json\/wp\/v2\/product_tag?post=9446"}],"curies":[{"name":"wp","href":"https:\/\/api.w.org\/{rel}","templated":true}]}}