{"id":9453,"date":"2025-05-08T15:00:12","date_gmt":"2025-05-08T13:00:12","guid":{"rendered":"https:\/\/antykilion.pl\/?post_type=product&#038;p=9453"},"modified":"2025-11-30T08:47:45","modified_gmt":"2025-11-30T07:47:45","slug":"bukiet-kolorowych-roz-w-wazonie-xix-xx-w-sygnowany-piekny","status":"publish","type":"product","link":"https:\/\/antykilion.pl\/de\/product\/bukiet-kolorowych-roz-w-wazonie-xix-xx-w-sygnowany-piekny\/","title":{"rendered":"Bukiet kolorowych r\u00f3\u017c w wazonie, XIX\/XX w sygnowany, pi\u0119kny"},"content":{"rendered":"","protected":false},"excerpt":{"rendered":"<p>Bukiet kolorowych r\u00f3\u017c w wazonie, XIX\/XX w sygnowany, pi\u0119kny<\/p>\n<p>Przepi\u0119kna owalna rama typowa dla epoki.<\/p>\n<p>Technika: olej na tekturze co mu w niczym nie uw\u0142acza<\/p>\n<p>Stan: bardzo dobry,<\/p>\n<p>Unterschrift: auf dem Foto sichtbar<\/p>\n<p>Wymiary:\u00a0 68 cm na 48 cm + rama<\/p>\n<p>Do ka\u017cdego przedmiotu Galeria wystawia certyfikat.<\/p>","protected":false},"featured_media":9454,"comment_status":"closed","ping_status":"closed","template":"","meta":[],"product_cat":[41,39,40],"product_tag":[],"class_list":{"0":"post-9453","1":"product","2":"type-product","3":"status-publish","4":"has-post-thumbnail","6":"product_cat-malarstwo-dawne","7":"product_cat-dziela-sztuki","8":"product_cat-malarstwo","10":"entry","11":"has-media","13":"first","14":"instock","15":"taxable","16":"shipping-taxable","17":"purchasable","18":"product-type-simple","19":"has-product-nav","20":"col","21":"span_1_of_3","22":"owp-content-center","23":"owp-thumbs-layout-horizontal","24":"owp-btn-normal","25":"owp-tabs-layout-horizontal","26":"has-no-thumbnails"},"aioseo_notices":[],"_links":{"self":[{"href":"https:\/\/antykilion.pl\/de\/wp-json\/wp\/v2\/product\/9453","targetHints":{"allow":["GET"]}}],"collection":[{"href":"https:\/\/antykilion.pl\/de\/wp-json\/wp\/v2\/product"}],"about":[{"href":"https:\/\/antykilion.pl\/de\/wp-json\/wp\/v2\/types\/product"}],"replies":[{"embeddable":true,"href":"https:\/\/antykilion.pl\/de\/wp-json\/wp\/v2\/comments?post=9453"}],"wp:featuredmedia":[{"embeddable":true,"href":"https:\/\/antykilion.pl\/de\/wp-json\/wp\/v2\/media\/9454"}],"wp:attachment":[{"href":"https:\/\/antykilion.pl\/de\/wp-json\/wp\/v2\/media?parent=9453"}],"wp:term":[{"taxonomy":"product_cat","embeddable":true,"href":"https:\/\/antykilion.pl\/de\/wp-json\/wp\/v2\/product_cat?post=9453"},{"taxonomy":"product_tag","embeddable":true,"href":"https:\/\/antykilion.pl\/de\/wp-json\/wp\/v2\/product_tag?post=9453"}],"curies":[{"name":"wp","href":"https:\/\/api.w.org\/{rel}","templated":true}]}}