{"id":9486,"date":"2025-06-04T11:07:44","date_gmt":"2025-06-04T09:07:44","guid":{"rendered":"https:\/\/antykilion.pl\/?post_type=product&#038;p=9486"},"modified":"2025-06-04T15:31:08","modified_gmt":"2025-06-04T13:31:08","slug":"szabla-francuska-wzor-1821-nalezala-do-oficera-piechoty-klingenthal-1834-manufaktura-krolewska","status":"publish","type":"product","link":"https:\/\/antykilion.pl\/de\/product\/szabla-francuska-wzor-1821-nalezala-do-oficera-piechoty-klingenthal-1834-manufaktura-krolewska\/","title":{"rendered":"Szabla Francuska, wz\u00f3r 1821. Nale\u017ca\u0142a do oficera piechoty, Klingenthal 1834 manufaktura kr\u00f3lewska"},"content":{"rendered":"","protected":false},"excerpt":{"rendered":"<p>Szabla Francuska oficera piechoty, w pochwie, wz. 1821,\u00a0 orgina\u0142 !<br \/>\nSzabla Francuska, wz\u00f3r 1821. Nale\u017ca\u0142a do oficera piechoty, Klingenthal 1834 manufaktura kr\u00f3lewska. Szabla posiada wyj\u0105tkow\u0105 g\u0142owni\u0119 zrobion\u0105 na zam\u00f3wienie, do kt\u00f3rej wyrobu zastosowano rozmaite techniki obr\u00f3bki metalu. Pochwa sk\u00f3rzana z mosi\u0119\u017cnymi okuciami.<\/p>\n<p>stal, mosi\u0105dz, drewno, sk\u00f3ra, oplot mosi\u0119\u017cny; d\u0142ugo\u015b\u0107 ca\u0142kowita w pochwie: 93 cm,<\/p>\n<p>na grzbiecie grawerowana: model i rok produkcji;<\/p>\n<p>Francja, Napis grawerowany Klingenthal 1834, manufaktura kr\u00f3lewska w Klingenthal,<\/p>\n<p>Stan do czyszczenia: Pi\u0119kna<\/p>","protected":false},"featured_media":9487,"comment_status":"closed","ping_status":"closed","template":"","meta":[],"product_cat":[70],"product_tag":[],"class_list":{"0":"post-9486","1":"product","2":"type-product","3":"status-publish","4":"has-post-thumbnail","6":"product_cat-bron","8":"entry","9":"has-media","11":"first","12":"instock","13":"taxable","14":"shipping-taxable","15":"purchasable","16":"product-type-simple","17":"has-product-nav","18":"col","19":"span_1_of_3","20":"owp-content-center","21":"owp-thumbs-layout-horizontal","22":"owp-btn-normal","23":"owp-tabs-layout-horizontal"},"aioseo_notices":[],"_links":{"self":[{"href":"https:\/\/antykilion.pl\/de\/wp-json\/wp\/v2\/product\/9486","targetHints":{"allow":["GET"]}}],"collection":[{"href":"https:\/\/antykilion.pl\/de\/wp-json\/wp\/v2\/product"}],"about":[{"href":"https:\/\/antykilion.pl\/de\/wp-json\/wp\/v2\/types\/product"}],"replies":[{"embeddable":true,"href":"https:\/\/antykilion.pl\/de\/wp-json\/wp\/v2\/comments?post=9486"}],"wp:featuredmedia":[{"embeddable":true,"href":"https:\/\/antykilion.pl\/de\/wp-json\/wp\/v2\/media\/9487"}],"wp:attachment":[{"href":"https:\/\/antykilion.pl\/de\/wp-json\/wp\/v2\/media?parent=9486"}],"wp:term":[{"taxonomy":"product_cat","embeddable":true,"href":"https:\/\/antykilion.pl\/de\/wp-json\/wp\/v2\/product_cat?post=9486"},{"taxonomy":"product_tag","embeddable":true,"href":"https:\/\/antykilion.pl\/de\/wp-json\/wp\/v2\/product_tag?post=9486"}],"curies":[{"name":"wp","href":"https:\/\/api.w.org\/{rel}","templated":true}]}}