{"id":9494,"date":"2025-06-04T12:10:03","date_gmt":"2025-06-04T10:10:03","guid":{"rendered":"https:\/\/antykilion.pl\/?post_type=product&#038;p=9494"},"modified":"2025-06-04T15:28:53","modified_gmt":"2025-06-04T13:28:53","slug":"szabla-francuska-w-pochwie-oficera-piechoty-m-1845-orginal","status":"publish","type":"product","link":"https:\/\/antykilion.pl\/de\/product\/szabla-francuska-w-pochwie-oficera-piechoty-m-1845-orginal\/","title":{"rendered":"Szabla Francuska w pochwie, oficera piechoty m 1845  Orgina\u0142 !!!"},"content":{"rendered":"","protected":false},"excerpt":{"rendered":"<p>Szabla Francuska w pochwie, oficera piechoty m 1845 \u00a0Orgina\u0142 !!!<br \/>\nSzabla Francuska, wz\u00f3r 1845. Nale\u017ca\u0142a do oficera piechoty, Nigdy nie rozkuwana.<\/p>\n<p>stal, mosi\u0105dz, drewno, sk\u00f3ra, oplot mosi\u0119\u017cny; d\u0142ugo\u015b\u0107 ca\u0142kowita w pochwie: 99 cm,<\/p>\n<p>Francja,<\/p>\n<p>Stan do czyszczenia: Pi\u0119kna i znakomity orginalny stan !!!<\/p>","protected":false},"featured_media":9495,"comment_status":"closed","ping_status":"closed","template":"","meta":[],"product_cat":[70],"product_tag":[],"class_list":{"0":"post-9494","1":"product","2":"type-product","3":"status-publish","4":"has-post-thumbnail","6":"product_cat-bron","8":"entry","9":"has-media","11":"first","12":"instock","13":"taxable","14":"shipping-taxable","15":"purchasable","16":"product-type-simple","17":"has-product-nav","18":"col","19":"span_1_of_3","20":"owp-content-center","21":"owp-thumbs-layout-horizontal","22":"owp-btn-normal","23":"owp-tabs-layout-horizontal"},"aioseo_notices":[],"_links":{"self":[{"href":"https:\/\/antykilion.pl\/de\/wp-json\/wp\/v2\/product\/9494","targetHints":{"allow":["GET"]}}],"collection":[{"href":"https:\/\/antykilion.pl\/de\/wp-json\/wp\/v2\/product"}],"about":[{"href":"https:\/\/antykilion.pl\/de\/wp-json\/wp\/v2\/types\/product"}],"replies":[{"embeddable":true,"href":"https:\/\/antykilion.pl\/de\/wp-json\/wp\/v2\/comments?post=9494"}],"wp:featuredmedia":[{"embeddable":true,"href":"https:\/\/antykilion.pl\/de\/wp-json\/wp\/v2\/media\/9495"}],"wp:attachment":[{"href":"https:\/\/antykilion.pl\/de\/wp-json\/wp\/v2\/media?parent=9494"}],"wp:term":[{"taxonomy":"product_cat","embeddable":true,"href":"https:\/\/antykilion.pl\/de\/wp-json\/wp\/v2\/product_cat?post=9494"},{"taxonomy":"product_tag","embeddable":true,"href":"https:\/\/antykilion.pl\/de\/wp-json\/wp\/v2\/product_tag?post=9494"}],"curies":[{"name":"wp","href":"https:\/\/api.w.org\/{rel}","templated":true}]}}