{"id":955,"date":"2020-02-02T18:30:42","date_gmt":"2020-02-02T17:30:42","guid":{"rendered":"https:\/\/antykilion.pl\/?post_type=product&#038;p=955"},"modified":"2026-04-08T13:45:37","modified_gmt":"2026-04-08T11:45:37","slug":"ernst-hugo-lorenz-murowana-pojezierze","status":"publish","type":"product","link":"https:\/\/antykilion.pl\/de\/product\/ernst-hugo-lorenz-murowana-pojezierze\/","title":{"rendered":"Ernst Hugo Lorenz-Murowana Lake District"},"content":{"rendered":"<p>Ernst Hugo Lorenz-Murowana (* 27. Oktober 1872 in Murowana Go\u015blina, * 1950 in Berlin oder R\u00fcgen [1]) - deutscher Maler.<\/p>\n<p>Er stammte aus einer gro\u00dfen Familie mit tiefen k\u00fcnstlerischen Traditionen, in der sich Spitznamen von ihrem Geburtsort gegeben wurden. Er verlie\u00df die Provinz Posen und ging nach Berlin, wo er Malerei und Grafik studierte. Nach seinem Abschluss blieb er dort dauerhaft, neben der Malerei war er auch Kunstkonservator.<\/p>\n<p>Ein gro\u00dfer Teil seiner Arbeit ist \u00d6lmalerei, die Themen der Gem\u00e4lde waren Innenr\u00e4ume und Stillleben, aber das h\u00e4ufigste Motiv waren die Seest\u00fccke Pommerns und der Ostsee sowie die idyllischen Landschaften Brandenburgs. Viel seltener verewigte er die Veduta und die Stadtlandschaft Berlins und Potsdams, wo im Vordergrund Fl\u00fcsse oder Stauseen zu sehen sind, oft nachts.<\/p>","protected":false},"excerpt":{"rendered":"<p>Ernst Hugo Lorenz-Murowana (* 27. Oktober 1872 in Murowana Go\u015blina)<br \/>\nEin wundersch\u00f6ner Blick auf das Seengebiet in einem sehr interessanten Farbschema.<br \/>\nGro\u00dfformatiges Bild, sehr dekorativ, schlechte Qualit\u00e4t der Fotos, f\u00fcr die wir uns entschuldigen.<br \/>\nTechnik: \u00d6l auf Leinwand.<br \/>\nSehr guter Zustand der Leinwand, leichte Kratzer am Rahmen.<br \/>\nZeitraum: Ende des 19. Jahrhunderts Anfang des 20. Jahrhunderts<br \/>\nAbmessungen: mit einem Rahmen von 124 cm x 84 cm <\/p>","protected":false},"featured_media":10941,"comment_status":"closed","ping_status":"closed","template":"","meta":[],"product_cat":[41,39,40],"product_tag":[],"class_list":{"0":"post-955","1":"product","2":"type-product","3":"status-publish","4":"has-post-thumbnail","6":"product_cat-malarstwo-dawne","7":"product_cat-dziela-sztuki","8":"product_cat-malarstwo","10":"entry","11":"has-media","13":"first","14":"instock","15":"taxable","16":"shipping-taxable","17":"purchasable","18":"product-type-simple","19":"has-product-nav","20":"col","21":"span_1_of_3","22":"owp-content-center","23":"owp-thumbs-layout-horizontal","24":"owp-btn-normal","25":"owp-tabs-layout-horizontal"},"aioseo_notices":[],"_links":{"self":[{"href":"https:\/\/antykilion.pl\/de\/wp-json\/wp\/v2\/product\/955","targetHints":{"allow":["GET"]}}],"collection":[{"href":"https:\/\/antykilion.pl\/de\/wp-json\/wp\/v2\/product"}],"about":[{"href":"https:\/\/antykilion.pl\/de\/wp-json\/wp\/v2\/types\/product"}],"replies":[{"embeddable":true,"href":"https:\/\/antykilion.pl\/de\/wp-json\/wp\/v2\/comments?post=955"}],"wp:featuredmedia":[{"embeddable":true,"href":"https:\/\/antykilion.pl\/de\/wp-json\/wp\/v2\/media\/10941"}],"wp:attachment":[{"href":"https:\/\/antykilion.pl\/de\/wp-json\/wp\/v2\/media?parent=955"}],"wp:term":[{"taxonomy":"product_cat","embeddable":true,"href":"https:\/\/antykilion.pl\/de\/wp-json\/wp\/v2\/product_cat?post=955"},{"taxonomy":"product_tag","embeddable":true,"href":"https:\/\/antykilion.pl\/de\/wp-json\/wp\/v2\/product_tag?post=955"}],"curies":[{"name":"wp","href":"https:\/\/api.w.org\/{rel}","templated":true}]}}