{"id":9559,"date":"2025-06-06T13:06:20","date_gmt":"2025-06-06T11:06:20","guid":{"rendered":"https:\/\/antykilion.pl\/?post_type=product&#038;p=9559"},"modified":"2025-11-03T05:26:18","modified_gmt":"2025-11-03T04:26:18","slug":"serwis-6-osob-rosenthal-sanssouci-1937-w-perelki-duze-filizanki","status":"publish","type":"product","link":"https:\/\/antykilion.pl\/de\/product\/serwis-6-osob-rosenthal-sanssouci-1937-w-perelki-duze-filizanki\/","title":{"rendered":"Serwis 6 os\u00f3b Rosenthal Sanssouci 1937 w pere\u0142ki !!! du\u017ce fili\u017canki!"},"content":{"rendered":"","protected":false},"excerpt":{"rendered":"<p>Serwis Rosenthal Sanssouci kawowy bia\u0142y w pere\u0142ki wyko\u0144czony z\u0142oceniami du\u017ce fili\u017canki !<\/p>\n<p>Die Website enth\u00e4lt<\/p>\n<p>6 talerzyk\u00f3w deserowych 18 cm<\/p>\n<p>6 spodk\u00f3w pod fili\u017canki 14 cm<\/p>\n<p>6 fili\u017canek \u015brednica bez ucha 7 cm, z uchem 9,5 cm wys. 6,5 cm<\/p>\n<p>1 cukiernica wysoko\u015b\u0107 14,5\u00a0 cm<\/p>\n<p>1 mlecznik wysoko\u015b\u0107 10 cm<\/p>\n<p>1 dzbanek do kawy wysoko\u015b\u0107 24 cm<\/p>\n<p>Pi\u0119kna klasyka z 1937 roku!!!<\/p>\n<p>stan: bardzo dobry<\/p>\n<p>okazjonalna cena !!!<\/p>","protected":false},"featured_media":9560,"comment_status":"closed","ping_status":"closed","template":"","meta":[],"product_cat":[50],"product_tag":[],"class_list":{"0":"post-9559","1":"product","2":"type-product","3":"status-publish","4":"has-post-thumbnail","6":"product_cat-porcelana-i-fajans","8":"entry","9":"has-media","11":"first","12":"instock","13":"taxable","14":"shipping-taxable","15":"purchasable","16":"product-type-simple","17":"has-product-nav","18":"col","19":"span_1_of_3","20":"owp-content-center","21":"owp-thumbs-layout-horizontal","22":"owp-btn-normal","23":"owp-tabs-layout-horizontal"},"aioseo_notices":[],"_links":{"self":[{"href":"https:\/\/antykilion.pl\/de\/wp-json\/wp\/v2\/product\/9559","targetHints":{"allow":["GET"]}}],"collection":[{"href":"https:\/\/antykilion.pl\/de\/wp-json\/wp\/v2\/product"}],"about":[{"href":"https:\/\/antykilion.pl\/de\/wp-json\/wp\/v2\/types\/product"}],"replies":[{"embeddable":true,"href":"https:\/\/antykilion.pl\/de\/wp-json\/wp\/v2\/comments?post=9559"}],"wp:featuredmedia":[{"embeddable":true,"href":"https:\/\/antykilion.pl\/de\/wp-json\/wp\/v2\/media\/9560"}],"wp:attachment":[{"href":"https:\/\/antykilion.pl\/de\/wp-json\/wp\/v2\/media?parent=9559"}],"wp:term":[{"taxonomy":"product_cat","embeddable":true,"href":"https:\/\/antykilion.pl\/de\/wp-json\/wp\/v2\/product_cat?post=9559"},{"taxonomy":"product_tag","embeddable":true,"href":"https:\/\/antykilion.pl\/de\/wp-json\/wp\/v2\/product_tag?post=9559"}],"curies":[{"name":"wp","href":"https:\/\/api.w.org\/{rel}","templated":true}]}}