{"id":9583,"date":"2025-06-06T14:43:47","date_gmt":"2025-06-06T12:43:47","guid":{"rendered":"https:\/\/antykilion.pl\/?post_type=product&#038;p=9583"},"modified":"2025-06-06T14:43:47","modified_gmt":"2025-06-06T12:43:47","slug":"serwis-12-osob-obiadowy-selb-paul-muller-secesja-piekna-dekoracja-kwiatowa-lata-1890-1900-r","status":"publish","type":"product","link":"https:\/\/antykilion.pl\/de\/product\/serwis-12-osob-obiadowy-selb-paul-muller-secesja-piekna-dekoracja-kwiatowa-lata-1890-1900-r\/","title":{"rendered":"Serwis 12 os\u00f3b obiadowy SELB \u00a0Paul Muller secesja pi\u0119kna dekoracja kwiatowa lata 1890\/1900 r"},"content":{"rendered":"","protected":false},"excerpt":{"rendered":"<p>Serwis 12 os\u00f3b obiadowy SELB \u00a0Paul Muller secesja pi\u0119kna dekoracja kwiatowa lata 1890\/1900 r<\/p>\n<p>Die Website enth\u00e4lt<\/p>\n<p>23 talerzy obiadowych p\u0142askich 25 cm<\/p>\n<p>12 talerzy obiadowych g\u0142\u0119bokich 25 cm<\/p>\n<p>12 talerzy do przystawek 19 cm<\/p>\n<p>11 talerzyk\u00f3w deserowych 15 cm jeden posiada chip<\/p>\n<p>1 sosjerka 24 cm wys. 10 cm<\/p>\n<p>1 waza do zupy ogromna\u00a0 35 cm wys. 20 cm<\/p>\n<p>1 waza do przystawek\u00a0 31 cm wys. 16 cm<\/p>\n<p>1 talerz du\u017cy do przystawek 28,5<\/p>\n<p>1 p\u00f3\u0142misek 40 cm<\/p>\n<p>1 p\u00f3\u0142misek 39,5 cm<\/p>\n<p>1 p\u00f3\u0142misek 32,5 cm<\/p>\n<p>2 p\u00f3\u0142miski g\u0142\u0119bokie 23 cm<\/p>\n<p>1 miska 24 cm wys. 10 cm<\/p>\n<p>do serwisu mo\u017cemy do\u0142\u0105czy\u0107 na \u017cyczenie wiele talerzy z mikro chipami niestety wiele element\u00f3w zosta\u0142o uszkodzone przy transporcie, dlatego<\/p>\n<p>wymieniamy tylko nie uszkodzone przedmioty, pi\u0119kny i nadal du\u017cy serwis<\/p>\n<p>stan: bardzo dobry<\/p>\n<p>okazjonalna cena !!!<\/p>","protected":false},"featured_media":9584,"comment_status":"closed","ping_status":"closed","template":"","meta":[],"product_cat":[50],"product_tag":[],"class_list":{"0":"post-9583","1":"product","2":"type-product","3":"status-publish","4":"has-post-thumbnail","6":"product_cat-porcelana-i-fajans","8":"entry","9":"has-media","11":"first","12":"instock","13":"taxable","14":"shipping-taxable","15":"purchasable","16":"product-type-simple","17":"has-product-nav","18":"col","19":"span_1_of_3","20":"owp-content-center","21":"owp-thumbs-layout-horizontal","22":"owp-btn-normal","23":"owp-tabs-layout-horizontal"},"aioseo_notices":[],"_links":{"self":[{"href":"https:\/\/antykilion.pl\/de\/wp-json\/wp\/v2\/product\/9583","targetHints":{"allow":["GET"]}}],"collection":[{"href":"https:\/\/antykilion.pl\/de\/wp-json\/wp\/v2\/product"}],"about":[{"href":"https:\/\/antykilion.pl\/de\/wp-json\/wp\/v2\/types\/product"}],"replies":[{"embeddable":true,"href":"https:\/\/antykilion.pl\/de\/wp-json\/wp\/v2\/comments?post=9583"}],"wp:featuredmedia":[{"embeddable":true,"href":"https:\/\/antykilion.pl\/de\/wp-json\/wp\/v2\/media\/9584"}],"wp:attachment":[{"href":"https:\/\/antykilion.pl\/de\/wp-json\/wp\/v2\/media?parent=9583"}],"wp:term":[{"taxonomy":"product_cat","embeddable":true,"href":"https:\/\/antykilion.pl\/de\/wp-json\/wp\/v2\/product_cat?post=9583"},{"taxonomy":"product_tag","embeddable":true,"href":"https:\/\/antykilion.pl\/de\/wp-json\/wp\/v2\/product_tag?post=9583"}],"curies":[{"name":"wp","href":"https:\/\/api.w.org\/{rel}","templated":true}]}}