{"id":9593,"date":"2025-06-24T11:36:27","date_gmt":"2025-06-24T09:36:27","guid":{"rendered":"https:\/\/antykilion.pl\/?post_type=product&#038;p=9593"},"modified":"2025-06-24T16:57:31","modified_gmt":"2025-06-24T14:57:31","slug":"dzbanek-z-dekoracja-smoka-chiny-dynastia-ming","status":"publish","type":"product","link":"https:\/\/antykilion.pl\/de\/product\/dzbanek-z-dekoracja-smoka-chiny-dynastia-ming\/","title":{"rendered":"Dzbanek z dekoracj\u0105 smoka. Chiny, dynastia Ming"},"content":{"rendered":"","protected":false},"excerpt":{"rendered":"<p>Dzbanek z dekoracj\u0105 smoka. Chiny, prawdopodobnie dynastia Ming. Br\u0105z, patynowany na ciemno. H. ok. 21 cm (z uchwytem). Korpus w kszta\u0142cie szczytu, na trzech nogach. Na korpusie nanoszone wypuk\u0142e dekoracje li\u015bciowe. Siedz\u0105ca czapla jako ga\u0142ka na pokrywie.<\/p>\n<p>Pochodzenie: CHINY prywatna kolekcja Old Rhenish<\/p>\n<p>Materia\u0142: Br\u0105z patynowany<\/p>\n<p>Stan: bardzo dobry, NORMALNE ZURZYCIE<\/p>\n<p>Sygnatura: BRAK<\/p>\n<p>Wymiary: 21 cm na 27 cm<\/p>\n<p>Pi\u0119kny !!!<\/p>","protected":false},"featured_media":9627,"comment_status":"closed","ping_status":"closed","template":"","meta":[],"product_cat":[44,39,43,55],"product_tag":[],"class_list":{"0":"post-9593","1":"product","2":"type-product","3":"status-publish","4":"has-post-thumbnail","6":"product_cat-rzezba-dawna","7":"product_cat-dziela-sztuki","8":"product_cat-rzezba","9":"product_cat-varia","11":"entry","12":"has-media","14":"first","15":"instock","16":"taxable","17":"shipping-taxable","18":"purchasable","19":"product-type-simple","20":"has-product-nav","21":"col","22":"span_1_of_3","23":"owp-content-center","24":"owp-thumbs-layout-horizontal","25":"owp-btn-normal","26":"owp-tabs-layout-horizontal"},"aioseo_notices":[],"_links":{"self":[{"href":"https:\/\/antykilion.pl\/de\/wp-json\/wp\/v2\/product\/9593","targetHints":{"allow":["GET"]}}],"collection":[{"href":"https:\/\/antykilion.pl\/de\/wp-json\/wp\/v2\/product"}],"about":[{"href":"https:\/\/antykilion.pl\/de\/wp-json\/wp\/v2\/types\/product"}],"replies":[{"embeddable":true,"href":"https:\/\/antykilion.pl\/de\/wp-json\/wp\/v2\/comments?post=9593"}],"wp:featuredmedia":[{"embeddable":true,"href":"https:\/\/antykilion.pl\/de\/wp-json\/wp\/v2\/media\/9627"}],"wp:attachment":[{"href":"https:\/\/antykilion.pl\/de\/wp-json\/wp\/v2\/media?parent=9593"}],"wp:term":[{"taxonomy":"product_cat","embeddable":true,"href":"https:\/\/antykilion.pl\/de\/wp-json\/wp\/v2\/product_cat?post=9593"},{"taxonomy":"product_tag","embeddable":true,"href":"https:\/\/antykilion.pl\/de\/wp-json\/wp\/v2\/product_tag?post=9593"}],"curies":[{"name":"wp","href":"https:\/\/api.w.org\/{rel}","templated":true}]}}