{"id":9637,"date":"2025-07-03T11:56:54","date_gmt":"2025-07-03T09:56:54","guid":{"rendered":"https:\/\/antykilion.pl\/?post_type=product&#038;p=9637"},"modified":"2025-07-03T11:56:54","modified_gmt":"2025-07-03T09:56:54","slug":"sekretera-barokowa-dolny-slask-lub-brunswick-xviii-w-okolo-1730-r-obledna","status":"publish","type":"product","link":"https:\/\/antykilion.pl\/de\/product\/sekretera-barokowa-dolny-slask-lub-brunswick-xviii-w-okolo-1730-r-obledna\/","title":{"rendered":"Sekretera Barokowa Dolny \u015al\u0105sk lub Brunswick\u00a0 XVIII w oko\u0142o 1730 r ob\u0142\u0119dna"},"content":{"rendered":"","protected":false},"excerpt":{"rendered":"<p>Sekretera Barokowa Dolny \u015al\u0105sk lub Brunswick\u00a0 XVIII w oko\u0142o 1730 r ob\u0142\u0119dna<\/p>\n<p>Dwucz\u0119\u015bciowy korpus mebla stoj\u0105cy na sp\u0142aszczonych kulach<\/p>\n<p>Dolna cz\u0119\u015b\u0107 sk\u0142ada si\u0119 z trzech du\u017cych szuflad i pochy\u0142ej klapy powy\u017cej. Typowe dla projektu Brunswick jest to, \u017ce szuflady s\u0105 do\u015b\u0107 mocno wygi\u0119te, ale cz\u0119\u015b\u0107 do pisania jest zbudowana prosto na g\u00f3rze i w zwi\u0105zku z tym nie pod\u0105\u017ca za kszta\u0142tem podstawy. Poniewa\u017c nie ma tu blatu, na kt\u00f3rym mog\u0142aby spoczywa\u0107 cz\u0119\u015b\u0107 do pisania, powierzchnia robocza jest podparta dwoma wysuwanymi p\u00f3\u0142kami. To r\u00f3wnie\u017c typowe dla tego obszaru, kilka \u0142adnych typ\u00f3w por\u00f3wnawczych mo\u017cna znale\u017a\u0107 w [Wolfgang Eller &#8211; Schreibm\u00f6bel von 1700-1850 ab S. 215].<\/p>\n<p>Wewn\u0105trz znajduje si\u0119 sze\u015b\u0107 mniejszych szuflad i du\u017ca otwarta przegroda, nad kt\u00f3r\u0105 znajduje si\u0119 jedna wi\u0119ksza.<\/p>\n<p>G\u00f3rna cz\u0119\u015b\u0107 mebla jest prosta, z centralnie osadzonymi drzwiczkami po \u015brodku natomiast po bokach szufladki. Za frontonem znajduje si\u0119 trzypoziomowy cok\u00f3\u0142 do eksponowania dzban\u00f3w, wazon\u00f3w. Cok\u00f3\u0142 bardzo charakterystyczny dla Polskich mebli. Liczne skrytki wewn\u0105trz mebla. Ca\u0142o\u015b\u0107 mebla bogato intarsjowana.<\/p>\n<p>Miejsce produkcji: Dolny \u015al\u0105sk lub Brunswick<\/p>\n<p>Data: 1730<\/p>\n<p>Materia\u0142: orzech oraz inne w intarsjach<\/p>\n<p>Wymiary: wysoko\u015b\u0107 210, szeroko\u015b\u0107 107, g\u0142\u0119boko\u015b\u0107 64<\/p>\n<p>Stan: bardzo dobry orginalny, !!!!! drobne ubytki ob\u0142ogu na kantach szufladek czyli zwyk\u0142e \u015blady up\u0142ywu czasu, zamki orginalne!<\/p>\n<p>Pi\u0119kny mebel!!!<\/p>\n<p>Okazja, ceny takich mebli kszta\u0142tuj\u0105 si\u0119 w okolicach 50000 z\u0142<\/p>\n<p>Najtaniej w Polsce !!!<\/p>","protected":false},"featured_media":9638,"comment_status":"closed","ping_status":"closed","template":"","meta":[],"product_cat":[17,31],"product_tag":[],"class_list":{"0":"post-9637","1":"product","2":"type-product","3":"status-publish","4":"has-post-thumbnail","6":"product_cat-meble","7":"product_cat-sekretery-sekretarzyki-biurka","9":"entry","10":"has-media","12":"first","13":"instock","14":"taxable","15":"shipping-taxable","16":"purchasable","17":"product-type-simple","18":"has-product-nav","19":"col","20":"span_1_of_3","21":"owp-content-center","22":"owp-thumbs-layout-horizontal","23":"owp-btn-normal","24":"owp-tabs-layout-horizontal"},"aioseo_notices":[],"_links":{"self":[{"href":"https:\/\/antykilion.pl\/de\/wp-json\/wp\/v2\/product\/9637","targetHints":{"allow":["GET"]}}],"collection":[{"href":"https:\/\/antykilion.pl\/de\/wp-json\/wp\/v2\/product"}],"about":[{"href":"https:\/\/antykilion.pl\/de\/wp-json\/wp\/v2\/types\/product"}],"replies":[{"embeddable":true,"href":"https:\/\/antykilion.pl\/de\/wp-json\/wp\/v2\/comments?post=9637"}],"wp:featuredmedia":[{"embeddable":true,"href":"https:\/\/antykilion.pl\/de\/wp-json\/wp\/v2\/media\/9638"}],"wp:attachment":[{"href":"https:\/\/antykilion.pl\/de\/wp-json\/wp\/v2\/media?parent=9637"}],"wp:term":[{"taxonomy":"product_cat","embeddable":true,"href":"https:\/\/antykilion.pl\/de\/wp-json\/wp\/v2\/product_cat?post=9637"},{"taxonomy":"product_tag","embeddable":true,"href":"https:\/\/antykilion.pl\/de\/wp-json\/wp\/v2\/product_tag?post=9637"}],"curies":[{"name":"wp","href":"https:\/\/api.w.org\/{rel}","templated":true}]}}