{"id":964,"date":"2020-02-02T19:20:02","date_gmt":"2020-02-02T18:20:02","guid":{"rendered":"https:\/\/antykilion.pl\/?post_type=product&#038;p=964"},"modified":"2023-02-25T11:11:46","modified_gmt":"2023-02-25T10:11:46","slug":"antonie-frederik-zurcher-pozegnanie-xix-wiek","status":"publish","type":"product","link":"https:\/\/antykilion.pl\/de\/product\/antonie-frederik-zurcher-pozegnanie-xix-wiek\/","title":{"rendered":"Antonie Frederik Z\u00fcrcher &quot;Abschied&quot; XIX Jahrhundert"},"content":{"rendered":"<p>Antonie Frederik Z\u00fcrcher (* 2. Januar 1825 - 15. April 1876) Er war ein niederl\u00e4ndischer Maler, Zeichner, Bildhauer und Kunstlehrer.<\/p>\n<p>Z\u00fcrcher wurde in Nieuwer-Amstel als \u00e4ltester Sohn von Johannes Cornelis Zurcher in einer K\u00fcnstlerfamilie geboren. [1] Nach seiner Ausbildung in Amsterdam wurde er Zeichenlehrer an der \u00f6rtlichen Akademie. Er heiratete 1850 in Amsterdam und das Paar hatte 14 Kinder, darunter den Maler Johannes Wilhelm Cornelis Zurcher. Nach Schlie\u00dfung der Schule wurde er auf die Stelle in Maastricht versetzt, wo er sp\u00e4ter starb. [1] Sein j\u00fcngerer Bruder Frederik Willem Z\u00fcrcher war ebenfalls Maler [1].<\/p>","protected":false},"excerpt":{"rendered":"<p>Antonie Frederik Z\u00fcrcher (ur. 2 stycznia 1825 r. &#8211; 15 kwietnia 1876 r ) &#8220;po\u017cegnanie&#8221;.<br \/>\nSch\u00f6ne Gem\u00e4lde der Museumsklasse, die eine Genreszene darstellen.<br \/>\nTechnik: \u00d6l auf Leinwand.<br \/>\nZustand: sehr gut, nach fr\u00fcherer Wartung.<br \/>\nUnterschrift auf dem Foto sichtbar.<br \/>\nAu\u00dferdem kleben Galerie- und Informationsaufkleber auf der Leinwand.<br \/>\nAbmessungen: mit Rahmen ca. 82 cm x 109 cm<br \/>\nUnten finden Sie Informationen zum Maler.<\/p>","protected":false},"featured_media":973,"comment_status":"closed","ping_status":"closed","template":"","meta":[],"product_cat":[41,39,40],"product_tag":[],"class_list":{"0":"post-964","1":"product","2":"type-product","3":"status-publish","4":"has-post-thumbnail","6":"product_cat-malarstwo-dawne","7":"product_cat-dziela-sztuki","8":"product_cat-malarstwo","10":"entry","11":"has-media","13":"first","14":"instock","15":"taxable","16":"shipping-taxable","17":"purchasable","18":"product-type-simple","19":"has-product-nav","20":"col","21":"span_1_of_3","22":"owp-content-center","23":"owp-thumbs-layout-horizontal","24":"owp-btn-normal","25":"owp-tabs-layout-horizontal"},"aioseo_notices":[],"_links":{"self":[{"href":"https:\/\/antykilion.pl\/de\/wp-json\/wp\/v2\/product\/964","targetHints":{"allow":["GET"]}}],"collection":[{"href":"https:\/\/antykilion.pl\/de\/wp-json\/wp\/v2\/product"}],"about":[{"href":"https:\/\/antykilion.pl\/de\/wp-json\/wp\/v2\/types\/product"}],"replies":[{"embeddable":true,"href":"https:\/\/antykilion.pl\/de\/wp-json\/wp\/v2\/comments?post=964"}],"wp:featuredmedia":[{"embeddable":true,"href":"https:\/\/antykilion.pl\/de\/wp-json\/wp\/v2\/media\/973"}],"wp:attachment":[{"href":"https:\/\/antykilion.pl\/de\/wp-json\/wp\/v2\/media?parent=964"}],"wp:term":[{"taxonomy":"product_cat","embeddable":true,"href":"https:\/\/antykilion.pl\/de\/wp-json\/wp\/v2\/product_cat?post=964"},{"taxonomy":"product_tag","embeddable":true,"href":"https:\/\/antykilion.pl\/de\/wp-json\/wp\/v2\/product_tag?post=964"}],"curies":[{"name":"wp","href":"https:\/\/api.w.org\/{rel}","templated":true}]}}