{"id":9676,"date":"2025-07-13T17:20:40","date_gmt":"2025-07-13T15:20:40","guid":{"rendered":"https:\/\/antykilion.pl\/?post_type=product&#038;p=9676"},"modified":"2025-07-13T17:20:40","modified_gmt":"2025-07-13T15:20:40","slug":"obledna-szafka-rokokowa-xviii-w-okolo-1750-r-ogromna-rzadkosc","status":"publish","type":"product","link":"https:\/\/antykilion.pl\/de\/product\/obledna-szafka-rokokowa-xviii-w-okolo-1750-r-ogromna-rzadkosc\/","title":{"rendered":"Ob\u0142\u0119dna Szafka rokokowa XVIII w oko\u0142o 1750 r ogromna rzadko\u015b\u0107 !!!"},"content":{"rendered":"","protected":false},"excerpt":{"rendered":"<p>Ob\u0142\u0119dna Szafka rokokowa XVIII w oko\u0142o 1750 r ogromna rzadko\u015b\u0107 !!!<\/p>\n<p>Szafka o falistych elementach szkieletu, zamykana dwuskrzyd\u0142owo, wsparta na czterech graniastych, esowatych n\u00f3\u017ckach, zako\u0144czonych kopytkami Ca\u0142o\u015b\u0107 fornirowana; blat, skrzyd\u0142a i boki obwiedzione szerokim obramieniem i \u017cy\u0142k\u0105, wype\u0142nione wzorzyst\u0105 oklein\u0105. Blat falisty na bokach i od frontu, wystaj\u0105cy poza korpus, uj\u0119ty na obrze\u017cu \u0107wier\u0107wa\u0142kiem. Na falistym fartuszku u do\u0142u korpusu rocailowa p\u0142askorze\u017ab\u0105. Szyldy zamk\u00f3w tak\u017ce oparte o podobny ornament. We wn\u0119trzu p\u00f3\u0142ka.<\/p>\n<p>Forma szafki zdobiona rokokowymi wzorami w formie intarsji, o bardzo dobrych proporcjach.<\/p>\n<p>Stan: bardzo dobry zwyk\u0142e \u015blady u\u017cytkowania zamek wymieniony ma\u0142e stare naprawy bardzo i to bardzo rzadki mebel<\/p>\n<p>Pochodzenie: Polska lub Niemcy<\/p>\n<p>Materia\u0142: Orzech wiele innych jak maho\u0144<\/p>\n<p>Wymiary: d\u0142ugo\u015b\u0107 68 cm, g\u0142\u0119boko\u015b\u0107 40 cm, wysoko\u015b\u0107 65 cm<\/p>\n<p>Polecam bardzo atrakcyjna cena mebla Warto najtaniej w Polsce<\/p>","protected":false},"featured_media":9677,"comment_status":"closed","ping_status":"closed","template":"","meta":[],"product_cat":[26,17],"product_tag":[],"class_list":{"0":"post-9676","1":"product","2":"type-product","3":"status-publish","4":"has-post-thumbnail","6":"product_cat-komody","7":"product_cat-meble","9":"entry","10":"has-media","12":"first","13":"instock","14":"taxable","15":"shipping-taxable","16":"purchasable","17":"product-type-simple","18":"has-product-nav","19":"col","20":"span_1_of_3","21":"owp-content-center","22":"owp-thumbs-layout-horizontal","23":"owp-btn-normal","24":"owp-tabs-layout-horizontal"},"aioseo_notices":[],"_links":{"self":[{"href":"https:\/\/antykilion.pl\/de\/wp-json\/wp\/v2\/product\/9676","targetHints":{"allow":["GET"]}}],"collection":[{"href":"https:\/\/antykilion.pl\/de\/wp-json\/wp\/v2\/product"}],"about":[{"href":"https:\/\/antykilion.pl\/de\/wp-json\/wp\/v2\/types\/product"}],"replies":[{"embeddable":true,"href":"https:\/\/antykilion.pl\/de\/wp-json\/wp\/v2\/comments?post=9676"}],"wp:featuredmedia":[{"embeddable":true,"href":"https:\/\/antykilion.pl\/de\/wp-json\/wp\/v2\/media\/9677"}],"wp:attachment":[{"href":"https:\/\/antykilion.pl\/de\/wp-json\/wp\/v2\/media?parent=9676"}],"wp:term":[{"taxonomy":"product_cat","embeddable":true,"href":"https:\/\/antykilion.pl\/de\/wp-json\/wp\/v2\/product_cat?post=9676"},{"taxonomy":"product_tag","embeddable":true,"href":"https:\/\/antykilion.pl\/de\/wp-json\/wp\/v2\/product_tag?post=9676"}],"curies":[{"name":"wp","href":"https:\/\/api.w.org\/{rel}","templated":true}]}}