{"id":9679,"date":"2025-07-13T19:39:57","date_gmt":"2025-07-13T17:39:57","guid":{"rendered":"https:\/\/antykilion.pl\/?post_type=product&#038;p=9679"},"modified":"2025-11-03T05:27:34","modified_gmt":"2025-11-03T04:27:34","slug":"piekny-podnozek-biedermeier-xix-w-okolo-1830-r-orginal","status":"publish","type":"product","link":"https:\/\/antykilion.pl\/de\/product\/piekny-podnozek-biedermeier-xix-w-okolo-1830-r-orginal\/","title":{"rendered":"Pi\u0119kny podn\u00f3\u017cek biedermeier XIX w oko\u0142o 1830 r orgina\u0142!"},"content":{"rendered":"","protected":false},"excerpt":{"rendered":"<p>Pi\u0119kny podn\u00f3\u017cek biedermeier XIX w oko\u0142o 1830 r orgina\u0142!<\/p>\n<p>Prostok\u0105tna podstawa wsparta na czterech kulistych n\u00f3\u017ckach. Poducha wyko\u0144czona jedwabiem, tego typu podn\u00f3\u017cki mo\u017cna zauwa\u017cy\u0107 w malarstwie<\/p>\n<p>W\u0142adys\u0142awa Czach\u00f3rskiego to jego damy mia\u0142y cz\u0119sto pod nogami takie podn\u00f3\u017cki<\/p>\n<p>Stan: bardzo dobry zwyk\u0142e \u015blady u\u017cytkowania<\/p>\n<p>Pochodzenie: Polska lub Niemcy<\/p>\n<p>Material: Mahagoni<\/p>\n<p>Wymiary: d\u0142ugo\u015b\u0107 cm, g\u0142\u0119boko\u015b\u0107  cm, wysoko\u015b\u0107  cm<\/p>","protected":false},"featured_media":9680,"comment_status":"closed","ping_status":"closed","template":"","meta":[],"product_cat":[24,28,17],"product_tag":[],"class_list":{"0":"post-9679","1":"product","2":"type-product","3":"status-publish","4":"has-post-thumbnail","6":"product_cat-fotele","7":"product_cat-krzesla","8":"product_cat-meble","10":"entry","11":"has-media","13":"first","14":"instock","15":"taxable","16":"shipping-taxable","17":"purchasable","18":"product-type-simple","19":"has-product-nav","20":"col","21":"span_1_of_3","22":"owp-content-center","23":"owp-thumbs-layout-horizontal","24":"owp-btn-normal","25":"owp-tabs-layout-horizontal","26":"has-no-thumbnails"},"aioseo_notices":[],"_links":{"self":[{"href":"https:\/\/antykilion.pl\/de\/wp-json\/wp\/v2\/product\/9679","targetHints":{"allow":["GET"]}}],"collection":[{"href":"https:\/\/antykilion.pl\/de\/wp-json\/wp\/v2\/product"}],"about":[{"href":"https:\/\/antykilion.pl\/de\/wp-json\/wp\/v2\/types\/product"}],"replies":[{"embeddable":true,"href":"https:\/\/antykilion.pl\/de\/wp-json\/wp\/v2\/comments?post=9679"}],"wp:featuredmedia":[{"embeddable":true,"href":"https:\/\/antykilion.pl\/de\/wp-json\/wp\/v2\/media\/9680"}],"wp:attachment":[{"href":"https:\/\/antykilion.pl\/de\/wp-json\/wp\/v2\/media?parent=9679"}],"wp:term":[{"taxonomy":"product_cat","embeddable":true,"href":"https:\/\/antykilion.pl\/de\/wp-json\/wp\/v2\/product_cat?post=9679"},{"taxonomy":"product_tag","embeddable":true,"href":"https:\/\/antykilion.pl\/de\/wp-json\/wp\/v2\/product_tag?post=9679"}],"curies":[{"name":"wp","href":"https:\/\/api.w.org\/{rel}","templated":true}]}}