{"id":9708,"date":"2025-07-20T19:40:46","date_gmt":"2025-07-20T17:40:46","guid":{"rendered":"https:\/\/antykilion.pl\/?post_type=product&#038;p=9708"},"modified":"2025-07-26T14:24:47","modified_gmt":"2025-07-26T12:24:47","slug":"strzelba-skalkowa-muszkiet-arabski-z-kolba-w-typie-rybiego-ogona-sygnowana","status":"publish","type":"product","link":"https:\/\/antykilion.pl\/de\/product\/strzelba-skalkowa-muszkiet-arabski-z-kolba-w-typie-rybiego-ogona-sygnowana\/","title":{"rendered":"Strzelba ska\u0142kowa, muszkiet arabski z kolb\u0105 w typie rybiego ogona sygnowana"},"content":{"rendered":"","protected":false},"excerpt":{"rendered":"<p>Strzelba ska\u0142kowa, muszkiet, arabski, z kolb\u0105 w typie rybiego ogona, sygnowana<\/p>\n<p>lufa stalowa, g\u0142adka, na zamku trudne do odczytania znaki; \u0142o\u017ce drewniane, d\u0142ugie, ; zamek ska\u0142kowy, stalowy, dekorowana grawerowana plecionk\u0105 i<\/p>\n<p>a\u017curami\u00a0i plecionki, ze stalowym trzewikiem; ca\u0142e \u0142o\u017ce zdobione inkrustacjami o wzorach geometrycznych &#8211; z ko\u015bci, srebra i mosi\u0105dzu koraliki<\/p>\n<p>Materia\u0142: stal, drewno, ko\u015b\u0107, r\u00f3g, mosi\u0105dz, srebro<\/p>\n<p>Wymiary: d\u0142. ca\u0142k. oko\u0142o150 cm,<\/p>\n<p>Pochodzenie: Afryka P\u00f3\u0142nocna (Tunis?, Maroko?, Algieria?), XVIII\/XIX w<\/p>","protected":false},"featured_media":9709,"comment_status":"closed","ping_status":"closed","template":"","meta":[],"product_cat":[70],"product_tag":[],"class_list":{"0":"post-9708","1":"product","2":"type-product","3":"status-publish","4":"has-post-thumbnail","6":"product_cat-bron","8":"entry","9":"has-media","11":"first","12":"instock","13":"taxable","14":"shipping-taxable","15":"purchasable","16":"product-type-simple","17":"has-product-nav","18":"col","19":"span_1_of_3","20":"owp-content-center","21":"owp-thumbs-layout-horizontal","22":"owp-btn-normal","23":"owp-tabs-layout-horizontal"},"aioseo_notices":[],"_links":{"self":[{"href":"https:\/\/antykilion.pl\/de\/wp-json\/wp\/v2\/product\/9708","targetHints":{"allow":["GET"]}}],"collection":[{"href":"https:\/\/antykilion.pl\/de\/wp-json\/wp\/v2\/product"}],"about":[{"href":"https:\/\/antykilion.pl\/de\/wp-json\/wp\/v2\/types\/product"}],"replies":[{"embeddable":true,"href":"https:\/\/antykilion.pl\/de\/wp-json\/wp\/v2\/comments?post=9708"}],"wp:featuredmedia":[{"embeddable":true,"href":"https:\/\/antykilion.pl\/de\/wp-json\/wp\/v2\/media\/9709"}],"wp:attachment":[{"href":"https:\/\/antykilion.pl\/de\/wp-json\/wp\/v2\/media?parent=9708"}],"wp:term":[{"taxonomy":"product_cat","embeddable":true,"href":"https:\/\/antykilion.pl\/de\/wp-json\/wp\/v2\/product_cat?post=9708"},{"taxonomy":"product_tag","embeddable":true,"href":"https:\/\/antykilion.pl\/de\/wp-json\/wp\/v2\/product_tag?post=9708"}],"curies":[{"name":"wp","href":"https:\/\/api.w.org\/{rel}","templated":true}]}}