{"id":9774,"date":"2025-08-26T13:08:07","date_gmt":"2025-08-26T11:08:07","guid":{"rendered":"https:\/\/antykilion.pl\/?post_type=product&#038;p=9774"},"modified":"2025-08-26T13:08:10","modified_gmt":"2025-08-26T11:08:10","slug":"ogromna-zardiniera-kwintesencja-secesji-okolo-1900-r-bg-imperial-zinn-centralna-ozdoba-stolu-obledna-61-cm","status":"publish","type":"product","link":"https:\/\/antykilion.pl\/de\/product\/ogromna-zardiniera-kwintesencja-secesji-okolo-1900-r-bg-imperial-zinn-centralna-ozdoba-stolu-obledna-61-cm\/","title":{"rendered":"Ogromna \u017cardiniera kwintesencja secesji. oko\u0142o 1900 r, B&#038;G IMPERIAL ZINN, centralna ozdoba sto\u0142u ob\u0142\u0119dna 61 cm"},"content":{"rendered":"","protected":false},"excerpt":{"rendered":"<p>Ogromna \u017cardiniera kwintesencja secesji. oko\u0142o 1900 r, B&#038;G IMPERIAL ZINN, centralna ozdoba sto\u0142u ob\u0142\u0119dna<\/p>\n<p>B&#038;G IMPERIAL ZINN (1899\u20131910). Niemiecka firma metalowa. Peter Bitter i jego kolega Kaufmann Wilhelm Gobbers otworzyli w 1900 roku swoj\u0105 fabryk\u0119: \u201eCrefelder Metallwaren-Fabrik Bitter &#038; Gobbers GmbH\u201d i u\u017cywali nazwy Imperial Zinn i B &#038; G na swoich produktach. Wsp\u00f3\u0142pracowali z francuskim projektantem o nazwisku Maurel.<\/p>\n<p>Wymiary: wysoko\u015b\u0107 oko\u0142o 16 cm, d\u0142ugo\u015b\u0107 61 cm<\/p>\n<p>Pochodzenie: Niemcy jedna z najbardziej renomowanych firm<\/p>\n<p>Stan bardzo dobry, zwyk\u0142e \u015blady u\u017cytkowania<\/p>\n<p>Materia\u0142: Plater srebrzony<\/p>\n<p>Sch\u00f6n und einzigartig !!!<\/p>\n<p>Do ka\u017cdego przedmiotu galeria wystawia certyfikat<\/p>","protected":false},"featured_media":9775,"comment_status":"closed","ping_status":"closed","template":"","meta":[],"product_cat":[46],"product_tag":[],"class_list":{"0":"post-9774","1":"product","2":"type-product","3":"status-publish","4":"has-post-thumbnail","6":"product_cat-srebra-i-platery","8":"entry","9":"has-media","11":"first","12":"instock","13":"taxable","14":"shipping-taxable","15":"purchasable","16":"product-type-simple","17":"has-product-nav","18":"col","19":"span_1_of_3","20":"owp-content-center","21":"owp-thumbs-layout-horizontal","22":"owp-btn-normal","23":"owp-tabs-layout-horizontal"},"aioseo_notices":[],"_links":{"self":[{"href":"https:\/\/antykilion.pl\/de\/wp-json\/wp\/v2\/product\/9774","targetHints":{"allow":["GET"]}}],"collection":[{"href":"https:\/\/antykilion.pl\/de\/wp-json\/wp\/v2\/product"}],"about":[{"href":"https:\/\/antykilion.pl\/de\/wp-json\/wp\/v2\/types\/product"}],"replies":[{"embeddable":true,"href":"https:\/\/antykilion.pl\/de\/wp-json\/wp\/v2\/comments?post=9774"}],"wp:featuredmedia":[{"embeddable":true,"href":"https:\/\/antykilion.pl\/de\/wp-json\/wp\/v2\/media\/9775"}],"wp:attachment":[{"href":"https:\/\/antykilion.pl\/de\/wp-json\/wp\/v2\/media?parent=9774"}],"wp:term":[{"taxonomy":"product_cat","embeddable":true,"href":"https:\/\/antykilion.pl\/de\/wp-json\/wp\/v2\/product_cat?post=9774"},{"taxonomy":"product_tag","embeddable":true,"href":"https:\/\/antykilion.pl\/de\/wp-json\/wp\/v2\/product_tag?post=9774"}],"curies":[{"name":"wp","href":"https:\/\/api.w.org\/{rel}","templated":true}]}}