{"id":9778,"date":"2025-08-26T18:01:58","date_gmt":"2025-08-26T16:01:58","guid":{"rendered":"https:\/\/antykilion.pl\/?post_type=product&#038;p=9778"},"modified":"2025-08-26T18:01:59","modified_gmt":"2025-08-26T16:01:59","slug":"lampa-gabinetowa-stolowa-vianne-szklana-secesja-okolo-1900-r-obledna","status":"publish","type":"product","link":"https:\/\/antykilion.pl\/de\/product\/lampa-gabinetowa-stolowa-vianne-szklana-secesja-okolo-1900-r-obledna\/","title":{"rendered":"Lampa gabinetowa &#8211; sto\u0142owa Vianne, szklana secesja oko\u0142o 1900 r ob\u0142\u0119dna !!"},"content":{"rendered":"","protected":false},"excerpt":{"rendered":"<p>Lampa gabinetowa &#8211; sto\u0142owa Vianne, szklana secesja oko\u0142o 1900 r ob\u0142\u0119dna !!<\/p>\n<p>Pi\u0119kna i cala z Francuskiego szk\u0142a w kolorze \u017c\u00f3\u0142tym<\/p>\n<p>Materia\u0142: szk\u0142o, mosi\u0105dz<\/p>\n<p>wys. oko\u0142o 40 cm<\/p>\n<p>Francja, Pary\u017c,<\/p>\n<p>sygnowana: Vianne<\/p>\n<p>Stan: Bardzo dobry wr\u0119cz rewelacyjny<\/p>","protected":false},"featured_media":9780,"comment_status":"closed","ping_status":"closed","template":"","meta":[],"product_cat":[47,49],"product_tag":[],"class_list":{"0":"post-9778","1":"product","2":"type-product","3":"status-publish","4":"has-post-thumbnail","6":"product_cat-oswietlenie","7":"product_cat-szklo","9":"entry","10":"has-media","12":"first","13":"instock","14":"taxable","15":"shipping-taxable","16":"purchasable","17":"product-type-simple","18":"has-product-nav","19":"col","20":"span_1_of_3","21":"owp-content-center","22":"owp-thumbs-layout-horizontal","23":"owp-btn-normal","24":"owp-tabs-layout-horizontal"},"aioseo_notices":[],"_links":{"self":[{"href":"https:\/\/antykilion.pl\/de\/wp-json\/wp\/v2\/product\/9778","targetHints":{"allow":["GET"]}}],"collection":[{"href":"https:\/\/antykilion.pl\/de\/wp-json\/wp\/v2\/product"}],"about":[{"href":"https:\/\/antykilion.pl\/de\/wp-json\/wp\/v2\/types\/product"}],"replies":[{"embeddable":true,"href":"https:\/\/antykilion.pl\/de\/wp-json\/wp\/v2\/comments?post=9778"}],"wp:featuredmedia":[{"embeddable":true,"href":"https:\/\/antykilion.pl\/de\/wp-json\/wp\/v2\/media\/9780"}],"wp:attachment":[{"href":"https:\/\/antykilion.pl\/de\/wp-json\/wp\/v2\/media?parent=9778"}],"wp:term":[{"taxonomy":"product_cat","embeddable":true,"href":"https:\/\/antykilion.pl\/de\/wp-json\/wp\/v2\/product_cat?post=9778"},{"taxonomy":"product_tag","embeddable":true,"href":"https:\/\/antykilion.pl\/de\/wp-json\/wp\/v2\/product_tag?post=9778"}],"curies":[{"name":"wp","href":"https:\/\/api.w.org\/{rel}","templated":true}]}}