{"id":9786,"date":"2025-09-07T13:39:52","date_gmt":"2025-09-07T11:39:52","guid":{"rendered":"https:\/\/antykilion.pl\/?post_type=product&#038;p=9786"},"modified":"2025-09-07T13:39:53","modified_gmt":"2025-09-07T11:39:53","slug":"waza-z-przykrywka-kutani-japonia-era-meiji-1868-1912-ogromna-i-piekna","status":"publish","type":"product","link":"https:\/\/antykilion.pl\/de\/product\/waza-z-przykrywka-kutani-japonia-era-meiji-1868-1912-ogromna-i-piekna\/","title":{"rendered":"Waza z przykrywk\u0105, Kutani, Japonia, era Meiji (1868-1912) ogromna i pi\u0119kna"},"content":{"rendered":"","protected":false},"excerpt":{"rendered":"<p>Waza z przykrywk\u0105, Kutani, Japonia, era Meiji (1868-1912)<\/p>\n<p>Widoczny zapis na czerwony stempel do oznaczanej sygnatury, znajduj\u0105cej si\u0119 na spodzie porcelanowej wazy.<\/p>\n<p>Napis w j\u0119zyku japo\u0144skim brzmi \u201e\u5927\u65e5\u672c\u4e5d\u8c37\u88fd\u201d (Dai Nihon Kutani Sei) i oznacza:<\/p>\n<p>\u5927\u65e5\u672c (Dai Nihon): Wielka Japonia, cz\u0119sto u\u017cywany w odniesieniu do wyrob\u00f3w z pocz\u0105tku Meiji (1868-1912) lub p\u00f3\u017aniejszych, do u\u017cywania japo\u0144skie pochodzenie.<\/p>\n<p>\u4e5d\u8c37 (Kutani): Kutani, nazwa uniwersalnego stylu japo\u0144skiej ceramiki, pochodz\u0105cego z regionu Kutani w prefekturze Ishikawa.<\/p>\n<p>\u88fd (Sei): Wyprodukowano \/ Wykonano.<\/p>\n<p>Zustand: sehr gut<\/p>\n<p>Unterschrift: auf dem Foto sichtbar<\/p>\n<p>Pochodzenie; Japonia<\/p>\n<p>Wymiary: wysoko\u015b\u0107\u00a0 oko\u0142o 65 cm ogromna<\/p>\n<p>Pi\u0119kna!!!<\/p>\n<p>Okazja !!!<\/p>","protected":false},"featured_media":9787,"comment_status":"closed","ping_status":"closed","template":"","meta":[],"product_cat":[50],"product_tag":[],"class_list":{"0":"post-9786","1":"product","2":"type-product","3":"status-publish","4":"has-post-thumbnail","6":"product_cat-porcelana-i-fajans","8":"entry","9":"has-media","11":"first","12":"instock","13":"taxable","14":"shipping-taxable","15":"purchasable","16":"product-type-simple","17":"has-product-nav","18":"col","19":"span_1_of_3","20":"owp-content-center","21":"owp-thumbs-layout-horizontal","22":"owp-btn-normal","23":"owp-tabs-layout-horizontal"},"aioseo_notices":[],"_links":{"self":[{"href":"https:\/\/antykilion.pl\/de\/wp-json\/wp\/v2\/product\/9786","targetHints":{"allow":["GET"]}}],"collection":[{"href":"https:\/\/antykilion.pl\/de\/wp-json\/wp\/v2\/product"}],"about":[{"href":"https:\/\/antykilion.pl\/de\/wp-json\/wp\/v2\/types\/product"}],"replies":[{"embeddable":true,"href":"https:\/\/antykilion.pl\/de\/wp-json\/wp\/v2\/comments?post=9786"}],"wp:featuredmedia":[{"embeddable":true,"href":"https:\/\/antykilion.pl\/de\/wp-json\/wp\/v2\/media\/9787"}],"wp:attachment":[{"href":"https:\/\/antykilion.pl\/de\/wp-json\/wp\/v2\/media?parent=9786"}],"wp:term":[{"taxonomy":"product_cat","embeddable":true,"href":"https:\/\/antykilion.pl\/de\/wp-json\/wp\/v2\/product_cat?post=9786"},{"taxonomy":"product_tag","embeddable":true,"href":"https:\/\/antykilion.pl\/de\/wp-json\/wp\/v2\/product_tag?post=9786"}],"curies":[{"name":"wp","href":"https:\/\/api.w.org\/{rel}","templated":true}]}}