{"id":982,"date":"2020-02-02T19:55:11","date_gmt":"2020-02-02T18:55:11","guid":{"rendered":"https:\/\/antykilion.pl\/?post_type=product&#038;p=982"},"modified":"2022-11-26T13:31:58","modified_gmt":"2022-11-26T12:31:58","slug":"hans-wagner-miasteczko-w-holandii","status":"publish","type":"product","link":"https:\/\/antykilion.pl\/de\/product\/hans-wagner-miasteczko-w-holandii\/","title":{"rendered":"HANS WAGNER eine Stadt in den Niederlanden"},"content":{"rendered":"<p>Hans Johann Wagner (1866 - 1940)<\/p>\n<p>Hans Johann Wagner - \u00f6sterreichischer Landschaftsmaler; reiste nach Italien und in die Niederlande. Er malte italienische Landschaften - von Venedig \u00fcber den Lago Maggiore, Como und den Lago di Garda. Dar\u00fcber hinaus war er Autor von &quot;niederl\u00e4ndischen&quot; Ansichten mit Hafenmotiven, Kais oder Szenen aus Fisch- und Blumenm\u00e4rkten. Seine Bilder zeichnen sich durch eine Vielzahl von hellen, lebendigen Farben aus.<\/p>","protected":false},"excerpt":{"rendered":"<p>Hans Johann Wagner (1866 - 1940)<br \/>\nEin monumentales, sch\u00f6nes und \u00e4u\u00dferst dekoratives Gem\u00e4lde in einem sehr reichen Rahmen.<br \/>\nDas Gem\u00e4lde zeigt eine Hafenstadt in den Niederlanden<br \/>\nZustand: Bild und Rahmen nach professioneller Wartung gereinigt und ein neuer Lack aufgetragen. Alte Fotos vor der Konservierung. Bilder aus der Galerie nach der Konservierung.<br \/>\nTechnik: \u00d6l auf Leinwand.<br \/>\nAufstand: Wende des 19.\/20. Jahrhunderts<br \/>\nUnterschrift: wie auf dem Foto gezeigt, untere linke Ecke<br \/>\nAbmessungen: mit Rahmen ca. 130 cm x 90 cm<br \/>\nUnten finden Sie Informationen zum K\u00fcnstler.<\/p>","protected":false},"featured_media":983,"comment_status":"closed","ping_status":"closed","template":"","meta":[],"product_cat":[41,39,40],"product_tag":[],"class_list":{"0":"post-982","1":"product","2":"type-product","3":"status-publish","4":"has-post-thumbnail","6":"product_cat-malarstwo-dawne","7":"product_cat-dziela-sztuki","8":"product_cat-malarstwo","10":"entry","11":"has-media","13":"first","14":"instock","15":"taxable","16":"shipping-taxable","17":"purchasable","18":"product-type-simple","19":"has-product-nav","20":"col","21":"span_1_of_3","22":"owp-content-center","23":"owp-thumbs-layout-horizontal","24":"owp-btn-normal","25":"owp-tabs-layout-horizontal"},"aioseo_notices":[],"_links":{"self":[{"href":"https:\/\/antykilion.pl\/de\/wp-json\/wp\/v2\/product\/982","targetHints":{"allow":["GET"]}}],"collection":[{"href":"https:\/\/antykilion.pl\/de\/wp-json\/wp\/v2\/product"}],"about":[{"href":"https:\/\/antykilion.pl\/de\/wp-json\/wp\/v2\/types\/product"}],"replies":[{"embeddable":true,"href":"https:\/\/antykilion.pl\/de\/wp-json\/wp\/v2\/comments?post=982"}],"wp:featuredmedia":[{"embeddable":true,"href":"https:\/\/antykilion.pl\/de\/wp-json\/wp\/v2\/media\/983"}],"wp:attachment":[{"href":"https:\/\/antykilion.pl\/de\/wp-json\/wp\/v2\/media?parent=982"}],"wp:term":[{"taxonomy":"product_cat","embeddable":true,"href":"https:\/\/antykilion.pl\/de\/wp-json\/wp\/v2\/product_cat?post=982"},{"taxonomy":"product_tag","embeddable":true,"href":"https:\/\/antykilion.pl\/de\/wp-json\/wp\/v2\/product_tag?post=982"}],"curies":[{"name":"wp","href":"https:\/\/api.w.org\/{rel}","templated":true}]}}