{"id":9922,"date":"2025-09-27T13:22:01","date_gmt":"2025-09-27T11:22:01","guid":{"rendered":"https:\/\/antykilion.pl\/?post_type=product&#038;p=9922"},"modified":"2025-09-27T13:22:02","modified_gmt":"2025-09-27T11:22:02","slug":"stolik-pomocniczy-karciak-secesja-geometryczna-okolo-1900-rzadkosc","status":"publish","type":"product","link":"https:\/\/antykilion.pl\/de\/product\/stolik-pomocniczy-karciak-secesja-geometryczna-okolo-1900-rzadkosc\/","title":{"rendered":"Stolik pomocniczy karciak , secesja geometryczna oko\u0142o 1900, rzadko\u015b\u0107 !!!"},"content":{"rendered":"","protected":false},"excerpt":{"rendered":"<p>Stolik pomocniczy karciak , secesja geometryczna oko\u0142o 1900, rzadko\u015b\u0107 !!!<\/p>\n<p>z prostok\u0105tnym rozk\u0142adanym blatem i szufladk\u0105, z przedzia\u0142kami na przybory, wsparty na czterech zbie\u017cnych n\u00f3\u017ckach, fornirowany.<\/p>\n<p>Material: Walnuss<\/p>\n<p>Stan:\u00a0 dobry jedyne co to blat lekko wygi\u0119ty czas zrobi\u0142 swoje<\/p>\n<p>Wymiary: wysoko\u015b\u0107 76 cm, d\u0142ugo\u015b\u0107 60 cm, szer. 40 cm<\/p>\n<p>Okazja !!!<\/p>","protected":false},"featured_media":9923,"comment_status":"closed","ping_status":"closed","template":"","meta":[],"product_cat":[17,33],"product_tag":[],"class_list":{"0":"post-9922","1":"product","2":"type-product","3":"status-publish","4":"has-post-thumbnail","6":"product_cat-meble","7":"product_cat-stoly-stoliki","9":"entry","10":"has-media","12":"first","13":"instock","14":"taxable","15":"shipping-taxable","16":"purchasable","17":"product-type-simple","18":"has-product-nav","19":"col","20":"span_1_of_3","21":"owp-content-center","22":"owp-thumbs-layout-horizontal","23":"owp-btn-normal","24":"owp-tabs-layout-horizontal"},"aioseo_notices":[],"_links":{"self":[{"href":"https:\/\/antykilion.pl\/de\/wp-json\/wp\/v2\/product\/9922","targetHints":{"allow":["GET"]}}],"collection":[{"href":"https:\/\/antykilion.pl\/de\/wp-json\/wp\/v2\/product"}],"about":[{"href":"https:\/\/antykilion.pl\/de\/wp-json\/wp\/v2\/types\/product"}],"replies":[{"embeddable":true,"href":"https:\/\/antykilion.pl\/de\/wp-json\/wp\/v2\/comments?post=9922"}],"wp:featuredmedia":[{"embeddable":true,"href":"https:\/\/antykilion.pl\/de\/wp-json\/wp\/v2\/media\/9923"}],"wp:attachment":[{"href":"https:\/\/antykilion.pl\/de\/wp-json\/wp\/v2\/media?parent=9922"}],"wp:term":[{"taxonomy":"product_cat","embeddable":true,"href":"https:\/\/antykilion.pl\/de\/wp-json\/wp\/v2\/product_cat?post=9922"},{"taxonomy":"product_tag","embeddable":true,"href":"https:\/\/antykilion.pl\/de\/wp-json\/wp\/v2\/product_tag?post=9922"}],"curies":[{"name":"wp","href":"https:\/\/api.w.org\/{rel}","templated":true}]}}