{"id":9990,"date":"2025-09-28T18:01:49","date_gmt":"2025-09-28T16:01:49","guid":{"rendered":"https:\/\/antykilion.pl\/?post_type=product&#038;p=9990"},"modified":"2025-09-28T18:01:49","modified_gmt":"2025-09-28T16:01:49","slug":"zegar-kominkowy-jeanneret-a-rouen-empirowy-zlocony-xix-w-okolo-1810-30-r","status":"publish","type":"product","link":"https:\/\/antykilion.pl\/de\/product\/zegar-kominkowy-jeanneret-a-rouen-empirowy-zlocony-xix-w-okolo-1810-30-r\/","title":{"rendered":"Zegar kominkowy Jeanneret a Rouen empirowy z\u0142ocony XIX w oko\u0142o 1810\/30 r"},"content":{"rendered":"","protected":false},"excerpt":{"rendered":"<p>Zegar kominkowy Jeanneret a Rouen empirowy z\u0142ocony XIX w oko\u0142o 1810\/30 r<\/p>\n<p>Zegar sto\u0142owy w stylu empire. Francja, br\u0105z z\u0142ocony. Podpisany na tarczy Jeanneret a Rouen<\/p>\n<p>Z figur\u0105 dziewczyny z barankiem i koszem pe\u0142nym kwiat\u00f3w.<\/p>\n<p>Pochodzenie: zegar kominkowy, francuski,<\/p>\n<p>Zustand: sehr gut nach der Bewertung des Uhrmachers.<\/p>\n<p>Material: vergoldete Bronze<\/p>\n<p>Wymiary: wysoko\u015b\u0107 37 cm, g\u0142\u0119boko\u015b\u0107 10 cm, d\u0142ugo\u015b\u0107\u00a0 28 cm<\/p>\n<p>Pi\u0119kny zegar<\/p>\n<p>Zegar po przegl\u0105dzie zegarmistrzowskim<\/p>","protected":false},"featured_media":9991,"comment_status":"closed","ping_status":"closed","template":"","meta":[],"product_cat":[54,51],"product_tag":[],"class_list":{"0":"post-9990","1":"product","2":"type-product","3":"status-publish","4":"has-post-thumbnail","6":"product_cat-zegary-kominkowe","7":"product_cat-zegary","9":"entry","10":"has-media","12":"first","13":"instock","14":"taxable","15":"shipping-taxable","16":"purchasable","17":"product-type-simple","18":"has-product-nav","19":"col","20":"span_1_of_3","21":"owp-content-center","22":"owp-thumbs-layout-horizontal","23":"owp-btn-normal","24":"owp-tabs-layout-horizontal"},"aioseo_notices":[],"_links":{"self":[{"href":"https:\/\/antykilion.pl\/de\/wp-json\/wp\/v2\/product\/9990","targetHints":{"allow":["GET"]}}],"collection":[{"href":"https:\/\/antykilion.pl\/de\/wp-json\/wp\/v2\/product"}],"about":[{"href":"https:\/\/antykilion.pl\/de\/wp-json\/wp\/v2\/types\/product"}],"replies":[{"embeddable":true,"href":"https:\/\/antykilion.pl\/de\/wp-json\/wp\/v2\/comments?post=9990"}],"wp:featuredmedia":[{"embeddable":true,"href":"https:\/\/antykilion.pl\/de\/wp-json\/wp\/v2\/media\/9991"}],"wp:attachment":[{"href":"https:\/\/antykilion.pl\/de\/wp-json\/wp\/v2\/media?parent=9990"}],"wp:term":[{"taxonomy":"product_cat","embeddable":true,"href":"https:\/\/antykilion.pl\/de\/wp-json\/wp\/v2\/product_cat?post=9990"},{"taxonomy":"product_tag","embeddable":true,"href":"https:\/\/antykilion.pl\/de\/wp-json\/wp\/v2\/product_tag?post=9990"}],"curies":[{"name":"wp","href":"https:\/\/api.w.org\/{rel}","templated":true}]}}