{"id":60,"date":"2019-12-31T12:25:01","date_gmt":"2019-12-31T11:25:01","guid":{"rendered":"https:\/\/antykilion.pl\/?page_id=60"},"modified":"2020-03-09T08:05:19","modified_gmt":"2020-03-09T07:05:19","slug":"o-nas","status":"publish","type":"page","link":"https:\/\/antykilion.pl\/en\/o-nas\/","title":{"rendered":"About us"},"content":{"rendered":"<div data-elementor-type=\"wp-page\" data-elementor-id=\"60\" class=\"elementor elementor-60\" data-elementor-post-type=\"page\">\n\t\t\t\t\t\t<section class=\"elementor-section elementor-top-section elementor-element elementor-element-b5ab243 elementor-section-height-min-height elementor-section-boxed elementor-section-height-default elementor-section-items-middle\" data-id=\"b5ab243\" data-element_type=\"section\" data-settings=\"{&quot;background_background&quot;:&quot;classic&quot;}\">\n\t\t\t\t\t\t\t<div class=\"elementor-background-overlay\"><\/div>\n\t\t\t\t\t\t\t<div class=\"elementor-container elementor-column-gap-no\">\n\t\t\t\t\t<div class=\"elementor-column elementor-col-100 elementor-top-column elementor-element elementor-element-bf55e9b\" data-id=\"bf55e9b\" data-element_type=\"column\">\n\t\t\t<div class=\"elementor-widget-wrap elementor-element-populated\">\n\t\t\t\t\t\t<div class=\"elementor-element elementor-element-9c59f86 elementor-widget elementor-widget-heading\" data-id=\"9c59f86\" data-element_type=\"widget\" data-widget_type=\"heading.default\">\n\t\t\t\t<div class=\"elementor-widget-container\">\n\t\t\t<h1 class=\"elementor-heading-title elementor-size-default\">About us<\/h1>\t\t<\/div>\n\t\t\t\t<\/div>\n\t\t\t\t<div class=\"elementor-element elementor-element-5ef48f0 elementor-widget elementor-widget-text-editor\" data-id=\"5ef48f0\" data-element_type=\"widget\" data-widget_type=\"text-editor.default\">\n\t\t\t\t<div class=\"elementor-widget-container\">\n\t\t\t\t\t\t\t<p>One of the largest galleries of antiques and art<\/p>\t\t\t\t\t\t<\/div>\n\t\t\t\t<\/div>\n\t\t\t\t\t<\/div>\n\t\t<\/div>\n\t\t\t\t\t<\/div>\n\t\t<\/section>\n\t\t\t\t<section class=\"elementor-section elementor-top-section elementor-element elementor-element-e220325 elementor-section-boxed elementor-section-height-default elementor-section-height-default\" data-id=\"e220325\" data-element_type=\"section\">\n\t\t\t\t\t\t<div class=\"elementor-container elementor-column-gap-default\">\n\t\t\t\t\t<div class=\"elementor-column elementor-col-100 elementor-top-column elementor-element elementor-element-8a928b2\" data-id=\"8a928b2\" data-element_type=\"column\">\n\t\t\t<div class=\"elementor-widget-wrap elementor-element-populated\">\n\t\t\t\t\t\t<div class=\"elementor-element elementor-element-0d95c15 elementor-widget elementor-widget-image\" data-id=\"0d95c15\" data-element_type=\"widget\" data-widget_type=\"image.default\">\n\t\t\t\t<div class=\"elementor-widget-container\">\n\t\t\t\t\t\t\t\t\t\t\t\t\t<img fetchpriority=\"high\" decoding=\"async\" width=\"1200\" height=\"242\" src=\"https:\/\/antykilion.pl\/wp-content\/uploads\/2020\/01\/Zas\u00f3b-2@4x-1200x242.png\" class=\"attachment-large size-large wp-image-357\" alt=\"antyki-antykwariat-galeria-sztuki-wejherowo\" srcset=\"https:\/\/antykilion.pl\/wp-content\/uploads\/2020\/01\/Zas\u00f3b-2@4x-1200x242.png 1200w, https:\/\/antykilion.pl\/wp-content\/uploads\/2020\/01\/Zas\u00f3b-2@4x-350x71.png 350w, https:\/\/antykilion.pl\/wp-content\/uploads\/2020\/01\/Zas\u00f3b-2@4x-768x155.png 768w, https:\/\/antykilion.pl\/wp-content\/uploads\/2020\/01\/Zas\u00f3b-2@4x-18x4.png 18w, https:\/\/antykilion.pl\/wp-content\/uploads\/2020\/01\/Zas\u00f3b-2@4x.png 1389w\" sizes=\"(max-width: 1200px) 100vw, 1200px\" \/>\t\t\t\t\t\t\t\t\t\t\t\t\t<\/div>\n\t\t\t\t<\/div>\n\t\t\t\t\t<\/div>\n\t\t<\/div>\n\t\t\t\t\t<\/div>\n\t\t<\/section>\n\t\t\t\t<section class=\"elementor-section elementor-top-section elementor-element elementor-element-57018b4 elementor-hidden-tablet elementor-hidden-phone elementor-section-boxed elementor-section-height-default elementor-section-height-default\" data-id=\"57018b4\" data-element_type=\"section\" data-settings=\"{&quot;background_background&quot;:&quot;classic&quot;}\">\n\t\t\t\t\t\t<div class=\"elementor-container elementor-column-gap-default\">\n\t\t\t\t\t<div class=\"elementor-column elementor-col-100 elementor-top-column elementor-element elementor-element-d9d670b\" data-id=\"d9d670b\" data-element_type=\"column\">\n\t\t\t<div class=\"elementor-widget-wrap elementor-element-populated\">\n\t\t\t\t\t\t<section class=\"elementor-section elementor-inner-section elementor-element elementor-element-fac6717 elementor-section-height-min-height elementor-section-boxed elementor-section-height-default\" data-id=\"fac6717\" data-element_type=\"section\" data-settings=\"{&quot;background_background&quot;:&quot;classic&quot;}\">\n\t\t\t\t\t\t<div class=\"elementor-container elementor-column-gap-default\">\n\t\t\t\t\t<div class=\"elementor-column elementor-col-100 elementor-inner-column elementor-element elementor-element-1d7691e\" data-id=\"1d7691e\" data-element_type=\"column\">\n\t\t\t<div class=\"elementor-widget-wrap elementor-element-populated\">\n\t\t\t\t\t\t<div class=\"elementor-element elementor-element-adc6ba9 elementor-widget elementor-widget-heading\" data-id=\"adc6ba9\" data-element_type=\"widget\" data-widget_type=\"heading.default\">\n\t\t\t\t<div class=\"elementor-widget-container\">\n\t\t\t<h2 class=\"elementor-heading-title elementor-size-default\">What we do<\/h2>\t\t<\/div>\n\t\t\t\t<\/div>\n\t\t\t\t<div class=\"elementor-element elementor-element-2f11c3e elementor-widget elementor-widget-text-editor\" data-id=\"2f11c3e\" data-element_type=\"widget\" data-widget_type=\"text-editor.default\">\n\t\t\t\t<div class=\"elementor-widget-container\">\n\t\t\t\t\t\t\t<p>One of the largest antiques and art galleries in Poland invites you to Wejherowo, in a beautifully situated place in the historic old town opposite the Monastery of St. Anna and the Town Hall. The gallery offers a wide selection of Polish and Western paintings by leading painters whose works are listed in auction houses around the world, painting from the 17th century to the works of modern young artists at very attractive prices. In addition, we offer a very large selection of exclusive furniture from the seventeenth century to the beginning of the twentieth century. We invite everyone to find something for themselves.<\/p>\t\t\t\t\t\t<\/div>\n\t\t\t\t<\/div>\n\t\t\t\t\t<\/div>\n\t\t<\/div>\n\t\t\t\t\t<\/div>\n\t\t<\/section>\n\t\t\t\t\t<\/div>\n\t\t<\/div>\n\t\t\t\t\t<\/div>\n\t\t<\/section>\n\t\t\t\t<section class=\"elementor-section elementor-top-section elementor-element elementor-element-9d22bda elementor-hidden-tablet elementor-hidden-phone elementor-section-boxed elementor-section-height-default elementor-section-height-default\" data-id=\"9d22bda\" data-element_type=\"section\">\n\t\t\t\t\t\t<div class=\"elementor-container elementor-column-gap-default\">\n\t\t\t\t\t<div class=\"elementor-column elementor-col-100 elementor-top-column elementor-element elementor-element-a091d1f\" data-id=\"a091d1f\" data-element_type=\"column\">\n\t\t\t<div class=\"elementor-widget-wrap elementor-element-populated\">\n\t\t\t\t\t\t<div class=\"elementor-element elementor-element-0c72ec6 symbol-rotate elementor-widget elementor-widget-image\" data-id=\"0c72ec6\" data-element_type=\"widget\" data-widget_type=\"image.default\">\n\t\t\t\t<div class=\"elementor-widget-container\">\n\t\t\t\t\t\t\t\t\t\t\t\t\t<img fetchpriority=\"high\" decoding=\"async\" width=\"1200\" height=\"242\" src=\"https:\/\/antykilion.pl\/wp-content\/uploads\/2020\/01\/Zas\u00f3b-2@4x-1200x242.png\" class=\"attachment-large size-large wp-image-357\" alt=\"antyki-antykwariat-galeria-sztuki-wejherowo\" srcset=\"https:\/\/antykilion.pl\/wp-content\/uploads\/2020\/01\/Zas\u00f3b-2@4x-1200x242.png 1200w, https:\/\/antykilion.pl\/wp-content\/uploads\/2020\/01\/Zas\u00f3b-2@4x-350x71.png 350w, https:\/\/antykilion.pl\/wp-content\/uploads\/2020\/01\/Zas\u00f3b-2@4x-768x155.png 768w, https:\/\/antykilion.pl\/wp-content\/uploads\/2020\/01\/Zas\u00f3b-2@4x-18x4.png 18w, https:\/\/antykilion.pl\/wp-content\/uploads\/2020\/01\/Zas\u00f3b-2@4x.png 1389w\" sizes=\"(max-width: 1200px) 100vw, 1200px\" \/>\t\t\t\t\t\t\t\t\t\t\t\t\t<\/div>\n\t\t\t\t<\/div>\n\t\t\t\t\t<\/div>\n\t\t<\/div>\n\t\t\t\t\t<\/div>\n\t\t<\/section>\n\t\t\t\t<section class=\"elementor-section elementor-top-section elementor-element elementor-element-aefe220 elementor-section-boxed elementor-section-height-default elementor-section-height-default\" data-id=\"aefe220\" data-element_type=\"section\" data-settings=\"{&quot;background_background&quot;:&quot;classic&quot;}\">\n\t\t\t\t\t\t\t<div class=\"elementor-background-overlay\"><\/div>\n\t\t\t\t\t\t\t<div class=\"elementor-container elementor-column-gap-default\">\n\t\t\t\t\t<div class=\"elementor-column elementor-col-100 elementor-top-column elementor-element elementor-element-343510c\" data-id=\"343510c\" data-element_type=\"column\">\n\t\t\t<div class=\"elementor-widget-wrap elementor-element-populated\">\n\t\t\t\t\t\t<section class=\"elementor-section elementor-inner-section elementor-element elementor-element-70738fd elementor-section-boxed elementor-section-height-default elementor-section-height-default\" data-id=\"70738fd\" data-element_type=\"section\" data-settings=\"{&quot;background_background&quot;:&quot;classic&quot;}\">\n\t\t\t\t\t\t<div class=\"elementor-container elementor-column-gap-default\">\n\t\t\t\t\t<div class=\"elementor-column elementor-col-100 elementor-inner-column elementor-element elementor-element-7dbb9a7\" data-id=\"7dbb9a7\" data-element_type=\"column\">\n\t\t\t<div class=\"elementor-widget-wrap elementor-element-populated\">\n\t\t\t\t\t\t<div class=\"elementor-element elementor-element-29bce04 elementor-widget elementor-widget-heading\" data-id=\"29bce04\" data-element_type=\"widget\" data-widget_type=\"heading.default\">\n\t\t\t\t<div class=\"elementor-widget-container\">\n\t\t\t<h3 class=\"elementor-heading-title elementor-size-default\">call us<\/h3>\t\t<\/div>\n\t\t\t\t<\/div>\n\t\t\t\t<div class=\"elementor-element elementor-element-33e494c elementor-widget elementor-widget-heading\" data-id=\"33e494c\" data-element_type=\"widget\" data-widget_type=\"heading.default\">\n\t\t\t\t<div class=\"elementor-widget-container\">\n\t\t\t<h1 class=\"elementor-heading-title elementor-size-default\">Interested in our offer?<\/h1>\t\t<\/div>\n\t\t\t\t<\/div>\n\t\t\t\t<div class=\"elementor-element elementor-element-4ec8d3b elementor-align-center elementor-widget elementor-widget-button\" data-id=\"4ec8d3b\" data-element_type=\"widget\" data-widget_type=\"button.default\">\n\t\t\t\t<div class=\"elementor-widget-container\">\n\t\t\t\t\t<div class=\"elementor-button-wrapper\">\n\t\t\t<a class=\"elementor-button elementor-button-link elementor-size-md\" href=\"https:\/\/antykilion.pl\/en\/kontakt\/\">\n\t\t\t\t\t\t<span class=\"elementor-button-content-wrapper\">\n\t\t\t\t\t\t\t\t\t<span class=\"elementor-button-text\">contact us<\/span>\n\t\t\t\t\t<\/span>\n\t\t\t\t\t<\/a>\n\t\t<\/div>\n\t\t\t\t<\/div>\n\t\t\t\t<\/div>\n\t\t\t\t\t<\/div>\n\t\t<\/div>\n\t\t\t\t\t<\/div>\n\t\t<\/section>\n\t\t\t\t\t<\/div>\n\t\t<\/div>\n\t\t\t\t\t<\/div>\n\t\t<\/section>\n\t\t\t\t<\/div>","protected":false},"excerpt":{"rendered":"<p>O nas Jedna z najwi\u0119kszych galerii Antyk\u00f3w i Sztuki Czym si\u0119 zajmujemy Jedna z najwi\u0119kszych w Polsce galerii Antyk\u00f3w i Sztuki zaprasza do Wejherowa, w pi\u0119knie usytuowanym miejscu na zabytkowym starym mie\u015bcie naprzeciwko Klasztoru \u015aw. Anny i Ratusza Miejskiego. Galeria posiada w swojej ofercie szeroki wyb\u00f3r malarstwa Polskiego i Zachodniego czo\u0142owych malarzy, kt\u00f3rych prace notowane [&hellip;]<\/p>","protected":false},"author":2,"featured_media":0,"parent":0,"menu_order":0,"comment_status":"closed","ping_status":"closed","template":"elementor_header_footer","meta":{"footnotes":""},"class_list":["post-60","page","type-page","status-publish","hentry","entry","owp-thumbs-layout-horizontal","owp-btn-normal","owp-tabs-layout-horizontal","has-no-thumbnails","has-product-nav"],"aioseo_notices":[],"_links":{"self":[{"href":"https:\/\/antykilion.pl\/en\/wp-json\/wp\/v2\/pages\/60","targetHints":{"allow":["GET"]}}],"collection":[{"href":"https:\/\/antykilion.pl\/en\/wp-json\/wp\/v2\/pages"}],"about":[{"href":"https:\/\/antykilion.pl\/en\/wp-json\/wp\/v2\/types\/page"}],"author":[{"embeddable":true,"href":"https:\/\/antykilion.pl\/en\/wp-json\/wp\/v2\/users\/2"}],"replies":[{"embeddable":true,"href":"https:\/\/antykilion.pl\/en\/wp-json\/wp\/v2\/comments?post=60"}],"version-history":[{"count":0,"href":"https:\/\/antykilion.pl\/en\/wp-json\/wp\/v2\/pages\/60\/revisions"}],"wp:attachment":[{"href":"https:\/\/antykilion.pl\/en\/wp-json\/wp\/v2\/media?parent=60"}],"curies":[{"name":"wp","href":"https:\/\/api.w.org\/{rel}","templated":true}]}}