{"id":79,"date":"2019-12-31T12:25:20","date_gmt":"2019-12-31T11:25:20","guid":{"rendered":"https:\/\/antykilion.pl\/?page_id=79"},"modified":"2020-03-01T10:24:14","modified_gmt":"2020-03-01T09:24:14","slug":"regulamin","status":"publish","type":"page","link":"https:\/\/antykilion.pl\/en\/regulamin\/","title":{"rendered":"Regulations"},"content":{"rendered":"<div data-elementor-type=\"wp-page\" data-elementor-id=\"79\" class=\"elementor elementor-79\" data-elementor-post-type=\"page\">\n\t\t\t\t\t\t<section class=\"elementor-section elementor-top-section elementor-element elementor-element-74943b1 elementor-section-height-min-height elementor-section-boxed elementor-section-height-default elementor-section-items-middle\" data-id=\"74943b1\" data-element_type=\"section\" data-settings=\"{&quot;background_background&quot;:&quot;classic&quot;}\">\n\t\t\t\t\t\t\t<div class=\"elementor-background-overlay\"><\/div>\n\t\t\t\t\t\t\t<div class=\"elementor-container elementor-column-gap-no\">\n\t\t\t\t\t<div class=\"elementor-column elementor-col-100 elementor-top-column elementor-element elementor-element-972725c\" data-id=\"972725c\" data-element_type=\"column\">\n\t\t\t<div class=\"elementor-widget-wrap elementor-element-populated\">\n\t\t\t\t\t\t<div class=\"elementor-element elementor-element-3ce995b elementor-widget elementor-widget-heading\" data-id=\"3ce995b\" data-element_type=\"widget\" data-widget_type=\"heading.default\">\n\t\t\t\t<div class=\"elementor-widget-container\">\n\t\t\t<h1 class=\"elementor-heading-title elementor-size-default\">Shop rules<\/h1>\t\t<\/div>\n\t\t\t\t<\/div>\n\t\t\t\t<div class=\"elementor-element elementor-element-d35da0f elementor-widget elementor-widget-text-editor\" data-id=\"d35da0f\" data-element_type=\"widget\" data-widget_type=\"text-editor.default\">\n\t\t\t\t<div class=\"elementor-widget-container\">\n\t\t\t\t\t\t\t<p>One of the largest galleries of antiques and art<\/p>\t\t\t\t\t\t<\/div>\n\t\t\t\t<\/div>\n\t\t\t\t\t<\/div>\n\t\t<\/div>\n\t\t\t\t\t<\/div>\n\t\t<\/section>\n\t\t\t\t<section class=\"elementor-section elementor-top-section elementor-element elementor-element-6121a11 elementor-section-boxed elementor-section-height-default elementor-section-height-default\" data-id=\"6121a11\" data-element_type=\"section\">\n\t\t\t\t\t\t<div class=\"elementor-container elementor-column-gap-default\">\n\t\t\t\t\t<div class=\"elementor-column elementor-col-100 elementor-top-column elementor-element elementor-element-68b94bd\" data-id=\"68b94bd\" data-element_type=\"column\">\n\t\t\t<div class=\"elementor-widget-wrap elementor-element-populated\">\n\t\t\t\t\t\t<div class=\"elementor-element elementor-element-db273eb elementor-widget elementor-widget-text-editor\" data-id=\"db273eb\" data-element_type=\"widget\" data-widget_type=\"text-editor.default\">\n\t\t\t\t<div class=\"elementor-widget-container\">\n\t\t\t\t\t\t\t<p>We have a stationary store where you can directly view and buy the offered goods, functioning under the name and address:<\/p><p>Gallery Antiques and Art Lion Jacek Myller<\/p><p>Wejherowo 84-200<\/p><p>Ul. Klasztorna 7<\/p><p>Regulations of the online store antykilon.pl, regarding the conclusion of distance sales contracts with consumers and the provision of services - effective from 01\/02\/2020 - applies to contracts concluded after this date.<\/p><p>1. COMPANY INFORMATION<\/p><p>The owner of an online store operating at the Internet address http:\/\/antykilion.pl Galeria Antyki i Sztuki Lion Jacek Myller NIP 5881203242, REGON <strong>366629645<\/strong>. ; in the remainder of these Regulations as a Seller.<\/p><ol start=\"2\"><li>DEFINITIONS<\/li><\/ol><p>1. Store - online store operating at <a href=\"https:\/\/antykilon.pl\">https:\/\/antykilon.pl<\/a> \u00a0is run and owned by Galeria Antyki i Sztuki Lion.<\/p><p>2. Buyer - consumer within the meaning of art. 22 [1] of the Civil Code, using the services of the Seller, buying goods on the terms set out in these Regulations.<\/p><p>3. Order - Buyer&#039;s declaration of intent on the basis of which he buys goods offered by the Seller. The order contains all detailed information enabling its implementation.<\/p><p>4. Goods - movable property covered by the Sales Agreement.<\/p><p>5. Sales contract - a sales contract within the meaning of the Civil Code concluded between the Seller and the Buyer in the Store.<\/p><p>6. Large shipment - a parcel weighing more than 20 kilograms or a parcel<\/p><p>7. Force majeure - an external event, independent of the Parties, unexpected and impossible to avoid or prevent it (e.g. strikes, wars, riots, social unrest, floods, fires, tornadoes).<\/p><p>8. Act on consumer rights - Act of 30 May 2014 on consumer rights (Journal of Laws of 2014, item 827).<\/p><p>9. Civil Code - the Act of 23 April 1964 - Civil Code (Journal of Laws of 2014, item 121).<\/p><ol start=\"3\"><li>GENERAL PROVISIONS<\/li><\/ol><p>1. These Regulations set out the terms and conditions for the use of Buyers by the Buyers to purchase items on the Store&#039;s website, as well as goods that are not included in the Store&#039;s offer, and may be delivered to the Buyer by prior email arrangement or in another form writing. The Regulations also specify the rights and obligations as well as the conditions of liability of the Seller and Buyers. The regulations are available on the website: antykilion.pl. Before concluding the contract or creating an account, the Buyer reads the Regulations, and accepts its provisions by checking the appropriate box with the checkbox in the order submission process.<\/p><ol start=\"4\"><li>TECHNICAL REQUIREMENTS AND RESERVATIONS<\/li><\/ol><p>1.Internet connection<\/p><p>2. The Seller does not automatically collect any data, except for the data contained in cookies during the use of the Store.<\/p><p>3. The Seller reserves the right to temporarily suspend the operation of the Store and the right to other breaks in access to the Store (in particular to the goods presented), caused in particular by the necessity<\/p><p>maintenance, repair of the system or update of prices and descriptions of goods presented in the Store.<\/p><p>4. The Seller shall not be liable for any problems arising from incorrect or incorrect input of personal data by the Buyer<\/p><p>\u25e6 If there is a justified risk or it is determined that the account was registered by a person who provided false information, the Seller may suspend the account. The Buyer will be notified by e-mail about taking such actions. Resumption of account activity may be dependent on the Buyer taking action to clarify or remove false data.<\/p><p>\u25e6 The Buyer undertakes to use the Store&#039;s website in a way that does not interfere with its functioning<\/p><p>.\u25e6 The buyer agrees to the processing of his personal data for the purposes of placing an order and registering in the online store (in accordance with the Act of 25 May 2018 on the Protection of Personal Data; consolidated text: Journal of Laws 2018 item 1000).<\/p><ol start=\"5\"><li>GOODS PRICE AND FORMS OF PAYMENT<\/li><\/ol><p>1.All prices quoted in the Store are expressed in Polish zlotys (PLN) and include VAT.<\/p><p>2. Prices do not include shipping costs. Shipping costs are added as a separate item in the order summary (basket value). Information on the shipping price is given after prior agreement between the buyer and the store.<\/p><p>3. The prices provided in the Store are binding when placing the Order by the website <a href=\"https:\/\/antykilion.pl\/en\/\">https:\/\/antykilion.pl<\/a><\/p><p>Payu is the entity providing online payment services. Payment for the ordered goods can be made:<\/p><p>\u25aa using electronic payment channels under the PayU service<\/p><p>With the help of Visa, Visa Electron, MasterCard, MasterCard Electronic, Maestro, blik payment cards<\/p><p>\u25aa or direct payment to the account of Galeria Antyki i Sztuki Lion<\/p><p>Mllenium Bank<\/p><p>14 1160 2202 0000 0003 2123 8265<\/p><p>6. No payment of the Order price after 4 business days from the day of placing the Order is tantamount to resignation from the Order. After the indicated date, the Seller cancels the Order.<\/p><ol start=\"6\"><li><p>Reservation<\/p><p>The customer can book an item in the Online Store antykilion.pl. To do this, contact the store to determine what item will be subject to the reservation. Each reservation is subject to a fee of PLN 300. The booking time is 7 days. The confirmation of the payment made by the Customer and a scan of the payment to the Antyki i Sztuki Lion Jacek Myller company are considered effective.<br \/>The reserved item is marked in the Online Store antykilion.pl and it is not possible to purchase it by other customers for a period of 7 days. <br \/>If the customer who booked the subject of payment fails to make the missing amount followed by the purchase of the item within 7 days of booking the item, the reservation is forfeited, and with it the amount paid by the customer who made the advance payment. In this case, the item loses its reserved status and is placed on the market in the online store antykilion.pl.\u00a0<\/p><\/li><li>PLACING ORDERS<\/li><\/ol><p>1. The Buyer may place an Order via the website: https:\/\/antykilion.pl;<\/p><p>2. Confirmation of the Buyer&#039;s Order is carried out using the button labeled &quot;Order with the obligation to pay&quot;, the Buyer will receive an email containing confirmation of the Order.<\/p><p>3. After the Buyer accepts the Order referred to above by e-mail, the Buyer receives an e-mail message that the Order has been placed in the Store<\/p><p>4. The buyer may introduce changes to the Order until the sale confirmation document is issued. The buyer may withdraw the placed Order in its entirety until it is sent.<\/p><p>5.In case of insufficient data needed to start the Order processing process, the Order will not be processed until the data is completed, with the proviso that if the Buyer fails to contact the Store&#039;s service within 2 business days or attempts to contact the Buyer fail, the Order will be canceled.<\/p><p>6. In the case of online payment, the acceptance of the Order for processing by the Seller begins when the price of the Order placed on the Store&#039;s bank account is posted, visible in the summary of the Order.<\/p><p>7. In the event that the Buyer&#039;s Order cannot be processed (unavailability of the ordered goods), the Buyer shall be immediately informed of this fact.<\/p><p>8. If the goods are temporarily unavailable, the Seller shall inform the Buyer about the extended delivery time of the goods unavailable; in this case, the duration of the Order may change.<\/p><p>9. In case of unavailability of some of the goods covered by the Order, the Buyer is informed about the status of the Order and decides how to implement it (partial implementation or cancellation of the entire Order).<\/p><p>10. If the goods are not available at all, due to circumstances beyond the control of the Seller, the Buyer may place an Order for other goods from the Store&#039;s offer or receive a refund of the price already paid. If another product is selected, the price previously paid for the unavailable product will be properly settled and the Buyer will receive a refund of the price difference or will pay the Seller the amount that is the missing part of the price of the newly selected product.<\/p><p>8. ORDER IMPLEMENTATION<\/p><p>1. The Seller will make every effort to keep the Buyers informed about the expected delivery date.<\/p><p>2. The time of placing an Order is determined from the moment the Seller receives and crediting the company&#039;s account with the payment for the Order.<\/p><p>3. A VAT Margin invoice is issued for each Order.<\/p><p>9. Delivery<\/p><p>1. Deliveries of goods wrapped in the Store are carried out throughout the country or the European Union by prior arrangement by phone or e-mail.<\/p><p>2. Shipment of goods for smaller goods is done by courier.<\/p><ol start=\"3\"><li>Large goods, e.g. furniture, are shipped using external freight companies<\/li><\/ol><p>4. The amounts for courier services are gross amounts.<\/p><p>5. Receipt of a parcel from a courier must be confirmed by a written receipt<\/p><p>6. When collecting the parcel, the Buyer should check the parcel.<\/p><p>7. The Seller shall not be liable for non-delivery of goods or delay in delivery caused by an inaccurate or incorrect address provided by the Buyer in the Order.<\/p><p>8. THE RIGHT TO WITHDRAW FROM AN AGREEMENT (RETURN) applies only to the online store.<\/p><ol start=\"9\"><li>The consumer has the right to withdraw from the contract concluded with the Seller via the Online Store, subject to point 8 of the Regulations, within 14 days without giving any reason.<\/li><li>The deadline to withdraw from the contract expires after 14 days from the day on which the Consumer came into possession of the goods or when a third party other than the carrier and indicated by the Consumer came into possession of the goods.<\/li><li>In order for the Consumer to exercise the right to withdraw from the contract, he must inform the Seller by phone and in addition by E-mail.<\/li><li>The return of goods must take place before the expiry of the deadline to withdraw from the contract and intact the goods, in the event of any violations or damage to the goods, the online store does not refund money for the returned goods.<\/li><\/ol><p>13. The Store also does not bear any costs related to the shipment of goods.<\/p><p>14. the right to withdraw from a distance contract is not entitled to an entity other than the consumer.<\/p><p>15. Orders can be placed at the antiquilio.pl store subject to the acceptance of these regulations.<\/p><p>\u00a0<\/p><p><strong>\u00a0<\/strong><\/p>\t\t\t\t\t\t<\/div>\n\t\t\t\t<\/div>\n\t\t\t\t\t<\/div>\n\t\t<\/div>\n\t\t\t\t\t<\/div>\n\t\t<\/section>\n\t\t\t\t<\/div>","protected":false},"excerpt":{"rendered":"<p>Regulamin Sklepu Jedna z najwi\u0119kszych galerii Antyk\u00f3w i Sztuki Posiadamy sklep stacjonarny, gdzie mo\u017cna bezpo\u015brednio obejrze\u0107 \u00a0i zakupi\u0107 oferowany towar, funkcjonuj\u0105cy pod nazw\u0105 i adresem: Galeria Antyki I Sztuka Lion Jacek Myller Wejherowo 84-200 Ul. Klasztorna 7 Regulamin sklepu internetowego antykilon.pl, dotycz\u0105cy zawierania z konsumentami na odleg\u0142o\u015b\u0107 um\u00f3w sprzeda\u017cy towar\u00f3w oraz \u015bwiadczenia us\u0142ug &#8211; obowi\u0105zuj\u0105cy [&hellip;]<\/p>","protected":false},"author":2,"featured_media":0,"parent":0,"menu_order":0,"comment_status":"closed","ping_status":"closed","template":"elementor_header_footer","meta":{"footnotes":""},"class_list":["post-79","page","type-page","status-publish","hentry","entry","owp-thumbs-layout-horizontal","owp-btn-normal","owp-tabs-layout-horizontal","has-no-thumbnails","has-product-nav"],"aioseo_notices":[],"_links":{"self":[{"href":"https:\/\/antykilion.pl\/en\/wp-json\/wp\/v2\/pages\/79","targetHints":{"allow":["GET"]}}],"collection":[{"href":"https:\/\/antykilion.pl\/en\/wp-json\/wp\/v2\/pages"}],"about":[{"href":"https:\/\/antykilion.pl\/en\/wp-json\/wp\/v2\/types\/page"}],"author":[{"embeddable":true,"href":"https:\/\/antykilion.pl\/en\/wp-json\/wp\/v2\/users\/2"}],"replies":[{"embeddable":true,"href":"https:\/\/antykilion.pl\/en\/wp-json\/wp\/v2\/comments?post=79"}],"version-history":[{"count":0,"href":"https:\/\/antykilion.pl\/en\/wp-json\/wp\/v2\/pages\/79\/revisions"}],"wp:attachment":[{"href":"https:\/\/antykilion.pl\/en\/wp-json\/wp\/v2\/media?parent=79"}],"curies":[{"name":"wp","href":"https:\/\/api.w.org\/{rel}","templated":true}]}}