{"id":10008,"date":"2025-10-05T12:56:48","date_gmt":"2025-10-05T10:56:48","guid":{"rendered":"https:\/\/antykilion.pl\/?post_type=product&#038;p=10008"},"modified":"2026-04-08T20:28:02","modified_gmt":"2026-04-08T18:28:02","slug":"lot-i-jego-dwie-corki-xvii-xviii-w-luca-giordano-krag-okazja","status":"publish","type":"product","link":"https:\/\/antykilion.pl\/en\/product\/lot-i-jego-dwie-corki-xvii-xviii-w-luca-giordano-krag-okazja\/","title":{"rendered":"Lot i jego dwie c\u00f3rki XVII\/XVIII w Luca Giordano kr\u0105g okazja !!!"},"content":{"rendered":"","protected":false},"excerpt":{"rendered":"<p>Lot i jego dwie c\u00f3rki XVII\/XVIII w Luca Giordano kr\u0105g Okazja !!!<\/p>\n<p>Starotestamentowy temat Lota i jego c\u00f3rek zosta\u0142 tu formalnie podj\u0119ty, poniewa\u017c brodaty starzec przedstawiony jest pomi\u0119dzy dwiema m\u0142odymi kobietami, z kt\u00f3rych ka\u017cda usi\u0142uje go uwie\u015b\u0107. Motyw wina, kt\u00f3ry w Biblii odpowiada za pija\u0144stwo Lota, zosta\u0142 r\u00f3wnie\u017c przedstawiony przez malarza w ciemno\u015bci po prawej stronie obrazu, jednak w formie kieliszka do wina, do kt\u00f3rego m\u0142odzieniec po prawej stronie obrazu nalewa sok winogronowy. Jednak\u017ce towarzysz\u0105ce temu atrybuty na obrazie \u2013 rze\u017aba postaci kobiecej w r\u0119kach dziewczyny przedstawionej po lewej stronie oraz turban z koron\u0105, ber\u0142em i naszyjnikiem z pere\u0142 na pod\u0142odze u st\u00f3p postaci kobiecej po prawej \u2013 sugeruj\u0105 literack\u0105 interpretacj\u0119 obrazu, kt\u00f3rej pochodzenie nie zosta\u0142o bli\u017cej wyja\u015bnione. Najwyra\u017aniej istnieje tematyczne nak\u0142adanie si\u0119 biblijnego motywu Lota, co prowadzi do dwojakiej interpretacji. Niejednoznaczny motyw prawdopodobnie wywodzi si\u0119 z tekstu literackiego autorstwa \u00f3wczesnego humanisty. Oczywiste jest, \u017ce jest to decyzja na rozdro\u017cu, wyb\u00f3r mi\u0119dzy pi\u0119kn\u0105 sztuk\u0105\/kobiet\u0105 a w\u0142adz\u0105\/bogactwem<\/p>\n<p>Luca Giordano,\u00a0hiszp.\u00a0Lucas Jord\u00e1n\u00a0(ur.\u00a018 pa\u017adziernika\u00a01634\u00a0w\u00a0Neapolu, zm.\u00a012 stycznia\u00a01705\u00a0tam\u017ce) \u2013\u00a0eklektyczny\u00a0w\u0142oski malarz i rysownik epoki\u00a0baroku. Dzia\u0142a\u0142 w wielu miejscach, by\u0142 m.in.\u00a0malarzem nadwornym\u00a0kr\u00f3la Hiszpanii\u00a0Karola II.<\/p>\n<p>\u017bycie<\/p>\n<p>Pocz\u0105tkowo terminowa\u0142 u\u00a0Jusepe de Ribery, a potem kszta\u0142ci\u0142 si\u0119 pod kierunkiem\u00a0Pietra da Cortony. Znany by\u0142 z bardzo szybkiego tworzenia swoich prac, umiej\u0119tno\u015bci na\u015bladowania stylu innych malarzy i \u0142\u0105czenia stylu rzymskiego i weneckiego w malarstwie.<\/p>\n<p>W 1692 zosta\u0142 wezwany na dw\u00f3r\u00a0Carlosa Nawiedzonego\u00a0do\u00a0Madrytu. Przydzielono mu prac\u0119 nad dekoracj\u0105 sklepie\u0144 g\u0142\u00f3wnej klatki schodowej oraz bazyliki w pa\u0142acu w\u00a0Eskurialu\u00a0(1692-1694), nast\u0119pnie malowa\u0142 gabinet i sypialni\u0119 kr\u00f3lewsk\u0105 w pa\u0142acu w\u00a0Aranjuez. P\u00f3\u017aniej, oko\u0142o 1697, rozpocz\u0105\u0142 prace nad sklepieniem\u00a0sali balowej\u00a0pa\u0142acu Buen Retiro\u00a0w Madrycie. W roku nast\u0119pnym dekorowa\u0142 sklepienie zakrystii\u00a0katedry w Toledo\u00a0(1698), by w 1699 ponownie dosta\u0107 zatrudnienie od kr\u00f3la, tym razem przy dekoracji\u00a0kaplicy kr\u00f3lewskiej\u00a0Alkazaru w Madrycie\u00a0i kaplicy Portugalczyk\u00f3w \u015bw. Antoniego (San Antonio de los Portugueses), r\u00f3wnie\u017c w Madrycie.<\/p>\n<p>Wybuch\u00a0wojny sukcesyjnej\u00a0po \u015bmierci\u00a0Carlosa Nawiedzonego, zmusi\u0142 artyst\u0119 do powrotu do rodzinnego\u00a0Neapolu\u00a0w 1702. Zmar\u0142 tam w\u00a01705.<\/p>\n<p>Creation<\/p>\n<p>By\u0142 malarzem bardzo p\u0142odnym. Pozostawi\u0142 ok. 5000 obraz\u00f3w, przewa\u017cnie du\u017cych rozmiar\u00f3w. Zyska\u0142 przydomek\u00a0Luca fa presto\u00a0(Luca szybko pracuj\u0105cy). Wykonanie fresk\u00f3w w kopule skarbca San Martino w Neapolu zaj\u0119\u0142o mu \u0142\u0105cznie zaledwie 48 godz. \u0141atwo ulega\u0142 wp\u0142ywom i przejawia\u0142 ogromn\u0105 zr\u0119czno\u015b\u0107 w na\u015bladowaniu innych. Studiowa\u0142 i kopiowa\u0142 m.in. takich mistrz\u00f3w jak:\u00a0Pietro da Cortona,\u00a0Jusepe de Ribera,\u00a0Paolo Veronese,\u00a0Tycjan,\u00a0Rafael Santi,\u00a0Guido Reni, a tak\u017ce\u00a0Albrecht D\u00fcrer,\u00a0Rembrandt, i\u00a0Peter Paul Rubens<\/p>\n<p>Koncentrowa\u0142 si\u0119 g\u0142\u00f3wnie na tematyce\u00a0religijnej, cho\u0107 malowa\u0142 r\u00f3wnie\u017c obrazy\u00a0mitologiczne,\u00a0historyczne\u00a0i\u00a0portrety. Jego pierwsze dzie\u0142a (1650-54) utrzymane s\u0105 w duchu\u00a0caravaggionizmu, ale s\u0105 bardziej nasycone migotliwym \u015bwiat\u0142em. Dzie\u0142a powsta\u0142e po 1677 r. odznaczaj\u0105 si\u0119 wirtuozeri\u0105 kompozycyjn\u0105, rozleg\u0142\u0105 przestrzeni\u0105 oraz du\u017c\u0105 liczb\u0105 postaci w gwa\u0142townych niespokojnych ruchach.<\/p>\n<p>Odegra\u0142 wielk\u0105 rol\u0119 w rozwoju monumentalnego malarstwa barokowego. Wykona\u0142 wiele\u00a0fresk\u00f3w, m.in.: w kopule S. Brigida w Neapolu (1682), w Palazzo Medici-Riccardi we Florencji (1682-83), w ko\u015bciele w\u00a0Escorialu\u00a0(1692-4), na sklepieniu zakrystii katedry w\u00a0Toledo\u00a0(1697-1700) oraz w kopule skarbca w Certosa di San Martino w Neapolu (1704).<\/p>\n<p>W\u00a0Muzeum Narodowym w Warszawie\u00a0znajduj\u0105 si\u0119 przypisywana mu lub jego szkole\u00a0Prometeusz\u00a0i\u00a0Komunia Aposto\u0142\u00f3w.<\/p>\n<p>Technique: oil on canvas<\/p>\n<p>Stan: bardzo dobry po konserwacji, niestety jest kilka przetar\u0107 kt\u00f3re zosta\u0142y dyskretnie zretuszowane<\/p>\n<p>Sygnatura: nie znaleziono<\/p>\n<p>Wymiary: p\u0142\u00f3tno 40 cm na 50 cm, z ram\u0105 to oko\u0142o\u00a0 54 cm\u00a0 na\u00a0 64 cm<\/p>\n<p>Origin: Europe<\/p>\n<p>Do ka\u017cdego przedmiotu Galeria wystawia certyfikat<\/p>","protected":false},"featured_media":10009,"comment_status":"closed","ping_status":"closed","template":"","meta":[],"product_cat":[41,39,40],"product_tag":[],"class_list":{"0":"post-10008","1":"product","2":"type-product","3":"status-publish","4":"has-post-thumbnail","6":"product_cat-malarstwo-dawne","7":"product_cat-dziela-sztuki","8":"product_cat-malarstwo","10":"entry","11":"has-media","13":"first","14":"instock","15":"taxable","16":"shipping-taxable","17":"purchasable","18":"product-type-simple","19":"has-product-nav","20":"col","21":"span_1_of_3","22":"owp-content-center","23":"owp-thumbs-layout-horizontal","24":"owp-btn-normal","25":"owp-tabs-layout-horizontal"},"aioseo_notices":[],"_links":{"self":[{"href":"https:\/\/antykilion.pl\/en\/wp-json\/wp\/v2\/product\/10008","targetHints":{"allow":["GET"]}}],"collection":[{"href":"https:\/\/antykilion.pl\/en\/wp-json\/wp\/v2\/product"}],"about":[{"href":"https:\/\/antykilion.pl\/en\/wp-json\/wp\/v2\/types\/product"}],"replies":[{"embeddable":true,"href":"https:\/\/antykilion.pl\/en\/wp-json\/wp\/v2\/comments?post=10008"}],"wp:featuredmedia":[{"embeddable":true,"href":"https:\/\/antykilion.pl\/en\/wp-json\/wp\/v2\/media\/10009"}],"wp:attachment":[{"href":"https:\/\/antykilion.pl\/en\/wp-json\/wp\/v2\/media?parent=10008"}],"wp:term":[{"taxonomy":"product_cat","embeddable":true,"href":"https:\/\/antykilion.pl\/en\/wp-json\/wp\/v2\/product_cat?post=10008"},{"taxonomy":"product_tag","embeddable":true,"href":"https:\/\/antykilion.pl\/en\/wp-json\/wp\/v2\/product_tag?post=10008"}],"curies":[{"name":"wp","href":"https:\/\/api.w.org\/{rel}","templated":true}]}}