{"id":10066,"date":"2025-10-06T14:11:50","date_gmt":"2025-10-06T12:11:50","guid":{"rendered":"https:\/\/antykilion.pl\/?post_type=product&#038;p=10066"},"modified":"2025-10-06T14:11:50","modified_gmt":"2025-10-06T12:11:50","slug":"ecce-homo-przelom-xvi-xvii-w-muzealny","status":"publish","type":"product","link":"https:\/\/antykilion.pl\/en\/product\/ecce-homo-przelom-xvi-xvii-w-muzealny\/","title":{"rendered":"Ecce homo, prze\u0142om XVI\/XVII w, muzealny"},"content":{"rendered":"","protected":false},"excerpt":{"rendered":"<p>Ecce homo, prze\u0142om XVI\/XVII w, muzealny<\/p>\n<p>To bezpo\u015brednie, frontalne przedstawienie Chrystusa w koronie cierniowej, ze zwi\u0105zanymi r\u0119kami. Starannie wykonana forma przywodzi na my\u015bl malarstwo niderlandzkie. Mocno o\u015bwietlona posta\u0107 wyr\u00f3\u017cnia si\u0119 na ciemnym tle, pot\u0119guj\u0105c skupienie widza na emocjonalnym patosie obrazu.<\/p>\n<p>Bardzo dekoracyjny<\/p>\n<p>Technika: olej deska<\/p>\n<p>Stan: bardzo dobry, dawna konserwacja,<\/p>\n<p>Sygnatura: nie stwierdzono<\/p>\n<p>Wymiary: deska 50 cm na 65 cm, z ram\u0105 to oko\u0142o\u00a0 54 cm\u00a0 na 79 cm<\/p>\n<p>Pochodzenie: Europa, W\u0142ochy<\/p>\n<p>Do ka\u017cdego przedmiotu Galeria wystawia certyfikat.<\/p>","protected":false},"featured_media":10067,"comment_status":"closed","ping_status":"closed","template":"","meta":[],"product_cat":[41,39,40],"product_tag":[],"class_list":{"0":"post-10066","1":"product","2":"type-product","3":"status-publish","4":"has-post-thumbnail","6":"product_cat-malarstwo-dawne","7":"product_cat-dziela-sztuki","8":"product_cat-malarstwo","10":"entry","11":"has-media","13":"first","14":"instock","15":"taxable","16":"shipping-taxable","17":"purchasable","18":"product-type-simple","19":"has-product-nav","20":"col","21":"span_1_of_3","22":"owp-content-center","23":"owp-thumbs-layout-horizontal","24":"owp-btn-normal","25":"owp-tabs-layout-horizontal"},"aioseo_notices":[],"_links":{"self":[{"href":"https:\/\/antykilion.pl\/en\/wp-json\/wp\/v2\/product\/10066","targetHints":{"allow":["GET"]}}],"collection":[{"href":"https:\/\/antykilion.pl\/en\/wp-json\/wp\/v2\/product"}],"about":[{"href":"https:\/\/antykilion.pl\/en\/wp-json\/wp\/v2\/types\/product"}],"replies":[{"embeddable":true,"href":"https:\/\/antykilion.pl\/en\/wp-json\/wp\/v2\/comments?post=10066"}],"wp:featuredmedia":[{"embeddable":true,"href":"https:\/\/antykilion.pl\/en\/wp-json\/wp\/v2\/media\/10067"}],"wp:attachment":[{"href":"https:\/\/antykilion.pl\/en\/wp-json\/wp\/v2\/media?parent=10066"}],"wp:term":[{"taxonomy":"product_cat","embeddable":true,"href":"https:\/\/antykilion.pl\/en\/wp-json\/wp\/v2\/product_cat?post=10066"},{"taxonomy":"product_tag","embeddable":true,"href":"https:\/\/antykilion.pl\/en\/wp-json\/wp\/v2\/product_tag?post=10066"}],"curies":[{"name":"wp","href":"https:\/\/api.w.org\/{rel}","templated":true}]}}