{"id":10116,"date":"2025-10-27T11:06:21","date_gmt":"2025-10-27T10:06:21","guid":{"rendered":"https:\/\/antykilion.pl\/?post_type=product&#038;p=10116"},"modified":"2025-10-27T11:06:21","modified_gmt":"2025-10-27T10:06:21","slug":"kalamarz-secesyjny-zdobiony-geometrycznie-i-floralnie-okolo-1910-r","status":"publish","type":"product","link":"https:\/\/antykilion.pl\/en\/product\/kalamarz-secesyjny-zdobiony-geometrycznie-i-floralnie-okolo-1910-r\/","title":{"rendered":"Ka\u0142amarz secesyjny zdobiony geometrycznie i floralnie oko\u0142o 1910 r"},"content":{"rendered":"","protected":false},"excerpt":{"rendered":"<p>Ka\u0142amarz secesyjny zdobiony geometrycznie i floralnie oko\u0142o 1910 r<\/p>\n<p>Ka\u0142amarz na dwa wk\u0142ady, bogato zdobienia geometryczne i florane<\/p>\n<p>Very good condition<\/p>\n<p>Materia\u0142 Br\u0105z ? miedziowany ? ci\u0119\u017cki,\u00a0 z\u0142ocony, wk\u0142ady szklane<\/p>\n<p>Pochodzenie; Polska<\/p>\n<p>Sygnatura nie znaleziono<\/p>\n<p>Wymiary d\u0142ugo\u015b\u0107 23 cm, szer. 14 cm wys. oko\u0142o 9 cm<\/p>","protected":false},"featured_media":10117,"comment_status":"closed","ping_status":"closed","template":"","meta":[],"product_cat":[16,55],"product_tag":[],"class_list":{"0":"post-10116","1":"product","2":"type-product","3":"status-publish","4":"has-post-thumbnail","6":"product_cat-inne","7":"product_cat-varia","9":"entry","10":"has-media","12":"first","13":"instock","14":"taxable","15":"shipping-taxable","16":"purchasable","17":"product-type-simple","18":"has-product-nav","19":"col","20":"span_1_of_3","21":"owp-content-center","22":"owp-thumbs-layout-horizontal","23":"owp-btn-normal","24":"owp-tabs-layout-horizontal","25":"has-no-thumbnails"},"aioseo_notices":[],"_links":{"self":[{"href":"https:\/\/antykilion.pl\/en\/wp-json\/wp\/v2\/product\/10116","targetHints":{"allow":["GET"]}}],"collection":[{"href":"https:\/\/antykilion.pl\/en\/wp-json\/wp\/v2\/product"}],"about":[{"href":"https:\/\/antykilion.pl\/en\/wp-json\/wp\/v2\/types\/product"}],"replies":[{"embeddable":true,"href":"https:\/\/antykilion.pl\/en\/wp-json\/wp\/v2\/comments?post=10116"}],"wp:featuredmedia":[{"embeddable":true,"href":"https:\/\/antykilion.pl\/en\/wp-json\/wp\/v2\/media\/10117"}],"wp:attachment":[{"href":"https:\/\/antykilion.pl\/en\/wp-json\/wp\/v2\/media?parent=10116"}],"wp:term":[{"taxonomy":"product_cat","embeddable":true,"href":"https:\/\/antykilion.pl\/en\/wp-json\/wp\/v2\/product_cat?post=10116"},{"taxonomy":"product_tag","embeddable":true,"href":"https:\/\/antykilion.pl\/en\/wp-json\/wp\/v2\/product_tag?post=10116"}],"curies":[{"name":"wp","href":"https:\/\/api.w.org\/{rel}","templated":true}]}}