{"id":10158,"date":"2025-12-13T08:10:27","date_gmt":"2025-12-13T07:10:27","guid":{"rendered":"https:\/\/antykilion.pl\/?post_type=product&#038;p=10158"},"modified":"2025-12-13T08:10:28","modified_gmt":"2025-12-13T07:10:28","slug":"przedwiosnie-wyjazd-wozem-jan-konarski-1850-1918-duzy","status":"publish","type":"product","link":"https:\/\/antykilion.pl\/en\/product\/przedwiosnie-wyjazd-wozem-jan-konarski-1850-1918-duzy\/","title":{"rendered":"Przedwio\u015bnie- wyjazd wozem,  Jan KONARSKI (1850-1918) du\u017cy"},"content":{"rendered":"","protected":false},"excerpt":{"rendered":"<p>Przedwio\u015bnie- wyjazd wozem, \u00a0Jan KONARSKI (1850-1918) du\u017cy<\/p>\n<p>Malarz dzia\u0142aj\u0105cy w kr\u0119gu szko\u0142y monachijskiej, inspiruj\u0105cy si\u0119 tw\u00f3rczo\u015bci Alfreda Wierusza-Kowalskiego. Jego \u017cyciorys pozostaje do dzisiaj owiany tajemnic\u0105. Badacze wci\u0105\u017c spieraj\u0105 si\u0119 co do wielu kwestii zwi\u0105zanych z jego artystyczn\u0105 karier\u0105 i losami. Istnia\u0142y r\u00f3\u017cne hipotezy, wedle kt\u00f3rych uto\u017csamiano tego tw\u00f3rc\u0119 z samym Wieruszem-Kowalskim, a tak\u017ce z Franciszkiem Bujakiewiczem. Niemniej jednak, pomijaj\u0105c kwestie atrybucyjne, prace sygnowane tym inicja\u0142em i nazwiskiem charakteryzuj\u0105 si\u0119 du\u017c\u0105 bieg\u0142o\u015bci\u0105 warsztatow\u0105 i rozmachem. Rozp\u0119dzone zaprz\u0119gi, doro\u017cki i brawurowe sanny osadzone zazwyczaj w zimowej scenerii wykazuj\u0105 ewidentny zwi\u0105zek z XIX-wiecznym malarstwem kr\u0119gu Akademii Sztuk Pi\u0119knych w Monachium, a tak\u017ce z tamtejsz\u0105 polsk\u0105 koloni\u0105 artystyczn\u0105.<\/p>\n<p>Bardzo dekoracyjny<\/p>\n<p>Technika: olej p\u0142\u00f3tno, dubla\u017c<\/p>\n<p>Stan: bardzo dobry,<\/p>\n<p>Signature: lower right corner<\/p>\n<p>Wymiary: p\u0142\u00f3tno 26,5 cm na 36 cm, z ram\u0105 to oko\u0142o 46,5 cm\u00a0 na 56 cm<\/p>\n<p>Proweniencja:\u00a0 Bardzo dobra kolekcja prywatna w 1981 r zakupiona w renomowanym domu aukcyjnym w Szwajcarii<\/p>\n<p>Do ka\u017cdego przedmiotu Galeria wystawia certyfikat.<\/p>","protected":false},"featured_media":10159,"comment_status":"closed","ping_status":"closed","template":"","meta":[],"product_cat":[41,39,40],"product_tag":[],"class_list":{"0":"post-10158","1":"product","2":"type-product","3":"status-publish","4":"has-post-thumbnail","6":"product_cat-malarstwo-dawne","7":"product_cat-dziela-sztuki","8":"product_cat-malarstwo","10":"entry","11":"has-media","13":"first","14":"instock","15":"taxable","16":"shipping-taxable","17":"purchasable","18":"product-type-simple","19":"has-product-nav","20":"col","21":"span_1_of_3","22":"owp-content-center","23":"owp-thumbs-layout-horizontal","24":"owp-btn-normal","25":"owp-tabs-layout-horizontal"},"aioseo_notices":[],"_links":{"self":[{"href":"https:\/\/antykilion.pl\/en\/wp-json\/wp\/v2\/product\/10158","targetHints":{"allow":["GET"]}}],"collection":[{"href":"https:\/\/antykilion.pl\/en\/wp-json\/wp\/v2\/product"}],"about":[{"href":"https:\/\/antykilion.pl\/en\/wp-json\/wp\/v2\/types\/product"}],"replies":[{"embeddable":true,"href":"https:\/\/antykilion.pl\/en\/wp-json\/wp\/v2\/comments?post=10158"}],"wp:featuredmedia":[{"embeddable":true,"href":"https:\/\/antykilion.pl\/en\/wp-json\/wp\/v2\/media\/10159"}],"wp:attachment":[{"href":"https:\/\/antykilion.pl\/en\/wp-json\/wp\/v2\/media?parent=10158"}],"wp:term":[{"taxonomy":"product_cat","embeddable":true,"href":"https:\/\/antykilion.pl\/en\/wp-json\/wp\/v2\/product_cat?post=10158"},{"taxonomy":"product_tag","embeddable":true,"href":"https:\/\/antykilion.pl\/en\/wp-json\/wp\/v2\/product_tag?post=10158"}],"curies":[{"name":"wp","href":"https:\/\/api.w.org\/{rel}","templated":true}]}}