{"id":10199,"date":"2025-12-14T13:48:19","date_gmt":"2025-12-14T12:48:19","guid":{"rendered":"https:\/\/antykilion.pl\/?post_type=product&#038;p=10199"},"modified":"2025-12-14T13:48:20","modified_gmt":"2025-12-14T12:48:20","slug":"stolik-pomocniczy-neorokokowy-w-stylu-francois-linke-koniec-xix-w-obledny","status":"publish","type":"product","link":"https:\/\/antykilion.pl\/en\/product\/stolik-pomocniczy-neorokokowy-w-stylu-francois-linke-koniec-xix-w-obledny\/","title":{"rendered":"Stolik pomocniczy neorokokowy w stylu Francois Linke koniec XIX w ob\u0142edny"},"content":{"rendered":"","protected":false},"excerpt":{"rendered":"<p>Stolik pomocniczy neorokokowy w stylu Francois Linke koniec XIX w ob\u0142edny<\/p>\n<p>o prostok\u0105tno- falistym zarysie blatu, wsparty na czterech graniastych, kabriolowych nogach, fornirowany. Wok\u00f3\u0142 oskrzynienia i blatu okucia z br\u0105zu z\u0142oconego na naro\u017cach oskrzynienia okucia w formie g\u0142\u00f3w baranich, a po\u015brodku rozeta rokokowa, st\u00f3pki zako\u0144czone rozetkami rokokowymi. Blat na obrze\u017cu uj\u0119ty okuciem.<\/p>\n<p>Materia\u0142: r\u00f3\u017ca<\/p>\n<p>Stan:\u00a0 bardzo dobry po konserwacji zachowawczej w profesjonalnej pracowni konserwatorskiej<\/p>\n<p>Wymiary: wysoko\u015b\u0107 74 cm, d\u0142ugo\u015b\u0107 94 cm, szer. 58 cm<\/p>\n<p>Okazja !!!<\/p>","protected":false},"featured_media":10200,"comment_status":"closed","ping_status":"closed","template":"","meta":[],"product_cat":[17,33],"product_tag":[],"class_list":{"0":"post-10199","1":"product","2":"type-product","3":"status-publish","4":"has-post-thumbnail","6":"product_cat-meble","7":"product_cat-stoly-stoliki","9":"entry","10":"has-media","12":"first","13":"instock","14":"taxable","15":"shipping-taxable","16":"purchasable","17":"product-type-simple","18":"has-product-nav","19":"col","20":"span_1_of_3","21":"owp-content-center","22":"owp-thumbs-layout-horizontal","23":"owp-btn-normal","24":"owp-tabs-layout-horizontal"},"aioseo_notices":[],"_links":{"self":[{"href":"https:\/\/antykilion.pl\/en\/wp-json\/wp\/v2\/product\/10199","targetHints":{"allow":["GET"]}}],"collection":[{"href":"https:\/\/antykilion.pl\/en\/wp-json\/wp\/v2\/product"}],"about":[{"href":"https:\/\/antykilion.pl\/en\/wp-json\/wp\/v2\/types\/product"}],"replies":[{"embeddable":true,"href":"https:\/\/antykilion.pl\/en\/wp-json\/wp\/v2\/comments?post=10199"}],"wp:featuredmedia":[{"embeddable":true,"href":"https:\/\/antykilion.pl\/en\/wp-json\/wp\/v2\/media\/10200"}],"wp:attachment":[{"href":"https:\/\/antykilion.pl\/en\/wp-json\/wp\/v2\/media?parent=10199"}],"wp:term":[{"taxonomy":"product_cat","embeddable":true,"href":"https:\/\/antykilion.pl\/en\/wp-json\/wp\/v2\/product_cat?post=10199"},{"taxonomy":"product_tag","embeddable":true,"href":"https:\/\/antykilion.pl\/en\/wp-json\/wp\/v2\/product_tag?post=10199"}],"curies":[{"name":"wp","href":"https:\/\/api.w.org\/{rel}","templated":true}]}}